{"id":782523,"date":"2026-02-23T11:55:00","date_gmt":"2026-02-23T08:55:00","guid":{"rendered":"https:\/\/roveyayinevi.com.tr\/index.php\/urun\/dikkat-gelistirme-becerileri-cocuklar-icin-zihin-becerileri-aktivite-kitabi\/"},"modified":"2026-04-16T02:44:48","modified_gmt":"2026-04-15T23:44:48","slug":"dikkat-gelistirme-becerileri-cocuklar-icin-zihin-becerileri-aktivite-kitabi","status":"publish","type":"product","link":"https:\/\/roveyayinevi.com.tr\/index.php\/urun\/dikkat-gelistirme-becerileri-cocuklar-icin-zihin-becerileri-aktivite-kitabi\/","title":{"rendered":"Dikkat Geli\u015ftirme Becerileri &#8211; \u00c7ocuklar \u0130\u00e7in Zihin Becerileri Aktivite Kitab\u0131"},"content":{"rendered":"<p>Say\u0131n, Anne-Baba ve E\u011fitimciler,\u00d6\u011frenme, d\u00fcnyaya geli\u015f ile ba\u015flayan ve hayat boyu devam eden bir s\u00fcre\u00e7tir. Bebekler g\u00f6zlerini d\u00fcnyaya ilk a\u00e7t\u0131\u011f\u0131 andan itibaren devam eden bu \u00f6\u011frenme ser\u00fcveni; \u00e7ocuklar\u0131n duyular\u0131n\u0131 ve motor becerilerini kullanarak, d\u00fcnyay\u0131 g\u00f6zlemleyerek ve etraflar\u0131nda g\u00f6rd\u00fckleri ki\u015filerle \u00f6zde\u015fim kurarak yani rol model taklit yolu ile ger\u00e7ekle\u015fir. \u00c7ocuklar bili\u015fsel, g\u00f6rsel ve s\u00f6zel geli\u015fimleri i\u00e7in farkl\u0131 uyar\u0131c\u0131lara ihtiya\u00e7 duyarlar.Bu kitaplar\u0131 sizlere sunma amac\u0131m\u0131z; bu uyar\u0131c\u0131lardan biri olan kitaplar\u0131n 3 ya\u015f ve \u00fcst\u00fc \u00e7ocuklar\u0131n bili\u015fsel, g\u00f6rsel, s\u00f6zel geli\u015fimlerine katk\u0131da bulunmak, kavram geli\u015fimi, k\u00fc\u00e7\u00fck kaslar\u0131n motor geli\u015fimi, benzerlik ve farkl\u0131l\u0131k ay\u0131rt etme, par\u00e7a-b\u00fct\u00fcn ve neden-sonu\u00e7 ili\u015fkisi kurma ve s\u0131ralama gibi \u00f6\u011fretilerin kazand\u0131r\u0131lmas\u0131nda destekleyici olmas\u0131d\u0131r.<\/p>\n","protected":false},"excerpt":{"rendered":"<p>Say\u0131n, Anne-Baba ve E\u011fitimciler,\u00d6\u011frenme, d\u00fcnyaya geli\u015f ile ba\u015flayan ve hayat boyu devam eden bir s\u00fcre\u00e7tir. Bebekler g\u00f6zlerini d\u00fcnyaya ilk a\u00e7t\u0131\u011f\u0131 andan itibaren devam eden bu \u00f6\u011frenme<span class=\"excerpt-hellip\"> [\u2026]<\/span><\/p>\n","protected":false},"featured_media":0,"template":"","meta":{"_monsterinsights_skip_tracking":false,"_monsterinsights_sitenote_active":false,"_monsterinsights_sitenote_note":"","_monsterinsights_sitenote_category":0},"product_brand":[],"product_cat":[12274,24599],"product_tag":[],"class_list":{"0":"post-782523","1":"product","2":"type-product","3":"status-publish","5":"product_cat-cocuk-ve-genclik-kitaplari","6":"product_cat-zeka-gelisimi","7":"pa_cilt-ciltsiz","8":"pa_tur-kitap","9":"pa_yayinevi-marti-cocuk-yayinlari","10":"pa_yazar-marti-cocuk-yayinlari-kolektif","12":"first","13":"instock","14":"sale","15":"shipping-taxable","16":"purchasable","17":"product-type-simple"},"_links":{"self":[{"href":"https:\/\/roveyayinevi.com.tr\/index.php\/wp-json\/wp\/v2\/product\/782523","targetHints":{"allow":["GET"]}}],"collection":[{"href":"https:\/\/roveyayinevi.com.tr\/index.php\/wp-json\/wp\/v2\/product"}],"about":[{"href":"https:\/\/roveyayinevi.com.tr\/index.php\/wp-json\/wp\/v2\/types\/product"}],"wp:attachment":[{"href":"https:\/\/roveyayinevi.com.tr\/index.php\/wp-json\/wp\/v2\/media?parent=782523"}],"wp:term":[{"taxonomy":"product_brand","embeddable":true,"href":"https:\/\/roveyayinevi.com.tr\/index.php\/wp-json\/wp\/v2\/product_brand?post=782523"},{"taxonomy":"product_cat","embeddable":true,"href":"https:\/\/roveyayinevi.com.tr\/index.php\/wp-json\/wp\/v2\/product_cat?post=782523"},{"taxonomy":"product_tag","embeddable":true,"href":"https:\/\/roveyayinevi.com.tr\/index.php\/wp-json\/wp\/v2\/product_tag?post=782523"}],"curies":[{"name":"wp","href":"https:\/\/api.w.org\/{rel}","templated":true}]}}