{"id":782519,"date":"2026-02-23T11:54:42","date_gmt":"2026-02-23T08:54:42","guid":{"rendered":"https:\/\/roveyayinevi.com.tr\/index.php\/urun\/cizgiler-3-yas-okul-oncesi-ve-erken-okul-donemi-aktivite-kitabim\/"},"modified":"2026-04-16T02:44:48","modified_gmt":"2026-04-15T23:44:48","slug":"cizgiler-3-yas-okul-oncesi-ve-erken-okul-donemi-aktivite-kitabim","status":"publish","type":"product","link":"https:\/\/roveyayinevi.com.tr\/index.php\/urun\/cizgiler-3-yas-okul-oncesi-ve-erken-okul-donemi-aktivite-kitabim\/","title":{"rendered":"\u00c7izgiler 3+ Ya\u015f &#8211; Okul \u00d6ncesi ve Erken Okul D\u00f6nemi Aktivite Kitab\u0131m"},"content":{"rendered":"<p>\u00c7ocuklar\u0131m\u0131z okul \u00f6ncesi d\u00f6nemlerinde bizim i\u015fledi\u011fimiz, \u015fekillendirdi\u011fimiz hamurlard\u0131r. Bu nedenle erken \u00e7ocukluk d\u00f6neminde yapt\u0131\u011f\u0131m\u0131z \u00e7al\u0131\u015fmalar onlar\u0131n sosyal, duygusal ve bili\u015fsel becerilerinin temellerini olu\u015fturur. Bu d\u00f6nemde \u00f6nemli olan haz\u0131rl\u0131k \u00e7al\u0131\u015fmalar\u0131ndan biri de \u00c7\u0130ZG\u0130 \u00e7al\u0131\u015fmalar\u0131d\u0131r. Haz\u0131rlam\u0131\u015f oldu\u011fumuz \u00e7izgi \u00e7al\u0131\u015fmalar\u0131 ile \u00e7ocuklarda;- K\u00fc\u00e7\u00fck kas geli\u015fimi- Dikkat konsantrasyon- Planlama becerisi- El g\u00f6z koordinasyonugeli\u015fimleri hedeflenmi\u015ftir. \u00c7al\u0131\u015fmalar etkin bir \u015fekilde yap\u0131ld\u0131\u011f\u0131nda bili\u015fsel geli\u015fim s\u00fcrecinde \u00f6nemli bir destek sa\u011flanm\u0131\u015f olacakt\u0131r. Yap\u0131lan bilimsel ara\u015ft\u0131rmalarda da Erken \u00c7ocukluk D\u00f6neminde k\u00fc\u00e7\u00fck kas becerilerinin geli\u015fimine y\u00f6nelik yap\u0131lan \u00e7izgi \u00e7al\u0131\u015fmalar\u0131n\u0131n okula haz\u0131r bulunu\u015flukta yeterlilik d\u00fczeyinde \u00f6nemli oldu\u011funu g\u00f6stermi\u015ftir.\u00c7\u0130ZG\u0130LER kitab\u0131m\u0131zda t\u00fcm bu basamaklar\u0131 dikkate alarak \u00e7al\u0131\u015fmalar\u0131m\u0131z\u0131 s\u0131ras\u0131yla planlad\u0131k.\u00c7ocuklar\u0131m\u0131z\u0131n e\u011flenerek, yaparak ve ya\u015fayarak, \u00f6\u011frenmesi dile\u011fiyle\u2026<\/p>\n","protected":false},"excerpt":{"rendered":"<p>\u00c7ocuklar\u0131m\u0131z okul \u00f6ncesi d\u00f6nemlerinde bizim i\u015fledi\u011fimiz, \u015fekillendirdi\u011fimiz hamurlard\u0131r. Bu nedenle erken \u00e7ocukluk d\u00f6neminde yapt\u0131\u011f\u0131m\u0131z \u00e7al\u0131\u015fmalar onlar\u0131n sosyal, duygusal ve bili\u015fsel becerilerinin temellerini olu\u015fturur. Bu d\u00f6nemde \u00f6nemli<span class=\"excerpt-hellip\"> [\u2026]<\/span><\/p>\n","protected":false},"featured_media":0,"template":"","meta":{"_monsterinsights_skip_tracking":false,"_monsterinsights_sitenote_active":false,"_monsterinsights_sitenote_note":"","_monsterinsights_sitenote_category":0},"product_brand":[],"product_cat":[12274,12518],"product_tag":[],"class_list":{"0":"post-782519","1":"product","2":"type-product","3":"status-publish","5":"product_cat-cocuk-ve-genclik-kitaplari","6":"product_cat-okul-oncesi-kitaplar","7":"pa_cilt-ciltsiz","8":"pa_tur-kitap","9":"pa_yayinevi-marti-cocuk-yayinlari","10":"pa_yazar-marti-cocuk-yayinlari-kolektif","12":"first","13":"instock","14":"sale","15":"shipping-taxable","16":"purchasable","17":"product-type-simple"},"_links":{"self":[{"href":"https:\/\/roveyayinevi.com.tr\/index.php\/wp-json\/wp\/v2\/product\/782519","targetHints":{"allow":["GET"]}}],"collection":[{"href":"https:\/\/roveyayinevi.com.tr\/index.php\/wp-json\/wp\/v2\/product"}],"about":[{"href":"https:\/\/roveyayinevi.com.tr\/index.php\/wp-json\/wp\/v2\/types\/product"}],"wp:attachment":[{"href":"https:\/\/roveyayinevi.com.tr\/index.php\/wp-json\/wp\/v2\/media?parent=782519"}],"wp:term":[{"taxonomy":"product_brand","embeddable":true,"href":"https:\/\/roveyayinevi.com.tr\/index.php\/wp-json\/wp\/v2\/product_brand?post=782519"},{"taxonomy":"product_cat","embeddable":true,"href":"https:\/\/roveyayinevi.com.tr\/index.php\/wp-json\/wp\/v2\/product_cat?post=782519"},{"taxonomy":"product_tag","embeddable":true,"href":"https:\/\/roveyayinevi.com.tr\/index.php\/wp-json\/wp\/v2\/product_tag?post=782519"}],"curies":[{"name":"wp","href":"https:\/\/api.w.org\/{rel}","templated":true}]}}