{"id":782506,"date":"2026-02-23T11:53:48","date_gmt":"2026-02-23T08:53:48","guid":{"rendered":"https:\/\/roveyayinevi.com.tr\/index.php\/urun\/desenimi-bul-egitici-yapboz-3-yas\/"},"modified":"2026-03-03T03:05:57","modified_gmt":"2026-03-03T00:05:57","slug":"desenimi-bul-egitici-yapboz-3-yas","status":"publish","type":"product","link":"https:\/\/roveyayinevi.com.tr\/index.php\/urun\/desenimi-bul-egitici-yapboz-3-yas\/","title":{"rendered":"Desenimi Bul &#8211; E\u011fitici Yapboz (3+ Ya\u015f)"},"content":{"rendered":"<p>Siz de\u011ferli anne babalar ve e\u011fitimcilerin, \u00e7ocuk geli\u015fiminde kullanmas\u0131 i\u00e7in haz\u0131rlanm\u0131\u015f \u201cE\u011fitici Yapboz\u201d serisi \u201cDesenimi Bul\u201d kutu oyunu 48 par\u00e7adan olu\u015fmaktad\u0131r.\u00c7ocuklar\u0131n el-g\u00f6z koordinasyonu, dikkat geli\u015fimi, sosyal duygusal geli\u015fim ve motor geli\u015fimine katk\u0131 sa\u011flar.Nas\u0131l oynan\u0131r: \u201cDesenimi Bul\u201d yapboz kutu oyununda bulunan kartlar\u0131 \u00e7ocu\u011funuzun g\u00f6rece\u011fi \u015fekilde \u00f6n\u00fcne diziniz. Kartlarda bulunan resimleri \u00e7ocu\u011funuza y\u00fcksek sesle seslendiriniz.Resmin kar\u015f\u0131l\u0131\u011f\u0131 olan deseni \u00e7ocu\u011fa g\u00f6stererek tekrar seslendiriniz. Resim ve desenlerin tamam\u0131n\u0131 bu \u015fekilde seslendirdikten sonra kartlar\u0131 kar\u0131\u015ft\u0131rarak \u00e7ocu\u011funuzun e\u015fle\u015ftirmesini isteyiniz.\u201cDesenimi Bul\u201d kutu oyunu i\u00e7eri\u011fini farkl\u0131 \u00fcretken d\u00fc\u015f\u00fcnme becerileri etkinliklerinde de kullanabilirsiniz.\u0130yi g\u00fcnlerde kullanman\u0131z dile\u011fi ile\u2026<\/p>\n","protected":false},"excerpt":{"rendered":"<p>Siz de\u011ferli anne babalar ve e\u011fitimcilerin, \u00e7ocuk geli\u015fiminde kullanmas\u0131 i\u00e7in haz\u0131rlanm\u0131\u015f \u201cE\u011fitici Yapboz\u201d serisi \u201cDesenimi Bul\u201d kutu oyunu 48 par\u00e7adan olu\u015fmaktad\u0131r.\u00c7ocuklar\u0131n el-g\u00f6z koordinasyonu, dikkat geli\u015fimi, sosyal<span class=\"excerpt-hellip\"> [\u2026]<\/span><\/p>\n","protected":false},"featured_media":0,"template":"","meta":{"_monsterinsights_skip_tracking":false,"_monsterinsights_sitenote_active":false,"_monsterinsights_sitenote_note":"","_monsterinsights_sitenote_category":0},"product_brand":[],"product_cat":[12274,90558],"product_tag":[],"class_list":{"0":"post-782506","1":"product","2":"type-product","3":"status-publish","5":"product_cat-cocuk-ve-genclik-kitaplari","6":"product_cat-yapboz-kitaplari","7":"pa_cilt-ciltsiz","8":"pa_tur-oyun","9":"pa_yayinevi-marti-cocuk-yayinlari","10":"pa_yazar-marti-cocuk-yayinlari-kolektif","12":"first","13":"instock","14":"sale","15":"shipping-taxable","16":"purchasable","17":"product-type-simple"},"_links":{"self":[{"href":"https:\/\/roveyayinevi.com.tr\/index.php\/wp-json\/wp\/v2\/product\/782506","targetHints":{"allow":["GET"]}}],"collection":[{"href":"https:\/\/roveyayinevi.com.tr\/index.php\/wp-json\/wp\/v2\/product"}],"about":[{"href":"https:\/\/roveyayinevi.com.tr\/index.php\/wp-json\/wp\/v2\/types\/product"}],"wp:attachment":[{"href":"https:\/\/roveyayinevi.com.tr\/index.php\/wp-json\/wp\/v2\/media?parent=782506"}],"wp:term":[{"taxonomy":"product_brand","embeddable":true,"href":"https:\/\/roveyayinevi.com.tr\/index.php\/wp-json\/wp\/v2\/product_brand?post=782506"},{"taxonomy":"product_cat","embeddable":true,"href":"https:\/\/roveyayinevi.com.tr\/index.php\/wp-json\/wp\/v2\/product_cat?post=782506"},{"taxonomy":"product_tag","embeddable":true,"href":"https:\/\/roveyayinevi.com.tr\/index.php\/wp-json\/wp\/v2\/product_tag?post=782506"}],"curies":[{"name":"wp","href":"https:\/\/api.w.org\/{rel}","templated":true}]}}