{"id":782502,"date":"2026-02-23T11:52:21","date_gmt":"2026-02-23T08:52:21","guid":{"rendered":"https:\/\/roveyayinevi.com.tr\/index.php\/urun\/cilgin-sorfculer-1-denizden-gelen-sifre\/"},"modified":"2026-04-16T02:44:42","modified_gmt":"2026-04-15T23:44:42","slug":"cilgin-sorfculer-1-denizden-gelen-sifre","status":"publish","type":"product","link":"https:\/\/roveyayinevi.com.tr\/index.php\/urun\/cilgin-sorfculer-1-denizden-gelen-sifre\/","title":{"rendered":"\u00c7\u0131lg\u0131n S\u00f6rf\u00e7\u00fcler 1 &#8211; Denizden Gelen \u015eifre"},"content":{"rendered":"<p>Mira, Tan, Asu, Emma ve Tim\u2026 Bay Bilge ve Poyraz\u2026 Denizi ve r\u00fczg\u00e2r s\u00f6rf\u00fcn\u00fc ya\u015famlar\u0131n\u0131n bir par\u00e7as\u0131 h\u00e2line getirmi\u015f bir ekip. Bu macerac\u0131 ekibin hayat\u0131nda sadece spor yok. Beklenmedik bir \u015fekilde denizden gelen bir \u015fifreyi \u00e7\u00f6zmeye \u00e7al\u0131\u015ft\u0131klar\u0131nda, \u015fifrenin pe\u015findeki gizemli bir adam\u0131n onlar\u0131 s\u00fcrekli takip etti\u011fini fark ediyorlar. Ekibin haylaz k\u00f6pe\u011fi Poyraz, bu macerada onlar\u0131 koruyabilecek mi? Denizdeki m\u00fccadeleyi kim kazanacak? Peki ya yapt\u0131klar\u0131 ke\u015ffe ne demeli? \u00c7\u0131lg\u0131n S\u00f6rf\u00e7\u00fcler ile kalbiniz \u00e7ok h\u0131zl\u0131 atacak!<\/p>\n","protected":false},"excerpt":{"rendered":"<p>Mira, Tan, Asu, Emma ve Tim\u2026 Bay Bilge ve Poyraz\u2026 Denizi ve r\u00fczg\u00e2r s\u00f6rf\u00fcn\u00fc ya\u015famlar\u0131n\u0131n bir par\u00e7as\u0131 h\u00e2line getirmi\u015f bir ekip. Bu macerac\u0131 ekibin hayat\u0131nda sadece<span class=\"excerpt-hellip\"> [\u2026]<\/span><\/p>\n","protected":false},"featured_media":0,"template":"","meta":{"_monsterinsights_skip_tracking":false,"_monsterinsights_sitenote_active":false,"_monsterinsights_sitenote_note":"","_monsterinsights_sitenote_category":0},"product_brand":[],"product_cat":[12275,12274],"product_tag":[],"class_list":{"0":"post-782502","1":"product","2":"type-product","3":"status-publish","5":"product_cat-6-12-yas-kitaplari","6":"product_cat-cocuk-ve-genclik-kitaplari","7":"pa_cilt-ciltsiz","8":"pa_tur-kitap","9":"pa_yayinevi-artemis-yayinlari","10":"pa_yazar-defne-ongun-muminoglu","12":"first","13":"instock","14":"sale","15":"shipping-taxable","16":"purchasable","17":"product-type-simple"},"_links":{"self":[{"href":"https:\/\/roveyayinevi.com.tr\/index.php\/wp-json\/wp\/v2\/product\/782502","targetHints":{"allow":["GET"]}}],"collection":[{"href":"https:\/\/roveyayinevi.com.tr\/index.php\/wp-json\/wp\/v2\/product"}],"about":[{"href":"https:\/\/roveyayinevi.com.tr\/index.php\/wp-json\/wp\/v2\/types\/product"}],"wp:attachment":[{"href":"https:\/\/roveyayinevi.com.tr\/index.php\/wp-json\/wp\/v2\/media?parent=782502"}],"wp:term":[{"taxonomy":"product_brand","embeddable":true,"href":"https:\/\/roveyayinevi.com.tr\/index.php\/wp-json\/wp\/v2\/product_brand?post=782502"},{"taxonomy":"product_cat","embeddable":true,"href":"https:\/\/roveyayinevi.com.tr\/index.php\/wp-json\/wp\/v2\/product_cat?post=782502"},{"taxonomy":"product_tag","embeddable":true,"href":"https:\/\/roveyayinevi.com.tr\/index.php\/wp-json\/wp\/v2\/product_tag?post=782502"}],"curies":[{"name":"wp","href":"https:\/\/api.w.org\/{rel}","templated":true}]}}