{"id":782501,"date":"2026-02-23T11:52:07","date_gmt":"2026-02-23T08:52:07","guid":{"rendered":"https:\/\/roveyayinevi.com.tr\/index.php\/urun\/naz-ve-koskteki-vampir-2\/"},"modified":"2026-04-16T02:43:58","modified_gmt":"2026-04-15T23:43:58","slug":"naz-ve-koskteki-vampir-2","status":"publish","type":"product","link":"https:\/\/roveyayinevi.com.tr\/index.php\/urun\/naz-ve-koskteki-vampir-2\/","title":{"rendered":"Naz ve K\u00f6\u015fkteki Vampir"},"content":{"rendered":"<p>K\u00fc\u00e7\u00fck Naz\u2019\u0131n babaannesiyle ya\u015fad\u0131\u011f\u0131 k\u00f6\u015fkte birtak\u0131m tuhafl\u0131klar ba\u015f g\u00f6stermi\u015ftir. Fal bak\u0131l\u0131rken kahve fincanlar\u0131n\u0131n i\u00e7inden f\u0131rlay\u0131p k\u00f6\u015fke gelenler, G\u00fcl Perisi\u2019nin a\u015fk\u0131yla canlanan Romal\u0131 bir gladyat\u00f6r heykeli, plaktan \u00e7\u0131k\u0131p konser veren Elvis Presley ve geceleri k\u00f6\u015fkte dola\u015f\u0131p konuklar\u0131 \u0131s\u0131ran bir vampir! Peki Naz, bah\u00e7edeki her \u015feyi g\u00f6ren Dut A\u011fac\u0131\u2019n\u0131n ve H\u0131z\u0131r\u2019\u0131n yard\u0131mlar\u0131yla bu esrarengiz olaylar\u0131 \u00e7\u00f6zebilecek midir?   Salon bo\u015falm\u0131\u015ft\u0131. Pesent Han\u0131m kahve ve \u00e7ay fincanlar\u0131n\u0131, tabaklar\u0131, pe\u00e7eteleri topluyordu. Babaannem yerine ge\u00e7mi\u015f, koltu\u011funa oturmu\u015ftu. Hasan Bey, \u201cBen de kalkay\u0131m efendim,\u201d dedi. \u201cSiz geceyi nerede ge\u00e7ireceksiniz?\u201d diye sordu babaannem. \u201cBir yer bulurum art\u0131k kendime.\u201d \u201cTanr\u0131 misafirisiniz,\u201d dedi babaannem. \u201cRomanya\u2019dan geldiniz, kahve fincan\u0131ndan \u00e7\u0131kt\u0131n\u0131z. Bu gece sizi k\u00f6\u015fkte misafir edelim. Odam\u0131z var \u00fcst katta.\u201d <\/p>\n","protected":false},"excerpt":{"rendered":"<p>K\u00fc\u00e7\u00fck Naz\u2019\u0131n babaannesiyle ya\u015fad\u0131\u011f\u0131 k\u00f6\u015fkte birtak\u0131m tuhafl\u0131klar ba\u015f g\u00f6stermi\u015ftir. Fal bak\u0131l\u0131rken kahve fincanlar\u0131n\u0131n i\u00e7inden f\u0131rlay\u0131p k\u00f6\u015fke gelenler, G\u00fcl Perisi\u2019nin a\u015fk\u0131yla canlanan Romal\u0131 bir gladyat\u00f6r heykeli, plaktan<span class=\"excerpt-hellip\"> [\u2026]<\/span><\/p>\n","protected":false},"featured_media":0,"template":"","meta":{"_monsterinsights_skip_tracking":false,"_monsterinsights_sitenote_active":false,"_monsterinsights_sitenote_note":"","_monsterinsights_sitenote_category":0},"product_brand":[],"product_cat":[12275,12274],"product_tag":[],"class_list":{"0":"post-782501","1":"product","2":"type-product","3":"status-publish","5":"product_cat-6-12-yas-kitaplari","6":"product_cat-cocuk-ve-genclik-kitaplari","7":"pa_cilt-ciltsiz","8":"pa_tur-kitap","9":"pa_yayinevi-everest-yayinlari","10":"pa_yazar-nazli-eray","12":"first","13":"instock","14":"sale","15":"shipping-taxable","16":"purchasable","17":"product-type-simple"},"_links":{"self":[{"href":"https:\/\/roveyayinevi.com.tr\/index.php\/wp-json\/wp\/v2\/product\/782501","targetHints":{"allow":["GET"]}}],"collection":[{"href":"https:\/\/roveyayinevi.com.tr\/index.php\/wp-json\/wp\/v2\/product"}],"about":[{"href":"https:\/\/roveyayinevi.com.tr\/index.php\/wp-json\/wp\/v2\/types\/product"}],"wp:attachment":[{"href":"https:\/\/roveyayinevi.com.tr\/index.php\/wp-json\/wp\/v2\/media?parent=782501"}],"wp:term":[{"taxonomy":"product_brand","embeddable":true,"href":"https:\/\/roveyayinevi.com.tr\/index.php\/wp-json\/wp\/v2\/product_brand?post=782501"},{"taxonomy":"product_cat","embeddable":true,"href":"https:\/\/roveyayinevi.com.tr\/index.php\/wp-json\/wp\/v2\/product_cat?post=782501"},{"taxonomy":"product_tag","embeddable":true,"href":"https:\/\/roveyayinevi.com.tr\/index.php\/wp-json\/wp\/v2\/product_tag?post=782501"}],"curies":[{"name":"wp","href":"https:\/\/api.w.org\/{rel}","templated":true}]}}