{"id":782497,"date":"2026-02-23T11:50:23","date_gmt":"2026-02-23T08:50:23","guid":{"rendered":"https:\/\/roveyayinevi.com.tr\/index.php\/urun\/saman-kehanet-kartlari\/"},"modified":"2026-04-16T02:42:56","modified_gmt":"2026-04-15T23:42:56","slug":"saman-kehanet-kartlari","status":"publish","type":"product","link":"https:\/\/roveyayinevi.com.tr\/index.php\/urun\/saman-kehanet-kartlari\/","title":{"rendered":"\u015eaman Kehanet Kartlar\u0131"},"content":{"rendered":"<p>D\u00fcnyaca \u00fcnl\u00fc\u0308 mistik ve \u015famanlar Collette Baron-Reid, Marcela Lobos ve Alberto Villoldo, i\u00e7inde oldu\u011fumuz b\u00fcy\u00fck de\u011fi\u015fim \u00e7a\u011f\u0131nda, kutsal kehanetlerin herkesin kendisiyle ilgili de\u011ferli ve anlaml\u0131 bir kader olu\u015fturmas\u0131na yard\u0131mc\u0131 olmas\u0131 i\u00e7in bu desteyi tasarlad\u0131lar: \u015eaman Kehanet Kartlar\u0131. \u015eamanlar g\u00fcn\u00fcm\u00fczde h\u00e2l\u00e2 semboller arac\u0131l\u0131\u011f\u0131yla ruhlar \u00e2lemiyle ileti\u015fim kuruyor. Semboller d\u00fcnyas\u0131n\u0131n \u00f6z\u00fcnde \u201chi\u00e7bir \u015feyin g\u00f6r\u00fcnd\u00fc\u011f\u00fc\u0308 gibi olmad\u0131\u011f\u0131\u201d anlay\u0131\u015f\u0131 vard\u0131r. Her \u015feyin gizli bir boyutu ve iki taraf\u0131 vard\u0131r: \u00d6z ve madde. Siz de \u015eaman Kehanet Kartlar\u0131\u2019n\u0131 kullan\u0131rken s\u0131radan ger\u00e7eklikle, sembolleri b\u00fct\u00fcnle\u015ftirmeyi \u00f6\u011frenecek ve b\u00f6ylece ya\u015fam\u0131n\u0131z\u0131 d\u00f6n\u00fc\u015ft\u00fcrebileceksiniz.<\/p>\n","protected":false},"excerpt":{"rendered":"<p>D\u00fcnyaca \u00fcnl\u00fc\u0308 mistik ve \u015famanlar Collette Baron-Reid, Marcela Lobos ve Alberto Villoldo, i\u00e7inde oldu\u011fumuz b\u00fcy\u00fck de\u011fi\u015fim \u00e7a\u011f\u0131nda, kutsal kehanetlerin herkesin kendisiyle ilgili de\u011ferli ve anlaml\u0131 bir<span class=\"excerpt-hellip\"> [\u2026]<\/span><\/p>\n","protected":false},"featured_media":0,"template":"","meta":{"_monsterinsights_skip_tracking":false,"_monsterinsights_sitenote_active":false,"_monsterinsights_sitenote_note":"","_monsterinsights_sitenote_category":0},"product_brand":[],"product_cat":[18082,15563],"product_tag":[],"class_list":{"0":"post-782497","1":"product","2":"type-product","3":"status-publish","5":"product_cat-astroloji-fal-ruya","6":"product_cat-hobi","7":"pa_cilt-ciltsiz","8":"pa_tur-kitap","9":"pa_yayinevi-mona-kitap","10":"pa_yazar-mona-kitap-kolektif","12":"first","13":"instock","14":"sale","15":"shipping-taxable","16":"purchasable","17":"product-type-simple"},"_links":{"self":[{"href":"https:\/\/roveyayinevi.com.tr\/index.php\/wp-json\/wp\/v2\/product\/782497","targetHints":{"allow":["GET"]}}],"collection":[{"href":"https:\/\/roveyayinevi.com.tr\/index.php\/wp-json\/wp\/v2\/product"}],"about":[{"href":"https:\/\/roveyayinevi.com.tr\/index.php\/wp-json\/wp\/v2\/types\/product"}],"wp:attachment":[{"href":"https:\/\/roveyayinevi.com.tr\/index.php\/wp-json\/wp\/v2\/media?parent=782497"}],"wp:term":[{"taxonomy":"product_brand","embeddable":true,"href":"https:\/\/roveyayinevi.com.tr\/index.php\/wp-json\/wp\/v2\/product_brand?post=782497"},{"taxonomy":"product_cat","embeddable":true,"href":"https:\/\/roveyayinevi.com.tr\/index.php\/wp-json\/wp\/v2\/product_cat?post=782497"},{"taxonomy":"product_tag","embeddable":true,"href":"https:\/\/roveyayinevi.com.tr\/index.php\/wp-json\/wp\/v2\/product_tag?post=782497"}],"curies":[{"name":"wp","href":"https:\/\/api.w.org\/{rel}","templated":true}]}}