{"id":782492,"date":"2026-02-23T11:49:44","date_gmt":"2026-02-23T08:49:44","guid":{"rendered":"https:\/\/roveyayinevi.com.tr\/index.php\/urun\/insan-3-0-yeni-insan\/"},"modified":"2026-04-16T02:42:47","modified_gmt":"2026-04-15T23:42:47","slug":"insan-3-0-yeni-insan","status":"publish","type":"product","link":"https:\/\/roveyayinevi.com.tr\/index.php\/urun\/insan-3-0-yeni-insan\/","title":{"rendered":"\u0130nsan 3.0 Yeni \u0130nsan"},"content":{"rendered":"<p>\u0130nsan boyutundan \u0130nsan 3.0 Yeni \u0130nsan Arketip merhalesine ge\u00e7mek \u00fczere oldu\u011fumuz gelece\u011fe do\u011fru ko\u015far ad\u0131m ilerlerken f\u0131trat\u0131m\u0131z\u0131, bizi biz yapan her \u015feyi geride mi b\u0131rakaca\u011f\u0131z?Transh\u00fcman, siborg, klonoid, genomik, animoid ve humanoid gibi \u00e7al\u0131\u015fmalar, evrensel hayat\u0131 tehdit ettiklerinin ve hatta yok edeceklerinin fark\u0131nda olmadan ya da olarak, \u00f6l\u00fcms\u00fczl\u00fck \u015fehveti gayesi ile normal biyolojik yap\u0131n\u0131n \u00f6tesine ge\u00e7me gayretleri i\u00e7inde.H\u00fccre programlama, Gen Matemati\u011fi, Beyin Matemati\u011fi, organ marketleri, raflarda anne s\u00fctleri, kiral\u0131k rahimler ve \u00e7ok daha fazlas\u0131n\u0131n bizi bekledi\u011fi bir gelecek\u2026 Ve bu gelecekte \u0130nsan 3.0 Yeni \u0130nsan Arketip\u2026\u0130nsan 3.0\u2019a Haz\u0131r M\u0131s\u0131n?<\/p>\n","protected":false},"excerpt":{"rendered":"<p>\u0130nsan boyutundan \u0130nsan 3.0 Yeni \u0130nsan Arketip merhalesine ge\u00e7mek \u00fczere oldu\u011fumuz gelece\u011fe do\u011fru ko\u015far ad\u0131m ilerlerken f\u0131trat\u0131m\u0131z\u0131, bizi biz yapan her \u015feyi geride mi b\u0131rakaca\u011f\u0131z?Transh\u00fcman, siborg,<span class=\"excerpt-hellip\"> [\u2026]<\/span><\/p>\n","protected":false},"featured_media":0,"template":"","meta":{"_monsterinsights_skip_tracking":false,"_monsterinsights_sitenote_active":false,"_monsterinsights_sitenote_note":"","_monsterinsights_sitenote_category":0},"product_brand":[],"product_cat":[13005,37328],"product_tag":[],"class_list":{"0":"post-782492","1":"product","2":"type-product","3":"status-publish","5":"product_cat-bilim-muhendislik","6":"product_cat-diger-bilim-muhendislik","7":"pa_cilt-ciltsiz","8":"pa_tur-kitap","9":"pa_yayinevi-girdap-yayinlari","10":"pa_yazar-ismail-hakki-aydin","12":"first","13":"instock","14":"sale","15":"shipping-taxable","16":"purchasable","17":"product-type-simple"},"_links":{"self":[{"href":"https:\/\/roveyayinevi.com.tr\/index.php\/wp-json\/wp\/v2\/product\/782492","targetHints":{"allow":["GET"]}}],"collection":[{"href":"https:\/\/roveyayinevi.com.tr\/index.php\/wp-json\/wp\/v2\/product"}],"about":[{"href":"https:\/\/roveyayinevi.com.tr\/index.php\/wp-json\/wp\/v2\/types\/product"}],"wp:attachment":[{"href":"https:\/\/roveyayinevi.com.tr\/index.php\/wp-json\/wp\/v2\/media?parent=782492"}],"wp:term":[{"taxonomy":"product_brand","embeddable":true,"href":"https:\/\/roveyayinevi.com.tr\/index.php\/wp-json\/wp\/v2\/product_brand?post=782492"},{"taxonomy":"product_cat","embeddable":true,"href":"https:\/\/roveyayinevi.com.tr\/index.php\/wp-json\/wp\/v2\/product_cat?post=782492"},{"taxonomy":"product_tag","embeddable":true,"href":"https:\/\/roveyayinevi.com.tr\/index.php\/wp-json\/wp\/v2\/product_tag?post=782492"}],"curies":[{"name":"wp","href":"https:\/\/api.w.org\/{rel}","templated":true}]}}