{"id":782491,"date":"2026-02-23T11:49:38","date_gmt":"2026-02-23T08:49:38","guid":{"rendered":"https:\/\/roveyayinevi.com.tr\/index.php\/urun\/zatonya-2-yer-cekimi-ciltli\/"},"modified":"2026-02-28T03:02:28","modified_gmt":"2026-02-28T00:02:28","slug":"zatonya-2-yer-cekimi-ciltli","status":"publish","type":"product","link":"https:\/\/roveyayinevi.com.tr\/index.php\/urun\/zatonya-2-yer-cekimi-ciltli\/","title":{"rendered":"Zatonya 2- Yer \u00c7ekimi (Ciltli)"},"content":{"rendered":"<p>LG\u0130N\u00c7 MUC\u0130T SIRRI USTA\u2019NIN MACERALARINI KONU ALAN ZATONYA\u2019NINRENKL\u0130 D\u00dcNYASINA E\u011eLENCEL\u0130 B\u0130R YOLCULUK&#8230;Ta\u015f Devri&#8217;ne, hen\u00fcz hi\u00e7bir \u015feyin bulunmad\u0131\u011f\u0131 bir d\u00f6neme ho\u015f geldiniz.  Yer \u00e7ekimi, futbol ve hatta do\u011fum g\u00fcn\u00fc&#8230; \u0130cat edilen ve ke\u015ffedilen her \u015fey \u00e7ok de\u011ferli. Ke\u015fiflerle ve icatlarla dolu bir d\u00fcnyan\u0131n kap\u0131s\u0131 Zatonya&#8217;da aralan\u0131yor. Ancak her bulu\u015fun bildi\u011fimizden farkl\u0131 ve e\u011flenceli bir \u00f6yk\u00fcs\u00fc var. Fikirsiz Fikri ve S\u0131rr\u0131 Usta yine k\u0131yas\u0131ya bir icat yar\u0131\u015f\u0131nda. Bir yandan da Zatonya&#8217;da i\u015fler iyice ray\u0131ndan \u00e7\u0131k\u0131yor. \u0130nsanlar havada s\u00fcz\u00fclmeye ba\u015fl\u0131yor. Kimse neden yere ayak basam\u0131yor dersiniz? \u0130\u015fte S\u0131rr\u0131 ve Fikri de bu bilmecenin pe\u015fine d\u00fc\u015f\u00fcp yeni bir ke\u015fif yapmal\u0131lar. Cevab\u0131 bulabilecekler mi, bakal\u0131m.<\/p>\n","protected":false},"excerpt":{"rendered":"<p>LG\u0130N\u00c7 MUC\u0130T SIRRI USTA\u2019NIN MACERALARINI KONU ALAN ZATONYA\u2019NINRENKL\u0130 D\u00dcNYASINA E\u011eLENCEL\u0130 B\u0130R YOLCULUK&#8230;Ta\u015f Devri&#8217;ne, hen\u00fcz hi\u00e7bir \u015feyin bulunmad\u0131\u011f\u0131 bir d\u00f6neme ho\u015f geldiniz. Yer \u00e7ekimi, futbol ve hatta<span class=\"excerpt-hellip\"> [\u2026]<\/span><\/p>\n","protected":false},"featured_media":0,"template":"","meta":{"_monsterinsights_skip_tracking":false,"_monsterinsights_sitenote_active":false,"_monsterinsights_sitenote_note":"","_monsterinsights_sitenote_category":0},"product_brand":[],"product_cat":[12275,12274],"product_tag":[],"class_list":{"0":"post-782491","1":"product","2":"type-product","3":"status-publish","5":"product_cat-6-12-yas-kitaplari","6":"product_cat-cocuk-ve-genclik-kitaplari","7":"pa_cilt-ciltli","8":"pa_tur-kitap","9":"pa_yayinevi-epsilon-yayinlari","10":"pa_yazar-mustafa-huseyin-ozturk","12":"first","13":"instock","14":"sale","15":"shipping-taxable","16":"purchasable","17":"product-type-simple"},"_links":{"self":[{"href":"https:\/\/roveyayinevi.com.tr\/index.php\/wp-json\/wp\/v2\/product\/782491","targetHints":{"allow":["GET"]}}],"collection":[{"href":"https:\/\/roveyayinevi.com.tr\/index.php\/wp-json\/wp\/v2\/product"}],"about":[{"href":"https:\/\/roveyayinevi.com.tr\/index.php\/wp-json\/wp\/v2\/types\/product"}],"wp:attachment":[{"href":"https:\/\/roveyayinevi.com.tr\/index.php\/wp-json\/wp\/v2\/media?parent=782491"}],"wp:term":[{"taxonomy":"product_brand","embeddable":true,"href":"https:\/\/roveyayinevi.com.tr\/index.php\/wp-json\/wp\/v2\/product_brand?post=782491"},{"taxonomy":"product_cat","embeddable":true,"href":"https:\/\/roveyayinevi.com.tr\/index.php\/wp-json\/wp\/v2\/product_cat?post=782491"},{"taxonomy":"product_tag","embeddable":true,"href":"https:\/\/roveyayinevi.com.tr\/index.php\/wp-json\/wp\/v2\/product_tag?post=782491"}],"curies":[{"name":"wp","href":"https:\/\/api.w.org\/{rel}","templated":true}]}}