{"id":782488,"date":"2026-02-23T11:49:24","date_gmt":"2026-02-23T08:49:24","guid":{"rendered":"https:\/\/roveyayinevi.com.tr\/index.php\/urun\/resim-heykel-muzesi\/"},"modified":"2026-04-16T02:42:09","modified_gmt":"2026-04-15T23:42:09","slug":"resim-heykel-muzesi","status":"publish","type":"product","link":"https:\/\/roveyayinevi.com.tr\/index.php\/urun\/resim-heykel-muzesi\/","title":{"rendered":"Resim Heykel M\u00fczesi"},"content":{"rendered":"<p>Resim ve Heykel M\u00fczesi, T\u00fcrkiye\u2019nin ilk ve tek modern sanat m\u00fczesi olarak 1937 y\u0131l\u0131nda kuruldu. G\u00fczel Sanatlar Akademisi\u2019ne ba\u011fl\u0131 olarak Dolmabah\u00e7e Saray\u0131 Veliaht Dairesi\u2019nde bulunan m\u00fcze, Halil Edhem\u2019in tasar\u0131m\u0131n\u0131n v\u00fccuda gelmi\u015f haliydi. Kurum, k\u0131sa s\u00fcrede ilk ivmesini kaybetti, kimi zaman yeniden canland\u0131, kimi zaman g\u00f6r\u00fcnmez oldu. Ama hi\u00e7bir zaman ortadan kaybolmad\u0131. 1990\u2019lara kadar Cumhuriyet d\u00f6nemi sanat\u0131n\u0131n en \u00f6nemli te\u015fhir ve temsil alan\u0131 oldu. Bu kitap, kuruldu\u011fu g\u00fcnden itibaren, varl\u0131kla yokluk aras\u0131nda gidip gelen Resim ve Heykel M\u00fczesi\u2019nin varolu\u015f m\u00fccadelesini anlatmaktad\u0131r. Bu m\u00fczeyi ya\u015fatabilme yolunda bir \u00e7abad\u0131r. Bu konudaki giri\u015fimler i\u00e7in bir k\u0131lavuzdur.<\/p>\n","protected":false},"excerpt":{"rendered":"<p>Resim ve Heykel M\u00fczesi, T\u00fcrkiye\u2019nin ilk ve tek modern sanat m\u00fczesi olarak 1937 y\u0131l\u0131nda kuruldu. G\u00fczel Sanatlar Akademisi\u2019ne ba\u011fl\u0131 olarak Dolmabah\u00e7e Saray\u0131 Veliaht Dairesi\u2019nde bulunan m\u00fcze,<span class=\"excerpt-hellip\"> [\u2026]<\/span><\/p>\n","protected":false},"featured_media":0,"template":"","meta":{"_monsterinsights_skip_tracking":false,"_monsterinsights_sitenote_active":false,"_monsterinsights_sitenote_note":"","_monsterinsights_sitenote_category":0},"product_brand":[],"product_cat":[44608,12408],"product_tag":[],"class_list":{"0":"post-782488","1":"product","2":"type-product","3":"status-publish","5":"product_cat-diger-sanat","6":"product_cat-sanat","7":"pa_cilt-ciltsiz","8":"pa_tur-kitap","9":"pa_yayinevi-iletisim-yayinlari","10":"pa_yazar-ayse-h-koksal","12":"first","13":"instock","14":"sale","15":"shipping-taxable","16":"purchasable","17":"product-type-simple"},"_links":{"self":[{"href":"https:\/\/roveyayinevi.com.tr\/index.php\/wp-json\/wp\/v2\/product\/782488","targetHints":{"allow":["GET"]}}],"collection":[{"href":"https:\/\/roveyayinevi.com.tr\/index.php\/wp-json\/wp\/v2\/product"}],"about":[{"href":"https:\/\/roveyayinevi.com.tr\/index.php\/wp-json\/wp\/v2\/types\/product"}],"wp:attachment":[{"href":"https:\/\/roveyayinevi.com.tr\/index.php\/wp-json\/wp\/v2\/media?parent=782488"}],"wp:term":[{"taxonomy":"product_brand","embeddable":true,"href":"https:\/\/roveyayinevi.com.tr\/index.php\/wp-json\/wp\/v2\/product_brand?post=782488"},{"taxonomy":"product_cat","embeddable":true,"href":"https:\/\/roveyayinevi.com.tr\/index.php\/wp-json\/wp\/v2\/product_cat?post=782488"},{"taxonomy":"product_tag","embeddable":true,"href":"https:\/\/roveyayinevi.com.tr\/index.php\/wp-json\/wp\/v2\/product_tag?post=782488"}],"curies":[{"name":"wp","href":"https:\/\/api.w.org\/{rel}","templated":true}]}}