{"id":782483,"date":"2026-02-23T11:48:41","date_gmt":"2026-02-23T08:48:41","guid":{"rendered":"https:\/\/roveyayinevi.com.tr\/index.php\/urun\/kiyamet-park-bir-kamu-davasi-3\/"},"modified":"2026-03-06T03:03:37","modified_gmt":"2026-03-06T00:03:37","slug":"kiyamet-park-bir-kamu-davasi-3","status":"publish","type":"product","link":"https:\/\/roveyayinevi.com.tr\/index.php\/urun\/kiyamet-park-bir-kamu-davasi-3\/","title":{"rendered":"K\u0131yamet Park &#8211; Bir Kamu Davas\u0131 3"},"content":{"rendered":"<p>\u201cYak\u0131nda d\u00fcnya daha iyi bir yer haline gelecek \u00e7\u00fcnk\u00fc ben daha iyi biri olaca\u011f\u0131m; ama \u00f6nce halletmem gereken i\u015fler var.\u201d   Mozart 5 ya\u015f\u0131nda beste yap\u0131yordu, Alper Kamu cinayet \u00e7\u00f6z\u00fcyor!   L\u00fcks bir otelde gedikli bir gazeteci vah\u015fice \u00f6ld\u00fcr\u00fcl\u00fcr. B\u00f6ylece d\u00fcnyan\u0131n en k\u00fc\u00e7\u00fck dedektifinin hayat\u0131na renk gelir. Zanl\u0131lar aras\u0131nda mekik dokurken, 8 ya\u015f\u0131nda tecr\u00fcbeli bir rakibi vard\u0131r bu defa: Altan\u2026 \u015feytana pabucunu ters giydiren yeni nesil bir \u015feytan. Kahraman\u0131m\u0131z katili Altan\u2019dan \u00f6nce bulabilecek midir? Yoksa davay\u0131, bahsi ve hayal\u00ee arkada\u015flar\u0131n\u0131 kaybedecek midir?   K\u0131yamet Park, sahici deh\u015fet ile sahte \u015f\u00f6leni biraraya getiriyor. Her sayfas\u0131nda katilin g\u00f6lgesini g\u00f6recek, maktul\u00fcn parf\u00fcm\u00fcn\u00fc duyacaks\u0131n\u0131z. \u015e\u00f6hreti \u00fclke s\u0131n\u0131rlar\u0131n\u0131 a\u015fan Alper Kamu&#8217;ya bir kez daha hayran kalacaks\u0131n\u0131z.   T\u0131k\u0131r t\u0131k\u0131r i\u015fleyen kurgusu, hi\u00e7 dinmeyen temposuyla K\u0131yamet Park bir kahkaha deposu.   T\u00fcrk edebiyat\u0131n\u0131n m\u00fcstesna m\u00fcellifi Alper Can\u0131g\u00fcz\u2019den ak\u0131llara seza  bir polisiye \u015faheseri daha!   Descartes ile Kans\u0131z Celal, Bat\u0131 ile Do\u011funun bu iki b\u00fcy\u00fck filozofu, d\u00fc\u015f\u00fcnsel sistemlerinin merkezine yerle\u015ftirdikleri \u015f\u00fcphe unsurunu farkl\u0131 bi\u00e7imlerde ele al\u0131p \u00e7\u00f6z\u00fcml\u00fcyor ve neticede ikisi de ayn\u0131 sonuca var\u0131yordu: Tanr\u0131 vard\u0131r, var olmal\u0131d\u0131r. Frenk gururla \u00fcnl\u00fcyordu: D\u00fc\u015f\u00fcn\u00fcyorum \u00f6yleyse var\u0131m. T\u00fcrk \u00e7ocu\u011fu, m\u00fcdanas\u0131z, el y\u00fckseltiyordu: Sen varsan, ben de var\u0131m! <\/p>\n","protected":false},"excerpt":{"rendered":"<p>\u201cYak\u0131nda d\u00fcnya daha iyi bir yer haline gelecek \u00e7\u00fcnk\u00fc ben daha iyi biri olaca\u011f\u0131m; ama \u00f6nce halletmem gereken i\u015fler var.\u201d Mozart 5 ya\u015f\u0131nda beste yap\u0131yordu, Alper<span class=\"excerpt-hellip\"> [\u2026]<\/span><\/p>\n","protected":false},"featured_media":0,"template":"","meta":{"_monsterinsights_skip_tracking":false,"_monsterinsights_sitenote_active":false,"_monsterinsights_sitenote_note":"","_monsterinsights_sitenote_category":0},"product_brand":[],"product_cat":[12291,12711],"product_tag":[],"class_list":{"0":"post-782483","1":"product","2":"type-product","3":"status-publish","5":"product_cat-edebiyat","6":"product_cat-roman-oyku","7":"pa_cilt-ciltsiz","8":"pa_tur-kitap","9":"pa_yayinevi-alfa-yayinlari","10":"pa_yazar-alper-caniguz","12":"first","13":"instock","14":"sale","15":"shipping-taxable","16":"purchasable","17":"product-type-simple"},"_links":{"self":[{"href":"https:\/\/roveyayinevi.com.tr\/index.php\/wp-json\/wp\/v2\/product\/782483","targetHints":{"allow":["GET"]}}],"collection":[{"href":"https:\/\/roveyayinevi.com.tr\/index.php\/wp-json\/wp\/v2\/product"}],"about":[{"href":"https:\/\/roveyayinevi.com.tr\/index.php\/wp-json\/wp\/v2\/types\/product"}],"wp:attachment":[{"href":"https:\/\/roveyayinevi.com.tr\/index.php\/wp-json\/wp\/v2\/media?parent=782483"}],"wp:term":[{"taxonomy":"product_brand","embeddable":true,"href":"https:\/\/roveyayinevi.com.tr\/index.php\/wp-json\/wp\/v2\/product_brand?post=782483"},{"taxonomy":"product_cat","embeddable":true,"href":"https:\/\/roveyayinevi.com.tr\/index.php\/wp-json\/wp\/v2\/product_cat?post=782483"},{"taxonomy":"product_tag","embeddable":true,"href":"https:\/\/roveyayinevi.com.tr\/index.php\/wp-json\/wp\/v2\/product_tag?post=782483"}],"curies":[{"name":"wp","href":"https:\/\/api.w.org\/{rel}","templated":true}]}}