{"id":782482,"date":"2026-02-23T11:48:34","date_gmt":"2026-02-23T08:48:34","guid":{"rendered":"https:\/\/roveyayinevi.com.tr\/index.php\/urun\/git-kendini-cok-sevdirmeden\/"},"modified":"2026-03-06T03:03:36","modified_gmt":"2026-03-06T00:03:36","slug":"git-kendini-cok-sevdirmeden","status":"publish","type":"product","link":"https:\/\/roveyayinevi.com.tr\/index.php\/urun\/git-kendini-cok-sevdirmeden\/","title":{"rendered":"Git Kendini \u00c7ok Sevdirmeden"},"content":{"rendered":"<p>Tuna Kiremit\u00e7i\u2019nin ilk roman\u0131 Git Kendini \u00c7ok Sevdirmeden, k\u0131r\u0131k bir b\u00fcy\u00fcme hik\u00e2yesi\u2026 Ge\u00e7mi\u015f zamanla bug\u00fcn aras\u0131nda kalan Arda, bir yandan kaybetti\u011fi evlad\u0131n\u0131n ac\u0131s\u0131yla di\u011fer taraftan ilk a\u015fk\u0131n\u0131n yeniden ortaya \u00e7\u0131k\u0131\u015f\u0131yla y\u00fczle\u015fiyor.   Konu\u015fmadan birbirini anlayanlara, nerede ba\u015flay\u0131p nerede bitti\u011fi belli olmayan ergenli\u011fe, sevmeye, gitmeye, ac\u0131lara ve her \u015feye ra\u011fmen hayat\u0131n g\u00fczelli\u011fine dair bir roman\u2026 <\/p>\n","protected":false},"excerpt":{"rendered":"<p>Tuna Kiremit\u00e7i\u2019nin ilk roman\u0131 Git Kendini \u00c7ok Sevdirmeden, k\u0131r\u0131k bir b\u00fcy\u00fcme hik\u00e2yesi\u2026 Ge\u00e7mi\u015f zamanla bug\u00fcn aras\u0131nda kalan Arda, bir yandan kaybetti\u011fi evlad\u0131n\u0131n ac\u0131s\u0131yla di\u011fer taraftan ilk<span class=\"excerpt-hellip\"> [\u2026]<\/span><\/p>\n","protected":false},"featured_media":0,"template":"","meta":{"_monsterinsights_skip_tracking":false,"_monsterinsights_sitenote_active":false,"_monsterinsights_sitenote_note":"","_monsterinsights_sitenote_category":0},"product_brand":[],"product_cat":[12291,12711],"product_tag":[],"class_list":{"0":"post-782482","1":"product","2":"type-product","3":"status-publish","5":"product_cat-edebiyat","6":"product_cat-roman-oyku","7":"pa_cilt-ciltsiz","8":"pa_tur-kitap","9":"pa_yayinevi-mona-kitap","10":"pa_yazar-tuna-kiremitci","12":"first","13":"instock","14":"sale","15":"shipping-taxable","16":"purchasable","17":"product-type-simple"},"_links":{"self":[{"href":"https:\/\/roveyayinevi.com.tr\/index.php\/wp-json\/wp\/v2\/product\/782482","targetHints":{"allow":["GET"]}}],"collection":[{"href":"https:\/\/roveyayinevi.com.tr\/index.php\/wp-json\/wp\/v2\/product"}],"about":[{"href":"https:\/\/roveyayinevi.com.tr\/index.php\/wp-json\/wp\/v2\/types\/product"}],"wp:attachment":[{"href":"https:\/\/roveyayinevi.com.tr\/index.php\/wp-json\/wp\/v2\/media?parent=782482"}],"wp:term":[{"taxonomy":"product_brand","embeddable":true,"href":"https:\/\/roveyayinevi.com.tr\/index.php\/wp-json\/wp\/v2\/product_brand?post=782482"},{"taxonomy":"product_cat","embeddable":true,"href":"https:\/\/roveyayinevi.com.tr\/index.php\/wp-json\/wp\/v2\/product_cat?post=782482"},{"taxonomy":"product_tag","embeddable":true,"href":"https:\/\/roveyayinevi.com.tr\/index.php\/wp-json\/wp\/v2\/product_tag?post=782482"}],"curies":[{"name":"wp","href":"https:\/\/api.w.org\/{rel}","templated":true}]}}