{"id":782480,"date":"2026-02-23T11:48:19","date_gmt":"2026-02-23T08:48:19","guid":{"rendered":"https:\/\/roveyayinevi.com.tr\/index.php\/urun\/5-boyut\/"},"modified":"2026-04-16T02:41:38","modified_gmt":"2026-04-15T23:41:38","slug":"5-boyut","status":"publish","type":"product","link":"https:\/\/roveyayinevi.com.tr\/index.php\/urun\/5-boyut\/","title":{"rendered":"5. Boyut"},"content":{"rendered":"<p>\u0130nsan g\u00fcn\u00fcm\u00fcz d\u00fcnyas\u0131nda varl\u0131\u011f\u0131n\u0131n \u00e7ok k\u00fc\u00e7\u00fck bir b\u00f6l\u00fcm\u00fcn\u00fcn fark\u0131nda. \u0130nsan\u0131n yery\u00fcz\u00fcnde kurdu\u011fu ekonomik sistem, ihtiraslar\u0131na kavu\u015fmak i\u00e7in birbiriyle ve do\u011fayla giri\u015fti\u011fi m\u00fccadele ortada. Oysa \u2018\u0130nsan Varl\u0131k\u2019 2012\u2019nin sonu itibariyle ba\u015flayan \u2018Ge\u00e7i\u015f\u2019 s\u00fcrecinin 5. diliminde. Gezegende her ge\u00e7en g\u00fcn etkisini artt\u0131ran \u2018karanl\u0131k\u2019; sava\u015flara, karga\u015faya, ter\u00f6rizme, do\u011fal afetlere, sosyal krizlere, kaosa, bitmeyen strese ve b\u00fct\u00fcn \u0130nsanl\u0131\u011f\u0131n beraberce tan\u0131k oldu\u011fu birbirinden ac\u0131 tablolara yol a\u00e7\u0131yor. Tabi ki bunlar\u0131n hepsi \u0130nsan Varl\u0131k\u2019\u0131n \u2018\u00d6z\u2019\u00fcne y\u00fckseli\u015f s\u00fcrecinin bir par\u00e7as\u0131&#8230;Peki, bu s\u0131k\u0131\u015f\u0131k ve karanl\u0131k s\u00fcre\u00e7te \u0130nsan Varl\u0131k\u2019a d\u00fc\u015fen ne?\u0130nsan Varl\u0131k bu ac\u0131l\u0131 ve kaotik ortamdan nas\u0131l \u00e7\u0131kacak?Karanl\u0131kta yolunu nas\u0131l bulacak?Bu karanl\u0131ktan sonra O\u2019nu neler bekliyor? \u0130nsan Varl\u0131k I\u015f\u0131\u011f\u0131na sahip \u00e7\u0131k\u0131p, \u2018Kendi\u2019siyle nas\u0131l bulu\u015facak? \u2018Ge\u00e7i\u015f\u2019 esnas\u0131nda \u2018Perispri\u2019ye odakland\u0131ktan sonra 5. Boyut\u2019a nas\u0131l y\u00fckselecek?.. \u0130nsan Varl\u0131\u011f\u0131n \u00f6n\u00fcm\u00fczdeki y\u00fckseli\u015f s\u00fcrecini anlatan bu kitap, tam bir \u2018Ge\u00e7i\u015f\u2019 rehberi olarak 5. Boyut Kanall\u0131\u011f\u0131yla al\u0131nm\u0131\u015f ve yaz\u0131ya d\u00f6k\u00fclm\u00fc\u015ft\u00fcr. 5.Boyut\u2019un \u0130nsan Varl\u0131k\u2019a sunumudur\u2026Gel \u0130nsan\u2026 \u00c7al Kap\u0131y\u0131 ve Gir \u0130\u00e7eri\u2026\u2014Ali Erdin\u00e7 BA\u015eARAN<\/p>\n","protected":false},"excerpt":{"rendered":"<p>\u0130nsan g\u00fcn\u00fcm\u00fcz d\u00fcnyas\u0131nda varl\u0131\u011f\u0131n\u0131n \u00e7ok k\u00fc\u00e7\u00fck bir b\u00f6l\u00fcm\u00fcn\u00fcn fark\u0131nda. \u0130nsan\u0131n yery\u00fcz\u00fcnde kurdu\u011fu ekonomik sistem, ihtiraslar\u0131na kavu\u015fmak i\u00e7in birbiriyle ve do\u011fayla giri\u015fti\u011fi m\u00fccadele ortada. Oysa \u2018\u0130nsan Varl\u0131k\u2019<span class=\"excerpt-hellip\"> [\u2026]<\/span><\/p>\n","protected":false},"featured_media":0,"template":"","meta":{"_monsterinsights_skip_tracking":false,"_monsterinsights_sitenote_active":false,"_monsterinsights_sitenote_note":"","_monsterinsights_sitenote_category":0},"product_brand":[],"product_cat":[12364,12376],"product_tag":[],"class_list":{"0":"post-782480","1":"product","2":"type-product","3":"status-publish","5":"product_cat-genel-konular","6":"product_cat-kisisel-gelisim","7":"pa_cilt-ciltsiz","8":"pa_tur-kitap","9":"pa_yayinevi-sarmal-kitabevi","10":"pa_yazar-ali-erdinc-basaran","12":"first","13":"instock","14":"sale","15":"shipping-taxable","16":"purchasable","17":"product-type-simple"},"_links":{"self":[{"href":"https:\/\/roveyayinevi.com.tr\/index.php\/wp-json\/wp\/v2\/product\/782480","targetHints":{"allow":["GET"]}}],"collection":[{"href":"https:\/\/roveyayinevi.com.tr\/index.php\/wp-json\/wp\/v2\/product"}],"about":[{"href":"https:\/\/roveyayinevi.com.tr\/index.php\/wp-json\/wp\/v2\/types\/product"}],"wp:attachment":[{"href":"https:\/\/roveyayinevi.com.tr\/index.php\/wp-json\/wp\/v2\/media?parent=782480"}],"wp:term":[{"taxonomy":"product_brand","embeddable":true,"href":"https:\/\/roveyayinevi.com.tr\/index.php\/wp-json\/wp\/v2\/product_brand?post=782480"},{"taxonomy":"product_cat","embeddable":true,"href":"https:\/\/roveyayinevi.com.tr\/index.php\/wp-json\/wp\/v2\/product_cat?post=782480"},{"taxonomy":"product_tag","embeddable":true,"href":"https:\/\/roveyayinevi.com.tr\/index.php\/wp-json\/wp\/v2\/product_tag?post=782480"}],"curies":[{"name":"wp","href":"https:\/\/api.w.org\/{rel}","templated":true}]}}