{"id":782479,"date":"2026-02-23T11:48:08","date_gmt":"2026-02-23T08:48:08","guid":{"rendered":"https:\/\/roveyayinevi.com.tr\/index.php\/urun\/yeni-nesil-icin-liderlik\/"},"modified":"2026-04-16T02:41:34","modified_gmt":"2026-04-15T23:41:34","slug":"yeni-nesil-icin-liderlik","status":"publish","type":"product","link":"https:\/\/roveyayinevi.com.tr\/index.php\/urun\/yeni-nesil-icin-liderlik\/","title":{"rendered":"Yeni Nesil \u0130\u00e7in Liderlik"},"content":{"rendered":"<p>Geleneksel y\u00f6netim tarz\u0131n\u0131n bask\u0131n oldu\u011fu \u00fclkemizde, liderlik t\u00fcr\u00fc \u201cg\u00fc\u00e7 k\u00fclt\u00fcr\u00fc\u201d kodlar\u0131yla \u00f6r\u00fcl\u00fc ama g\u00fcn\u00fcm\u00fcz ko\u015fullar\u0131nda \u00f6zellikle yeni neslin taleplerine cevap veremiyor. Yeteneklerin kuruma \u00e7ekilmesi, yarat\u0131c\u0131l\u0131klar\u0131n\u0131n tetiklenmesi ve \u00e7evik kurum yap\u0131lar\u0131nda inovasyonun artmas\u0131 gibi \u00e7a\u011f\u0131m\u0131z\u0131n ba\u015far\u0131 hedefleri, g\u00fc\u00e7lendirme k\u00fclt\u00fcr\u00fcne kap\u0131 aral\u0131yor. Ko\u00e7 \u00dcniversitesi \u00f6\u011fretim \u00fcyesi Prof. Dr. Zeynep Aycan, Yeni Nesil \u0130\u00e7in Liderlik\u2019te g\u00fc\u00e7 k\u00fclt\u00fcr\u00fcnden g\u00fc\u00e7lendirme k\u00fclt\u00fcr\u00fcne d\u00f6n\u00fc\u015f\u00fcm\u00fc ger\u00e7ekle\u015ftirmek i\u00e7in her kurumda uygulanabilecek bir model sunuyor. Bu d\u00f6n\u00fc\u015f\u00fcmle bireyler, otoriteden ve ba\u015far\u0131s\u0131zl\u0131ktan korkmaks\u0131z\u0131n, \u201canlam\u201d\u0131n\u0131 bildikleri ve buna inand\u0131klar\u0131 i\u015fleri, kendilerini psikolojik olarak g\u00fcvende hissettikleri, keyifli ortamlarda yaparak liderlik sorumlulu\u011funu payla\u015fma f\u0131rsat\u0131n\u0131 elde edecekler. <\/p>\n","protected":false},"excerpt":{"rendered":"<p>Geleneksel y\u00f6netim tarz\u0131n\u0131n bask\u0131n oldu\u011fu \u00fclkemizde, liderlik t\u00fcr\u00fc \u201cg\u00fc\u00e7 k\u00fclt\u00fcr\u00fc\u201d kodlar\u0131yla \u00f6r\u00fcl\u00fc ama g\u00fcn\u00fcm\u00fcz ko\u015fullar\u0131nda \u00f6zellikle yeni neslin taleplerine cevap veremiyor. Yeteneklerin kuruma \u00e7ekilmesi, yarat\u0131c\u0131l\u0131klar\u0131n\u0131n tetiklenmesi<span class=\"excerpt-hellip\"> [\u2026]<\/span><\/p>\n","protected":false},"featured_media":0,"template":"","meta":{"_monsterinsights_skip_tracking":false,"_monsterinsights_sitenote_active":false,"_monsterinsights_sitenote_note":"","_monsterinsights_sitenote_category":0},"product_brand":[],"product_cat":[12364,12376],"product_tag":[],"class_list":{"0":"post-782479","1":"product","2":"type-product","3":"status-publish","5":"product_cat-genel-konular","6":"product_cat-kisisel-gelisim","7":"pa_cilt-ciltsiz","8":"pa_tur-kitap","9":"pa_yayinevi-ceo-plus","10":"pa_yazar-mehmet-eskin","11":"pa_yazar-searp-yavuz","12":"pa_yazar-zeynep-aycan","14":"first","15":"instock","16":"sale","17":"shipping-taxable","18":"purchasable","19":"product-type-simple"},"_links":{"self":[{"href":"https:\/\/roveyayinevi.com.tr\/index.php\/wp-json\/wp\/v2\/product\/782479","targetHints":{"allow":["GET"]}}],"collection":[{"href":"https:\/\/roveyayinevi.com.tr\/index.php\/wp-json\/wp\/v2\/product"}],"about":[{"href":"https:\/\/roveyayinevi.com.tr\/index.php\/wp-json\/wp\/v2\/types\/product"}],"wp:attachment":[{"href":"https:\/\/roveyayinevi.com.tr\/index.php\/wp-json\/wp\/v2\/media?parent=782479"}],"wp:term":[{"taxonomy":"product_brand","embeddable":true,"href":"https:\/\/roveyayinevi.com.tr\/index.php\/wp-json\/wp\/v2\/product_brand?post=782479"},{"taxonomy":"product_cat","embeddable":true,"href":"https:\/\/roveyayinevi.com.tr\/index.php\/wp-json\/wp\/v2\/product_cat?post=782479"},{"taxonomy":"product_tag","embeddable":true,"href":"https:\/\/roveyayinevi.com.tr\/index.php\/wp-json\/wp\/v2\/product_tag?post=782479"}],"curies":[{"name":"wp","href":"https:\/\/api.w.org\/{rel}","templated":true}]}}