{"id":782478,"date":"2026-02-23T11:48:05","date_gmt":"2026-02-23T08:48:05","guid":{"rendered":"https:\/\/roveyayinevi.com.tr\/index.php\/urun\/istanbul-acik-sehir\/"},"modified":"2026-04-16T02:41:33","modified_gmt":"2026-04-15T23:41:33","slug":"istanbul-acik-sehir","status":"publish","type":"product","link":"https:\/\/roveyayinevi.com.tr\/index.php\/urun\/istanbul-acik-sehir\/","title":{"rendered":"\u0130stanbul A\u00e7\u0131k \u015eehir"},"content":{"rendered":"<p>Kent teorisi modernli\u011fi al\u0131\u015f\u0131lagelmi\u015f \u015fekliyle \u015fehre, belirli \u00f6znellik bi\u00e7imlerinin tarihsel olarak ortaya \u00e7\u0131k\u0131\u015f\u0131na ve k\u00fclt\u00fcr, sanat ve mimarideki \u00f6nemli geli\u015fmelerin y\u00fckseli\u015fine ba\u011flar. Bu da genellikle on dokuzuncu y\u00fczy\u0131lda ve yirminci y\u00fczy\u0131l\u0131n ba\u015flar\u0131nda Avrupa ve Amerika\u2019n\u0131n belli ba\u015fl\u0131 metropollerindeki teknolojik, ekonomik ve toplumsal d\u00f6n\u00fc\u015f\u00fcmlerin sonucu olarak de\u011ferlendirilir. Buna kar\u015f\u0131l\u0131k, modern d\u00f6nemde Bat\u0131l\u0131 olmayan \u015fehirlere genellikle Bat\u0131l\u0131la\u015fma ve geli\u015fme merce\u011finden bak\u0131l\u0131r. Bu \u201cdi\u011fer\u201d \u015fehirlerdeki kentsel modernli\u011fi nas\u0131l anlamal\u0131y\u0131z?   \u0130stanbul A\u00e7\u0131k \u015eehir, \u0130stanbullular\u0131n \u015fehirlerini tart\u0131\u015f\u0131rken, hayal ederken, in\u015fa ederken ve t\u00fcketirken kendilerini nas\u0131l tan\u0131mlad\u0131klar\u0131n\u0131 inceleyerek k\u00fclt\u00fcrel yarat\u0131c\u0131l\u0131\u011f\u0131 vurgulamay\u0131 ama\u00e7l\u0131yor. Yaz\u0131l\u0131 bas\u0131na ve foto\u011fraflara, filmlere, mimari miras sergilerine ve tema parklar\u0131 na odaklanan kitap ortak temsil pratikleri arac\u0131l\u0131\u011f\u0131yla bu pop\u00fcler tasvirler aras\u0131ndaki ba\u011flant\u0131lar\u0131 ara\u015ft\u0131r\u0131yor. T\u00fcreli kentsel modernli\u011fe farkl\u0131 bir bak\u0131\u015f a\u00e7\u0131s\u0131 \u00f6neren kitab\u0131 hakk\u0131nda \u015funu s\u00f6yl\u00fcyor:   \u201c\u015eehrin ge\u00e7mi\u015finin \u00e7a\u011fr\u0131\u015ft\u0131r\u0131lmas\u0131 yoluyla gelece\u011finin tan\u0131mlanmas\u0131 ve tart\u0131\u015f\u0131lmas\u0131 hakk\u0131ndad\u0131r bu kitap: Ge\u00e7mi\u015fe ait hayal ve imgeler de, gelece\u011fe dair tahayy\u00fcller de, esasen bug\u00fcne ait yorumlard\u0131r, bug\u00fcn\u00fcn endi\u015felerine istinaden \u00fcretilirler ve bug\u00fcn\u00fc anlamak i\u00e7in kullan\u0131labilirler. Bu varsay\u0131mdan hareketle, bu \u00e7al\u0131\u015fma \u2018\u0130stanbul\u2019un hangi ge\u00e7mi\u015f(ler)i nas\u0131l dola\u015f\u0131ma giriyor ve  yorumlan\u0131yor?\u2019 sorusunu kentin g\u00f6rsel temsilleri \u00fczerinden incelemeyi ama\u00e7l\u0131yor.\u201d   Istanbul A\u00e7\u0131k \u015eehir, kent ara\u015ft\u0131rmac\u0131lar\u0131n\u0131n ve tarih\u00e7ilerinin, k\u00fclt\u00fcr ara\u015ft\u0131rmac\u0131lar\u0131n\u0131n, sanat tarih\u00e7ileri ve antropologlar\u0131n yan\u0131 s\u0131ra planlamac\u0131lar\u0131n, mimarlar\u0131n ve sanat\u00e7\u0131lar\u0131n ilgisini \u00e7ekecek \u00f6zelliklere sahip.   YAZAR HAKKINDA: McGill \u00dcniversitesi Peter Guo-hua Fu Mimarl\u0131k Okulu\u2019nda do\u00e7enttir. 2016\u2019da mek\u00e2nsal adalet ve mimarl\u0131k \u00fczerine olan \u00e7al\u0131\u015fmalar\u0131ndan dolay\u0131 Kanada Ara\u015ft\u0131rma K\u00fcrs\u00fcs\u00fcne se\u00e7ilmi\u015ftir. Yak\u0131n zamandaki ara\u015ft\u0131rma alanlar\u0131 aras\u0131nda d\u00fc\u015f\u00fck gelirli konutlar ve kat\u0131l\u0131mc\u0131 tasar\u0131m, sivil protesto ve kentsel tasar\u0131m tarihi yer almaktad\u0131r. Kamp\u00fcs tarihi \u00fczerindeki \u00e7al\u0131\u015fmalar\u0131 Kanada Sosyal ve Be\u015feri Bilimler Ara\u015ft\u0131rma Konseyi (SSHRC), Toplum ve K\u00fclt\u00fcr Alan\u0131nda Quebec Ara\u015ft\u0131rma Fonu (FRQSC) ve Kanada \u0130novasyon Kurumu\u2019ndan destek ald\u0131. Kentin foto\u011fraf, film, sergi ve m\u00fczelerde g\u00f6rselle\u015ftirilmesi \u00fczerine \u00e7ok say\u0131da yay\u0131n\u0131 bulunmaktad\u0131r. \u0130stanbul \u00fczerine yapt\u0131\u011f\u0131 ara\u015ft\u0131rmalar, Graham Vakf\u0131 da dahil olmak \u00fczere \u00e7e\u015fitli burs ve fonlarla \u00f6d\u00fcllendirildi. Yay\u0131nlar\u0131 aras\u0131nda ortak edit\u00f6rl\u00fc\u011f\u00fcn\u00fc yapt\u0131\u011f\u0131 \u0130stanbul Nereye? (Metis, 2011) kitab\u0131 bulunmaktad\u0131r. <\/p>\n","protected":false},"excerpt":{"rendered":"<p>Kent teorisi modernli\u011fi al\u0131\u015f\u0131lagelmi\u015f \u015fekliyle \u015fehre, belirli \u00f6znellik bi\u00e7imlerinin tarihsel olarak ortaya \u00e7\u0131k\u0131\u015f\u0131na ve k\u00fclt\u00fcr, sanat ve mimarideki \u00f6nemli geli\u015fmelerin y\u00fckseli\u015fine ba\u011flar. Bu da genellikle on<span class=\"excerpt-hellip\"> [\u2026]<\/span><\/p>\n","protected":false},"featured_media":0,"template":"","meta":{"_monsterinsights_skip_tracking":false,"_monsterinsights_sitenote_active":false,"_monsterinsights_sitenote_note":"","_monsterinsights_sitenote_category":0},"product_brand":[],"product_cat":[13512,12408],"product_tag":[],"class_list":{"0":"post-782478","1":"product","2":"type-product","3":"status-publish","5":"product_cat-mimarlik","6":"product_cat-sanat","7":"pa_cilt-ciltsiz","8":"pa_tur-kitap","9":"pa_yayinevi-metis-yayinlari","10":"pa_yazar-ipek-tureli","12":"first","13":"instock","14":"sale","15":"shipping-taxable","16":"purchasable","17":"product-type-simple"},"_links":{"self":[{"href":"https:\/\/roveyayinevi.com.tr\/index.php\/wp-json\/wp\/v2\/product\/782478","targetHints":{"allow":["GET"]}}],"collection":[{"href":"https:\/\/roveyayinevi.com.tr\/index.php\/wp-json\/wp\/v2\/product"}],"about":[{"href":"https:\/\/roveyayinevi.com.tr\/index.php\/wp-json\/wp\/v2\/types\/product"}],"wp:attachment":[{"href":"https:\/\/roveyayinevi.com.tr\/index.php\/wp-json\/wp\/v2\/media?parent=782478"}],"wp:term":[{"taxonomy":"product_brand","embeddable":true,"href":"https:\/\/roveyayinevi.com.tr\/index.php\/wp-json\/wp\/v2\/product_brand?post=782478"},{"taxonomy":"product_cat","embeddable":true,"href":"https:\/\/roveyayinevi.com.tr\/index.php\/wp-json\/wp\/v2\/product_cat?post=782478"},{"taxonomy":"product_tag","embeddable":true,"href":"https:\/\/roveyayinevi.com.tr\/index.php\/wp-json\/wp\/v2\/product_tag?post=782478"}],"curies":[{"name":"wp","href":"https:\/\/api.w.org\/{rel}","templated":true}]}}