{"id":782475,"date":"2026-02-23T11:47:31","date_gmt":"2026-02-23T08:47:31","guid":{"rendered":"https:\/\/roveyayinevi.com.tr\/index.php\/urun\/ilk-boyamalarim-renkler\/"},"modified":"2026-04-12T02:48:01","modified_gmt":"2026-04-11T23:48:01","slug":"ilk-boyamalarim-renkler","status":"publish","type":"product","link":"https:\/\/roveyayinevi.com.tr\/index.php\/urun\/ilk-boyamalarim-renkler\/","title":{"rendered":"\u0130lk Boyamalar\u0131m &#8211; Renkler"},"content":{"rendered":"<p>Ta\u015f\u0131rmadan boyamak i\u00e7in \u0131\u015f\u0131lt\u0131l\u0131 kabartmayla \u00e7izilmi\u015f 11 adet renk temal\u0131 desen.1 ya\u015f \u00fczeri \u00e7ocuklar i\u00e7in haz\u0131rlanm\u0131\u015f birbirinden e\u011flenceli, her biri farkl\u0131 bir temay\u0131 i\u015fleyen 7 adet renkli boyama kitab\u0131. \u00c7ocuklara \u00f6zel basit \u00e7izimleriyle de\u011fi\u015fik boyama modelleri bulunan kitaplar, k\u00fc\u00e7\u00fck boyutlar\u0131 sayesinde her yere kolayca ta\u015f\u0131nabilir ve \u00e7ocuklar\u0131n\u0131z istedi\u011fi her yerde boyama yapabilir. Kitaplarda ayr\u0131ca, boyarken ta\u015f\u0131rmay\u0131 \u00f6nlemek amac\u0131yla her \u00e7izimin ana hatlar\u0131 simli kabartma vernik ile belirgin hale getirilmi\u015ftir.\u00c7ocuklar ilk boyamalar\u0131n\u0131 yaparken hem e\u011flenecek hem de farkl\u0131 temalarla verilen nesneleri tan\u0131yacaklar.\u0130lk Boyamalar\u0131m setinde yer alan temalar:\u00c7iftlikDo\u011fum G\u00fcn\u00fcEvHayvanlarRenklerMeyvelerK\u0131\u015f<\/p>\n","protected":false},"excerpt":{"rendered":"<p>Ta\u015f\u0131rmadan boyamak i\u00e7in \u0131\u015f\u0131lt\u0131l\u0131 kabartmayla \u00e7izilmi\u015f 11 adet renk temal\u0131 desen.1 ya\u015f \u00fczeri \u00e7ocuklar i\u00e7in haz\u0131rlanm\u0131\u015f birbirinden e\u011flenceli, her biri farkl\u0131 bir temay\u0131 i\u015fleyen 7 adet<span class=\"excerpt-hellip\"> [\u2026]<\/span><\/p>\n","protected":false},"featured_media":0,"template":"","meta":{"_monsterinsights_skip_tracking":false,"_monsterinsights_sitenote_active":false,"_monsterinsights_sitenote_note":"","_monsterinsights_sitenote_category":0},"product_brand":[],"product_cat":[12644,12274],"product_tag":[],"class_list":{"0":"post-782475","1":"product","2":"type-product","3":"status-publish","5":"product_cat-boyama-kitaplari","6":"product_cat-cocuk-ve-genclik-kitaplari","7":"pa_cilt-ciltsiz","8":"pa_tur-kitap","9":"pa_yayinevi-odtu-gelistirme-vakfi-yayincilik","10":"pa_yazar-odtu-gelistirme-vakfi-yayincilik-kolektif","12":"first","13":"instock","14":"sale","15":"shipping-taxable","16":"purchasable","17":"product-type-simple"},"_links":{"self":[{"href":"https:\/\/roveyayinevi.com.tr\/index.php\/wp-json\/wp\/v2\/product\/782475","targetHints":{"allow":["GET"]}}],"collection":[{"href":"https:\/\/roveyayinevi.com.tr\/index.php\/wp-json\/wp\/v2\/product"}],"about":[{"href":"https:\/\/roveyayinevi.com.tr\/index.php\/wp-json\/wp\/v2\/types\/product"}],"wp:attachment":[{"href":"https:\/\/roveyayinevi.com.tr\/index.php\/wp-json\/wp\/v2\/media?parent=782475"}],"wp:term":[{"taxonomy":"product_brand","embeddable":true,"href":"https:\/\/roveyayinevi.com.tr\/index.php\/wp-json\/wp\/v2\/product_brand?post=782475"},{"taxonomy":"product_cat","embeddable":true,"href":"https:\/\/roveyayinevi.com.tr\/index.php\/wp-json\/wp\/v2\/product_cat?post=782475"},{"taxonomy":"product_tag","embeddable":true,"href":"https:\/\/roveyayinevi.com.tr\/index.php\/wp-json\/wp\/v2\/product_tag?post=782475"}],"curies":[{"name":"wp","href":"https:\/\/api.w.org\/{rel}","templated":true}]}}