{"id":782472,"date":"2026-02-23T11:47:21","date_gmt":"2026-02-23T08:47:21","guid":{"rendered":"https:\/\/roveyayinevi.com.tr\/index.php\/urun\/potansiyeli-cogaltan-liderlik-etkili-liderler-insanlarin-potansiyelini-nasil-atesler\/"},"modified":"2026-03-06T03:02:18","modified_gmt":"2026-03-06T00:02:18","slug":"potansiyeli-cogaltan-liderlik-etkili-liderler-insanlarin-potansiyelini-nasil-atesler","status":"publish","type":"product","link":"https:\/\/roveyayinevi.com.tr\/index.php\/urun\/potansiyeli-cogaltan-liderlik-etkili-liderler-insanlarin-potansiyelini-nasil-atesler\/","title":{"rendered":"Potansiyeli \u00c7o\u011faltan Liderlik: Etkili Liderler \u0130nsanlar\u0131n Potansiyelini Nas\u0131l Ate\u015fler?"},"content":{"rendered":"<p>EK\u0130B\u0130N\u0130Z\u0130N DAHA \u0130Y\u0130 SONU\u00c7LAR ALMASINI ENGELLEYEN NED\u0130R?   Hepimizin \u00e7arp\u0131c\u0131 bi\u00e7imde farkl\u0131 iki t\u00fcr liderle deneyimimiz olmu\u015ftur. \u0130lki, etraf\u0131ndaki insanlar\u0131n zek\u00e2, enerji ve yeteneklerini s\u0131n\u0131rlayarak her zaman odadaki en zeki ki\u015fi olma ihtiyac\u0131 duyar. Bunlar fikir \u00f6ld\u00fcr\u00fcc\u00fcler, enerji t\u00fcketenler, yetenek ve i\u015fe ba\u011fl\u0131l\u0131\u011f\u0131 azaltanlard\u0131r. Di\u011feri ise kendi zek\u00e2lar\u0131n\u0131 \u00e7evrelerindeki insanlar\u0131 g\u00fc\u00e7lendirmek i\u00e7in kullanan liderlerdir. Bunlar, beklentileri a\u015fan sonu\u00e7lar elde etmek i\u00e7in \u00e7al\u0131\u015fanlara ilham verenlerdir. Bunlar, \u00c7o\u011faltan Liderlerdir.   Potansiyeli \u00c7o\u011faltan Liderlik kitab\u0131nda, liderlik uzman\u0131 Liz Wiseman, \u00c7o\u011faltan Liderlerin kurulu\u015flar \u00fczerindeki, daha az kaynakla daha fazlas\u0131n\u0131 \u00fcretmek, yetenekleri geli\u015ftirmek ve kendine \u00e7ekmek, de\u011fi\u015fim ve yenili\u011fi y\u00f6nlendirmek gibi olumlu ve k\u00e2rl\u0131 etkilerini ikna edici bir \u015fekilde g\u00f6zler \u00f6n\u00fcne sererek bu iki liderlik tarz\u0131n\u0131 inceliyor.   150&#8217;den fazla liderin verilerini analiz eden Wiseman, \u00c7o\u011faltan Liderleri, Engelleyen Liderlerden ay\u0131ran be\u015f disiplin tan\u0131ml\u0131yor. Bu be\u015f disiplin do\u011fu\u015ftan gelen yetene\u011fe dayal\u0131 de\u011fildir; bunlar herkesin, hatta inat\u00e7\u0131 Engelleyen Liderlerin bile kullanmay\u0131 \u00f6\u011frenebilece\u011fi beceriler ve uygulamalard\u0131r. Kitapta yer alan ger\u00e7ek vaka \u00e7al\u0131\u015fmalar\u0131, pratik ipu\u00e7lar\u0131 ve teknikler, bu disiplinlerin her birini hayata ge\u00e7irerek, size nas\u0131l \u00c7o\u011faltan Lider olunaca\u011f\u0131n\u0131 anlat\u0131yor.   Bu geni\u015fletilmi\u015f ve g\u00fcncellenmi\u015f yeni edisyonda \u00c7o\u011faltan Liderlik anlay\u0131\u015f\u0131na dair yeni \u00f6rnekler ile Yanl\u0131\u015fl\u0131kla Engelleyen Liderlik ve Engelleyen Liderlerle ba\u015fa \u00e7\u0131kmak \u00fczerine iki de yeni b\u00f6l\u00fcm yer al\u0131yor.   Etraf\u0131n\u0131zdaki t\u00fcm enerjiyi ve zek\u00e2y\u0131 kullan\u0131rsan\u0131z neler ba\u015farabilece\u011finizi hayal edin. Elinizde tuttu\u011funuz bu pratik rehber, size bunu nas\u0131l yapaca\u011f\u0131n\u0131z\u0131 g\u00f6sterecek.   \u201cHepimiz, \u00e7evrelerindeki herkesin i\u00e7indeki en k\u00f6t\u00fcy\u00fc de\u011fil, en iyiyi ortaya \u00e7\u0131karan \u00c7o\u011faltan Liderleri tan\u0131yoruz. Onlar bir \u015firketin en b\u00fcy\u00fck kayna\u011f\u0131d\u0131r. Nas\u0131l \u00c7o\u011faltan olunaca\u011f\u0131n\u0131 \u00f6\u011frenmek veya ba\u015fkalar\u0131n\u0131 ger\u00e7ek \u00c7o\u011faltanlara d\u00f6n\u00fc\u015ft\u00fcrmek istiyorsan\u0131z, okumaya devam edin.\u201d \u2013Kerry Patterson, Crucial Conversations\u2019\u0131n yazar\u0131   \u201cD\u00fcnyan\u0131n d\u00f6rt bir yan\u0131ndaki y\u00f6neticiler karma\u015f\u0131k bir ekonomik ortamla bo\u011fu\u015furken, Potansiyeli \u00c7o\u011faltan Liderlik, kurulu\u015flar\u0131ndaki insanlar\u0131n tam de\u011ferini ortaya \u00e7\u0131karmak i\u00e7in zengin bir yol haritas\u0131 sunuyor. Bu kitap, bir i\u015fletmeyi y\u00f6neten herkes i\u00e7in harika bir yat\u0131r\u0131m.\u201d \u2013Jeff Henley, Oracle Corporation Y\u00f6netim Kurulu Ba\u015fkan\u0131     \u201c\u0130nsanlar\u0131n liderlik etme bi\u00e7imini zihniyetlerin nas\u0131l \u015fekillendirdi\u011fini g\u00f6steren b\u00fcy\u00fcleyici bir kitap. Bu kitap liderlik hakk\u0131ndaki d\u00fc\u015f\u00fcncelerinizi sonsuza dek de\u011fi\u015ftirecek.\u201d \u2013Carol Dweck, Stanford \u00dcniversitesi Psikoloji profes\u00f6r\u00fc ve Akl\u0131n\u0131 En Do\u011fru \u015eekilde Kullan\u2019\u0131n yazar\u0131   \u201cKi\u015fisel bir ara\u00e7 ya da ekip geli\u015ftirme seminerleri i\u00e7in bir \u00e7al\u0131\u015fma kitab\u0131 olarak kullan\u0131labilecek iyi d\u00fczenlenmi\u015f bir sistem.\u201d \u2013Booklist   \u201cLincoln&#8217;\u0131n me\u015fhur sorusu gibi: Liderler do\u011fam\u0131z\u0131n daha iyi meleklerini nas\u0131l ortaya \u00e7\u0131kar\u0131r? Potansiyeli \u00c7o\u011faltan Liderlik, bu temel liderlik sorusunu yan\u0131tlamaya y\u0131llard\u0131r okudu\u011fum her \u015feyden daha fazla yakla\u015f\u0131yor.\u201d \u2013Warren Bennis, G\u00fcney Kaliforniya \u00dcniversitesi profes\u00f6r\u00fc ve Bir Lider Olmak\u2019\u0131n yazar\u0131   \u201cArada bir bizi kendimize \u00f6nemli ve zor sorular sormaya iten bir kitap \u00e7\u0131kar. Potansiyeli \u00c7o\u011faltan Liderlik i\u015fte b\u00f6yle bir kitap. Liz Wiseman, kurumlar\u0131m\u0131z i\u00e7in \u00e7ok daha \u00fcretken bir gelecek hayal etmemiz i\u00e7in bize meydan okuyor.\u201d \u2013Tim Brown, IDEO CEO\u2019su <\/p>\n","protected":false},"excerpt":{"rendered":"<p>EK\u0130B\u0130N\u0130Z\u0130N DAHA \u0130Y\u0130 SONU\u00c7LAR ALMASINI ENGELLEYEN NED\u0130R? Hepimizin \u00e7arp\u0131c\u0131 bi\u00e7imde farkl\u0131 iki t\u00fcr liderle deneyimimiz olmu\u015ftur. \u0130lki, etraf\u0131ndaki insanlar\u0131n zek\u00e2, enerji ve yeteneklerini s\u0131n\u0131rlayarak her zaman<span class=\"excerpt-hellip\"> [\u2026]<\/span><\/p>\n","protected":false},"featured_media":0,"template":"","meta":{"_monsterinsights_skip_tracking":false,"_monsterinsights_sitenote_active":false,"_monsterinsights_sitenote_note":"","_monsterinsights_sitenote_category":0},"product_brand":[],"product_cat":[13043,17647],"product_tag":[],"class_list":{"0":"post-782472","1":"product","2":"type-product","3":"status-publish","5":"product_cat-ekonomi","6":"product_cat-is-dunyasi","7":"pa_cilt-ciltsiz","8":"pa_tur-kitap","9":"pa_yayinevi-nova-kitap","10":"pa_yazar-liz-wiseman","12":"first","13":"instock","14":"sale","15":"shipping-taxable","16":"purchasable","17":"product-type-simple"},"_links":{"self":[{"href":"https:\/\/roveyayinevi.com.tr\/index.php\/wp-json\/wp\/v2\/product\/782472","targetHints":{"allow":["GET"]}}],"collection":[{"href":"https:\/\/roveyayinevi.com.tr\/index.php\/wp-json\/wp\/v2\/product"}],"about":[{"href":"https:\/\/roveyayinevi.com.tr\/index.php\/wp-json\/wp\/v2\/types\/product"}],"wp:attachment":[{"href":"https:\/\/roveyayinevi.com.tr\/index.php\/wp-json\/wp\/v2\/media?parent=782472"}],"wp:term":[{"taxonomy":"product_brand","embeddable":true,"href":"https:\/\/roveyayinevi.com.tr\/index.php\/wp-json\/wp\/v2\/product_brand?post=782472"},{"taxonomy":"product_cat","embeddable":true,"href":"https:\/\/roveyayinevi.com.tr\/index.php\/wp-json\/wp\/v2\/product_cat?post=782472"},{"taxonomy":"product_tag","embeddable":true,"href":"https:\/\/roveyayinevi.com.tr\/index.php\/wp-json\/wp\/v2\/product_tag?post=782472"}],"curies":[{"name":"wp","href":"https:\/\/api.w.org\/{rel}","templated":true}]}}