{"id":782468,"date":"2026-02-23T11:46:32","date_gmt":"2026-02-23T08:46:32","guid":{"rendered":"https:\/\/roveyayinevi.com.tr\/index.php\/urun\/piramitler-ulkesinde\/"},"modified":"2026-04-16T02:40:47","modified_gmt":"2026-04-15T23:40:47","slug":"piramitler-ulkesinde","status":"publish","type":"product","link":"https:\/\/roveyayinevi.com.tr\/index.php\/urun\/piramitler-ulkesinde\/","title":{"rendered":"Piramitler \u00dclkesinde"},"content":{"rendered":"<p>Piramitler&#8230; D\u00fcnyan\u0131n 7 Harikas\u0131&#8217;ndan biri olan inan\u0131lmaz yap\u0131lar. Peki, piramitler nas\u0131l yap\u0131ld\u0131, ni\u00e7in yap\u0131ld\u0131? Bir piramidin i\u00e7ine girmek ister misiniz? \u00d6yleyse, Eski M\u0131s\u0131r&#8217;a ho\u015f geldiniz! Ge\u00e7mi\u015f zaman gezginlerimiz Do\u011fan, Banu ve Selim, Eski M\u0131s\u0131r&#8217;a yolculuklar\u0131nda yine heyecanl\u0131 bir ser\u00fcvenin i\u00e7inde buluyorlar kendilerini. Zaman su gibi ak\u0131p ge\u00e7erken, bug\u00fcne nas\u0131l d\u00f6necekler? Piramitler \u00dclkesinde, Ge\u00e7mi\u015f Zaman Gezginleri dizisinin d\u00f6rd\u00fcnc\u00fc kitab\u0131. Ge\u00e7mi\u015f Zaman Gezginleri, kahramanlar\u0131m\u0131z Do\u011fan, Banu ve Selim&#8217;in Ta\u015f Devri, S\u00fcmer \u00dclkesi, Dinozorlar \u00c7a\u011f\u0131, Eski M\u0131s\u0131r, Buz Devri ve Orta \u00c7a\u011fda ge\u00e7en ola\u011fan\u00fcst\u00fc ser\u00fcvenlerini, teknolojiden tarihe, co\u011frafyadan insan bilime uzanan \u00e7ok geni\u015f bir \u00e7er\u00e7eve i\u00e7inde anlat\u0131yor.   &#8220;Kahramanlar\u0131m\u0131z, bu yolculuklar\u0131nda ge\u00e7mi\u015f zamanlar listesinden, t\u00fcm D\u00fcnya&#8217;da ilgi uyand\u0131ran piramitleri se\u00e7iyorlar. Nil Nehri&#8217;nin bize arma\u011fan\u0131 olan M\u0131s\u0131r&#8217;da Keops piramidinin yap\u0131m\u0131na tan\u0131k oluyorlar. Bu arada Eski M\u0131s\u0131r&#8217;\u0131n gizemli d\u00fcnyas\u0131nda ya\u015fad\u0131klar\u0131 maceralarla okuyucuyu bu gizemli d\u00fcnyada kaybolmaya davet ediyorlar. Maceralarla dolu bu hik\u00e2ye, ilk\u00f6\u011fretim \u00f6\u011frencilerinin tarihi eserlere farkl\u0131 bir a\u00e7\u0131dan bakmalar\u0131na da yard\u0131mc\u0131 olacakt\u0131r.&#8221; &#8211;      Selda Fillik\u00e7io\u011flu- Sosyal Bilgiler \u00d6\u011fretmeni <\/p>\n","protected":false},"excerpt":{"rendered":"<p>Piramitler&#8230; D\u00fcnyan\u0131n 7 Harikas\u0131&#8217;ndan biri olan inan\u0131lmaz yap\u0131lar. Peki, piramitler nas\u0131l yap\u0131ld\u0131, ni\u00e7in yap\u0131ld\u0131? Bir piramidin i\u00e7ine girmek ister misiniz? \u00d6yleyse, Eski M\u0131s\u0131r&#8217;a ho\u015f geldiniz! Ge\u00e7mi\u015f<span class=\"excerpt-hellip\"> [\u2026]<\/span><\/p>\n","protected":false},"featured_media":0,"template":"","meta":{"_monsterinsights_skip_tracking":false,"_monsterinsights_sitenote_active":false,"_monsterinsights_sitenote_note":"","_monsterinsights_sitenote_category":0},"product_brand":[],"product_cat":[12275,12274],"product_tag":[],"class_list":{"0":"post-782468","1":"product","2":"type-product","3":"status-publish","5":"product_cat-6-12-yas-kitaplari","6":"product_cat-cocuk-ve-genclik-kitaplari","7":"pa_cilt-ciltsiz","8":"pa_tur-kitap","9":"pa_yayinevi-epsilon-ozel-urun","10":"pa_yazar-mustafa-hakki-kurt","12":"first","13":"instock","14":"sale","15":"shipping-taxable","16":"purchasable","17":"product-type-simple"},"_links":{"self":[{"href":"https:\/\/roveyayinevi.com.tr\/index.php\/wp-json\/wp\/v2\/product\/782468","targetHints":{"allow":["GET"]}}],"collection":[{"href":"https:\/\/roveyayinevi.com.tr\/index.php\/wp-json\/wp\/v2\/product"}],"about":[{"href":"https:\/\/roveyayinevi.com.tr\/index.php\/wp-json\/wp\/v2\/types\/product"}],"wp:attachment":[{"href":"https:\/\/roveyayinevi.com.tr\/index.php\/wp-json\/wp\/v2\/media?parent=782468"}],"wp:term":[{"taxonomy":"product_brand","embeddable":true,"href":"https:\/\/roveyayinevi.com.tr\/index.php\/wp-json\/wp\/v2\/product_brand?post=782468"},{"taxonomy":"product_cat","embeddable":true,"href":"https:\/\/roveyayinevi.com.tr\/index.php\/wp-json\/wp\/v2\/product_cat?post=782468"},{"taxonomy":"product_tag","embeddable":true,"href":"https:\/\/roveyayinevi.com.tr\/index.php\/wp-json\/wp\/v2\/product_tag?post=782468"}],"curies":[{"name":"wp","href":"https:\/\/api.w.org\/{rel}","templated":true}]}}