{"id":782467,"date":"2026-02-23T11:46:25","date_gmt":"2026-02-23T08:46:25","guid":{"rendered":"https:\/\/roveyayinevi.com.tr\/index.php\/urun\/politik-ekonomi-ve-modern-sosyal-teori\/"},"modified":"2026-04-16T02:40:44","modified_gmt":"2026-04-15T23:40:44","slug":"politik-ekonomi-ve-modern-sosyal-teori","status":"publish","type":"product","link":"https:\/\/roveyayinevi.com.tr\/index.php\/urun\/politik-ekonomi-ve-modern-sosyal-teori\/","title":{"rendered":"Politik Ekonomi ve Modern Sosyal Teori"},"content":{"rendered":"<p>Sosyal bilimlerin b\u00f6l\u00fcmlere ayr\u0131lmas\u0131ndan \u00f6nceki entelekt\u00fcel faaliyetler, entegre olmu\u015f bilimsel sistem bi\u00e7imindeydi. Politik ekonomi; ekonomik oldu\u011fu kadar toplumsal, ahlaki ve felsefi meselelerle ilgili b\u00f6ylesine entegre bir bilgi temelini ifade ediyordu. Modern geli\u015fmelerle birlikte, politik ekonominin yerini alan ekonomi bilimi, ekonomik analizi di\u011fer bile\u015fenlerinden ay\u0131rm\u0131\u015f ve as\u0131l konular\u0131n entelekt\u00fcel g\u00fcc\u00fcn\u00fc ortadan kald\u0131rm\u0131\u015ft\u0131r. K\u0131smi bir analizle ekonomik konular\u0131 ele alm\u0131\u015ft\u0131r.Kapitalizmin b\u00f6ylesine k\u0131smi bir analizin konusu olmas\u0131, neo-klasik iktisadi \u00e7er\u00e7eve gibi yakla\u015f\u0131mlar\u0131n ortaya \u00e7\u0131kmas\u0131yla sonu\u00e7lanm\u0131\u015ft\u0131r. Ancak ekonomik ve sosyal sorunlar\u0131n b\u00fcy\u00fckl\u00fc\u011f\u00fc, \u00e7evremizde sahip oldu\u011fumuz sosyal ger\u00e7eklerin kapsaml\u0131 bir anlay\u0131\u015f\u0131n\u0131 geli\u015ftirmek i\u00e7in orijinal bilgeli\u011fe, yani politik ekonomiye geri d\u00f6nmemiz gerekti\u011fini g\u00f6stermektedir.Politik ekonomi, ekonomiye onu y\u00f6neten sosyal yasalar\u0131n eklemlenmesi olarak tan\u0131mlanabilir. Bu nedenle ekonomiyi bir sosyal sistem olarak anlamam\u0131za ve t\u00fcm payda\u015flara haklar\u0131n\u0131 vermemize yard\u0131mc\u0131 olacakt\u0131r. Neoliberal d\u00f6n\u00fc\u015f\u00fcmle empoze edilen ekonomi bilimi, \u00f6zellikle T\u00fcrkiye d\u00e2hil geli\u015fmekte olan d\u00fcnyada sefaletle sonu\u00e7land\u0131\u011f\u0131ndan, politik ekonominin yeniden ortaya \u00e7\u0131kmas\u0131 bir zorunluluktur. Bu ba\u011flamda her toplumda politik ekonomi yakla\u015f\u0131m\u0131n\u0131 organik olarak geli\u015ftirmeye acil bir ihtiya\u00e7 vard\u0131r. Eminim ki Dr. Levent\u2019in bu \u00e7al\u0131\u015fmas\u0131, ad\u0131 ge\u00e7en kavramlara dair anlay\u0131\u015f\u0131m\u0131za yeni bir \u0131\u015f\u0131k tutacak ve akademisyenler ile politika yap\u0131c\u0131lar aras\u0131nda konu hakk\u0131ndaki merak\u0131 art\u0131racakt\u0131r.Prof. Dr. Mehmet Asutay<\/p>\n","protected":false},"excerpt":{"rendered":"<p>Sosyal bilimlerin b\u00f6l\u00fcmlere ayr\u0131lmas\u0131ndan \u00f6nceki entelekt\u00fcel faaliyetler, entegre olmu\u015f bilimsel sistem bi\u00e7imindeydi. Politik ekonomi; ekonomik oldu\u011fu kadar toplumsal, ahlaki ve felsefi meselelerle ilgili b\u00f6ylesine entegre bir<span class=\"excerpt-hellip\"> [\u2026]<\/span><\/p>\n","protected":false},"featured_media":0,"template":"","meta":{"_monsterinsights_skip_tracking":false,"_monsterinsights_sitenote_active":false,"_monsterinsights_sitenote_note":"","_monsterinsights_sitenote_category":0},"product_brand":[],"product_cat":[13059,12337],"product_tag":[],"class_list":{"0":"post-782467","1":"product","2":"type-product","3":"status-publish","5":"product_cat-diger-politika-siyaset","6":"product_cat-politika-siyaset","7":"pa_cilt-ciltsiz","8":"pa_tur-kitap","9":"pa_yayinevi-albaraka-yayinlari","10":"pa_yazar-adem-levent","12":"first","13":"instock","14":"sale","15":"shipping-taxable","16":"purchasable","17":"product-type-simple"},"_links":{"self":[{"href":"https:\/\/roveyayinevi.com.tr\/index.php\/wp-json\/wp\/v2\/product\/782467","targetHints":{"allow":["GET"]}}],"collection":[{"href":"https:\/\/roveyayinevi.com.tr\/index.php\/wp-json\/wp\/v2\/product"}],"about":[{"href":"https:\/\/roveyayinevi.com.tr\/index.php\/wp-json\/wp\/v2\/types\/product"}],"wp:attachment":[{"href":"https:\/\/roveyayinevi.com.tr\/index.php\/wp-json\/wp\/v2\/media?parent=782467"}],"wp:term":[{"taxonomy":"product_brand","embeddable":true,"href":"https:\/\/roveyayinevi.com.tr\/index.php\/wp-json\/wp\/v2\/product_brand?post=782467"},{"taxonomy":"product_cat","embeddable":true,"href":"https:\/\/roveyayinevi.com.tr\/index.php\/wp-json\/wp\/v2\/product_cat?post=782467"},{"taxonomy":"product_tag","embeddable":true,"href":"https:\/\/roveyayinevi.com.tr\/index.php\/wp-json\/wp\/v2\/product_tag?post=782467"}],"curies":[{"name":"wp","href":"https:\/\/api.w.org\/{rel}","templated":true}]}}