{"id":782465,"date":"2026-02-23T11:46:13","date_gmt":"2026-02-23T08:46:13","guid":{"rendered":"https:\/\/roveyayinevi.com.tr\/index.php\/urun\/kedice-bir-tutku\/"},"modified":"2026-04-16T02:40:25","modified_gmt":"2026-04-15T23:40:25","slug":"kedice-bir-tutku","status":"publish","type":"product","link":"https:\/\/roveyayinevi.com.tr\/index.php\/urun\/kedice-bir-tutku\/","title":{"rendered":"Kedice Bir Tutku"},"content":{"rendered":"<p>\u0130syan ve Asil Dede\u2019nin D\u00fc\u011f\u00fcn\u00fc romanlar\u0131yla okuru iklimler, renkler, denizler, insanlar ve saf hislerle bulu\u015fturan Ege, Kedice Bir Sevda roman\u0131nda kurdu\u011fu mizah ve a\u015fk dolu hik\u00e2ye evrenine, Kedice Bir Tutku&#8217;da okuru bir kez daha davet ediyor.Hayta ve nank\u00f6r bir \u00e2\u015f\u0131kken kaybetti\u011fi sevgilisi Elif&#8217;in kalbini, bir kedi olarak d\u00fcnyaya yeniden geldi\u011finde kazanmay\u0131 ba\u015faran Tayfun&#8217;un saadet g\u00fcnleri beklenmedik bir geli\u015fme ve evlilik karar\u0131yla bozulur. Ge\u00e7mi\u015fin kara bulutlar\u0131 etraf\u0131nda toplan\u0131rken, alt taraf\u0131 bir kedi olan kahraman\u0131m\u0131z sevdi\u011fi kad\u0131n\u0131n mutlulu\u011funa sahip \u00e7\u0131k\u0131p kararlar\u0131na sayg\u0131 duymak ile onu \u00fczmek pahas\u0131na korumak, kaybetmek pahas\u0131na olaylara pati koymak aras\u0131nda bocalamaktad\u0131r.Kedice Bir Tutku&#8217;nun muzip ve oyunbaz maceras\u0131nda kuyruklar birbirine dolan\u0131yor, kimileri d\u00f6rt ayak \u00fcst\u00fcne d\u00fc\u015f\u00fcyor, t\u00fcyler kabar\u0131yor ve yine \u201cmiyavvv\u201dlar \u00e7ok \u015fey anlat\u0131yor.<\/p>\n","protected":false},"excerpt":{"rendered":"<p>\u0130syan ve Asil Dede\u2019nin D\u00fc\u011f\u00fcn\u00fc romanlar\u0131yla okuru iklimler, renkler, denizler, insanlar ve saf hislerle bulu\u015fturan Ege, Kedice Bir Sevda roman\u0131nda kurdu\u011fu mizah ve a\u015fk dolu hik\u00e2ye<span class=\"excerpt-hellip\"> [\u2026]<\/span><\/p>\n","protected":false},"featured_media":0,"template":"","meta":{"_monsterinsights_skip_tracking":false,"_monsterinsights_sitenote_active":false,"_monsterinsights_sitenote_note":"","_monsterinsights_sitenote_category":0},"product_brand":[],"product_cat":[12291,12711],"product_tag":[],"class_list":{"0":"post-782465","1":"product","2":"type-product","3":"status-publish","5":"product_cat-edebiyat","6":"product_cat-roman-oyku","7":"pa_cilt-ciltsiz","8":"pa_tur-kitap","9":"pa_yayinevi-alfa-yayinlari","10":"pa_yazar-ege","12":"first","13":"instock","14":"sale","15":"shipping-taxable","16":"purchasable","17":"product-type-simple"},"_links":{"self":[{"href":"https:\/\/roveyayinevi.com.tr\/index.php\/wp-json\/wp\/v2\/product\/782465","targetHints":{"allow":["GET"]}}],"collection":[{"href":"https:\/\/roveyayinevi.com.tr\/index.php\/wp-json\/wp\/v2\/product"}],"about":[{"href":"https:\/\/roveyayinevi.com.tr\/index.php\/wp-json\/wp\/v2\/types\/product"}],"wp:attachment":[{"href":"https:\/\/roveyayinevi.com.tr\/index.php\/wp-json\/wp\/v2\/media?parent=782465"}],"wp:term":[{"taxonomy":"product_brand","embeddable":true,"href":"https:\/\/roveyayinevi.com.tr\/index.php\/wp-json\/wp\/v2\/product_brand?post=782465"},{"taxonomy":"product_cat","embeddable":true,"href":"https:\/\/roveyayinevi.com.tr\/index.php\/wp-json\/wp\/v2\/product_cat?post=782465"},{"taxonomy":"product_tag","embeddable":true,"href":"https:\/\/roveyayinevi.com.tr\/index.php\/wp-json\/wp\/v2\/product_tag?post=782465"}],"curies":[{"name":"wp","href":"https:\/\/api.w.org\/{rel}","templated":true}]}}