{"id":782464,"date":"2026-02-23T11:46:06","date_gmt":"2026-02-23T08:46:06","guid":{"rendered":"https:\/\/roveyayinevi.com.tr\/index.php\/urun\/hafiza-gelisimini-destekleyen-bir-dolu-etkinlik\/"},"modified":"2026-04-16T02:40:23","modified_gmt":"2026-04-15T23:40:23","slug":"hafiza-gelisimini-destekleyen-bir-dolu-etkinlik","status":"publish","type":"product","link":"https:\/\/roveyayinevi.com.tr\/index.php\/urun\/hafiza-gelisimini-destekleyen-bir-dolu-etkinlik\/","title":{"rendered":"Haf\u0131za Geli\u015fimini Destekleyen Bir Dolu Etkinlik"},"content":{"rendered":"<p>\u00c7ocuklar\u0131n duygusal, bili\u015fsel, sosyal, dil ve ince motor becerilerinin geli\u015fimi i\u00e7in erken \u00e7ocukluk e\u011fitiminin ve kitaplar\u0131n rol\u00fc yads\u0131namaz. \u0130\u015fte, bu kitap da bu ama\u00e7la haz\u0131rland\u0131.Her sayfas\u0131 renkli ve e\u011flenceli Haf\u0131za Geli\u015fimini Destekleyen Bir Dolu Etkinlik kitab\u0131 ile \u00e7ocu\u011funuzun hayal d\u00fcnyas\u0131, yarat\u0131c\u0131 d\u00fc\u015f\u00fcnce g\u00fcc\u00fc zenginle\u015fecek; dikkat, alg\u0131 ve bellek gibi bili\u015fsel s\u00fcre\u00e7leri desteklenecek\u2026Bu kitap; Mill\u00ee E\u011fitim Bakanl\u0131\u011f\u0131 Temel E\u011fitim Genel M\u00fcd\u00fcrl\u00fc\u011f\u00fc Okul \u00d6ncesi E\u011fitim Program\u0131\u2019nda belirtilen kazan\u0131mlar dikkate al\u0131narak Pedagog Ay\u015fen Oy dan\u0131\u015fmanl\u0131\u011f\u0131nda haz\u0131rlanm\u0131\u015ft\u0131r.<\/p>\n","protected":false},"excerpt":{"rendered":"<p>\u00c7ocuklar\u0131n duygusal, bili\u015fsel, sosyal, dil ve ince motor becerilerinin geli\u015fimi i\u00e7in erken \u00e7ocukluk e\u011fitiminin ve kitaplar\u0131n rol\u00fc yads\u0131namaz. \u0130\u015fte, bu kitap da bu ama\u00e7la haz\u0131rland\u0131.Her sayfas\u0131<span class=\"excerpt-hellip\"> [\u2026]<\/span><\/p>\n","protected":false},"featured_media":0,"template":"","meta":{"_monsterinsights_skip_tracking":false,"_monsterinsights_sitenote_active":false,"_monsterinsights_sitenote_note":"","_monsterinsights_sitenote_category":0},"product_brand":[],"product_cat":[12274,15842],"product_tag":[],"class_list":{"0":"post-782464","1":"product","2":"type-product","3":"status-publish","5":"product_cat-cocuk-ve-genclik-kitaplari","6":"product_cat-egitici-kitaplar","7":"pa_cilt-ciltsiz","8":"pa_tur-kitap","9":"pa_yayinevi-floki-yayinlari","10":"pa_yazar-floki-cocuk-yayinlari-kolektif","12":"first","13":"instock","14":"sale","15":"shipping-taxable","16":"purchasable","17":"product-type-simple"},"_links":{"self":[{"href":"https:\/\/roveyayinevi.com.tr\/index.php\/wp-json\/wp\/v2\/product\/782464","targetHints":{"allow":["GET"]}}],"collection":[{"href":"https:\/\/roveyayinevi.com.tr\/index.php\/wp-json\/wp\/v2\/product"}],"about":[{"href":"https:\/\/roveyayinevi.com.tr\/index.php\/wp-json\/wp\/v2\/types\/product"}],"wp:attachment":[{"href":"https:\/\/roveyayinevi.com.tr\/index.php\/wp-json\/wp\/v2\/media?parent=782464"}],"wp:term":[{"taxonomy":"product_brand","embeddable":true,"href":"https:\/\/roveyayinevi.com.tr\/index.php\/wp-json\/wp\/v2\/product_brand?post=782464"},{"taxonomy":"product_cat","embeddable":true,"href":"https:\/\/roveyayinevi.com.tr\/index.php\/wp-json\/wp\/v2\/product_cat?post=782464"},{"taxonomy":"product_tag","embeddable":true,"href":"https:\/\/roveyayinevi.com.tr\/index.php\/wp-json\/wp\/v2\/product_tag?post=782464"}],"curies":[{"name":"wp","href":"https:\/\/api.w.org\/{rel}","templated":true}]}}