{"id":782463,"date":"2026-02-23T11:46:04","date_gmt":"2026-02-23T08:46:04","guid":{"rendered":"https:\/\/roveyayinevi.com.tr\/index.php\/urun\/cikartmali-resimli-temalarla-ingilizce-ilk-kelimelerim-10lu-set\/"},"modified":"2026-03-26T15:17:18","modified_gmt":"2026-03-26T12:17:18","slug":"cikartmali-resimli-temalarla-ingilizce-ilk-kelimelerim-10lu-set","status":"publish","type":"product","link":"https:\/\/roveyayinevi.com.tr\/index.php\/urun\/cikartmali-resimli-temalarla-ingilizce-ilk-kelimelerim-10lu-set\/","title":{"rendered":"\u00c7\u0131kartmal\u0131 Resimli Temalarla \u0130ngilizce \u0130lk Kelimelerim 10&#8217;lu Set"},"content":{"rendered":"<p>\u00c7ocu\u011funuzun \u0130ngilizce yeni kelimeler \u00f6\u011frenmesine katk\u0131 sa\u011flamak i\u00e7in haz\u0131rlanan ses destekli ve \u00e7\u0131kartmal\u0131 \u2018\u2018Resimli Temalarla \u0130ngilizce \u0130lk Kelimelerim\u2019\u2019 serisi \u0130ngilizce kelimeleri kolay ve h\u0131zl\u0131 \u00f6\u011frenmek i\u00e7in bir rehber niteli\u011fi ta\u015f\u0131r. Bu kitaptaki etkinlikler \u00e7ocu\u011funuzun merak ve ke\u015ffetme duygusunu ortaya \u00e7\u0131kar\u0131r ve \u0130ngilizce kelimeleri e\u011flenerek \u00f6\u011frenmesine katk\u0131 sa\u011flar. \u00c7\u0131kartmalarla oynayarak \u00f6\u011frenmek e\u011flenceli ve heyecan verici!<\/p>\n","protected":false},"excerpt":{"rendered":"<p>\u00c7ocu\u011funuzun \u0130ngilizce yeni kelimeler \u00f6\u011frenmesine katk\u0131 sa\u011flamak i\u00e7in haz\u0131rlanan ses destekli ve \u00e7\u0131kartmal\u0131 \u2018\u2018Resimli Temalarla \u0130ngilizce \u0130lk Kelimelerim\u2019\u2019 serisi \u0130ngilizce kelimeleri kolay ve h\u0131zl\u0131 \u00f6\u011frenmek i\u00e7in<span class=\"excerpt-hellip\"> [\u2026]<\/span><\/p>\n","protected":false},"featured_media":0,"template":"","meta":{"_monsterinsights_skip_tracking":false,"_monsterinsights_sitenote_active":false,"_monsterinsights_sitenote_note":"","_monsterinsights_sitenote_category":0},"product_brand":[],"product_cat":[12274,15842],"product_tag":[],"class_list":{"0":"post-782463","1":"product","2":"type-product","3":"status-publish","5":"product_cat-cocuk-ve-genclik-kitaplari","6":"product_cat-egitici-kitaplar","7":"pa_cilt-ciltsiz","8":"pa_tur-kitap","9":"pa_yayinevi-dikkat-atolyesi-yayinlari","10":"pa_yazar-dikkat-atolyesi-kolektif","12":"first","13":"instock","14":"sale","15":"shipping-taxable","16":"purchasable","17":"product-type-simple"},"_links":{"self":[{"href":"https:\/\/roveyayinevi.com.tr\/index.php\/wp-json\/wp\/v2\/product\/782463","targetHints":{"allow":["GET"]}}],"collection":[{"href":"https:\/\/roveyayinevi.com.tr\/index.php\/wp-json\/wp\/v2\/product"}],"about":[{"href":"https:\/\/roveyayinevi.com.tr\/index.php\/wp-json\/wp\/v2\/types\/product"}],"wp:attachment":[{"href":"https:\/\/roveyayinevi.com.tr\/index.php\/wp-json\/wp\/v2\/media?parent=782463"}],"wp:term":[{"taxonomy":"product_brand","embeddable":true,"href":"https:\/\/roveyayinevi.com.tr\/index.php\/wp-json\/wp\/v2\/product_brand?post=782463"},{"taxonomy":"product_cat","embeddable":true,"href":"https:\/\/roveyayinevi.com.tr\/index.php\/wp-json\/wp\/v2\/product_cat?post=782463"},{"taxonomy":"product_tag","embeddable":true,"href":"https:\/\/roveyayinevi.com.tr\/index.php\/wp-json\/wp\/v2\/product_tag?post=782463"}],"curies":[{"name":"wp","href":"https:\/\/api.w.org\/{rel}","templated":true}]}}