{"id":782460,"date":"2026-02-23T11:45:33","date_gmt":"2026-02-23T08:45:33","guid":{"rendered":"https:\/\/roveyayinevi.com.tr\/index.php\/urun\/hakkaride-bir-mevsim-ciltli\/"},"modified":"2026-04-16T02:40:19","modified_gmt":"2026-04-15T23:40:19","slug":"hakkaride-bir-mevsim-ciltli","status":"publish","type":"product","link":"https:\/\/roveyayinevi.com.tr\/index.php\/urun\/hakkaride-bir-mevsim-ciltli\/","title":{"rendered":"Hakkari&#8217;de Bir Mevsim (Ciltli)"},"content":{"rendered":"<p>O\u2019yu (Hakkari\u2019de Bir Mevsim) sadece ger\u00e7ek\u00e7i bir roman olarak saymak yetmez, ger\u00e7e\u011fin inan\u0131lmaz bir d\u00fc\u015fe d\u00f6n\u00fc\u015ft\u00fc\u011f\u00fc, \u015fa\u015f\u0131rt\u0131c\u0131 bir \u00f6yk\u00fcd\u00fcr bu. Ferit Edg\u00fc\u2019n\u00fcn ger\u00e7ek bir ya\u015fam\u0131, bir roman ya\u015fam\u0131na \u00e7evirmesindeki beceriye hayran oldum. \u00c7\u00fcnk\u00fc \u201cO\u201d g\u00f6zlem g\u00fcc\u00fcn\u00fc, anlat\u0131 ustal\u0131\u011f\u0131ndan al\u0131yor\u201d- Melih Cevdet Anday<\/p>\n","protected":false},"excerpt":{"rendered":"<p>O\u2019yu (Hakkari\u2019de Bir Mevsim) sadece ger\u00e7ek\u00e7i bir roman olarak saymak yetmez, ger\u00e7e\u011fin inan\u0131lmaz bir d\u00fc\u015fe d\u00f6n\u00fc\u015ft\u00fc\u011f\u00fc, \u015fa\u015f\u0131rt\u0131c\u0131 bir \u00f6yk\u00fcd\u00fcr bu. Ferit Edg\u00fc\u2019n\u00fcn ger\u00e7ek bir ya\u015fam\u0131, bir<span class=\"excerpt-hellip\"> [\u2026]<\/span><\/p>\n","protected":false},"featured_media":0,"template":"","meta":{"_monsterinsights_skip_tracking":false,"_monsterinsights_sitenote_active":false,"_monsterinsights_sitenote_note":"","_monsterinsights_sitenote_category":0},"product_brand":[],"product_cat":[12291,12711],"product_tag":[],"class_list":{"0":"post-782460","1":"product","2":"type-product","3":"status-publish","5":"product_cat-edebiyat","6":"product_cat-roman-oyku","7":"pa_cilt-ciltli","8":"pa_tur-kitap","9":"pa_yayinevi-everest-yayinlari","10":"pa_yazar-ferit-edgu","12":"first","13":"instock","14":"sale","15":"shipping-taxable","16":"purchasable","17":"product-type-simple"},"_links":{"self":[{"href":"https:\/\/roveyayinevi.com.tr\/index.php\/wp-json\/wp\/v2\/product\/782460","targetHints":{"allow":["GET"]}}],"collection":[{"href":"https:\/\/roveyayinevi.com.tr\/index.php\/wp-json\/wp\/v2\/product"}],"about":[{"href":"https:\/\/roveyayinevi.com.tr\/index.php\/wp-json\/wp\/v2\/types\/product"}],"wp:attachment":[{"href":"https:\/\/roveyayinevi.com.tr\/index.php\/wp-json\/wp\/v2\/media?parent=782460"}],"wp:term":[{"taxonomy":"product_brand","embeddable":true,"href":"https:\/\/roveyayinevi.com.tr\/index.php\/wp-json\/wp\/v2\/product_brand?post=782460"},{"taxonomy":"product_cat","embeddable":true,"href":"https:\/\/roveyayinevi.com.tr\/index.php\/wp-json\/wp\/v2\/product_cat?post=782460"},{"taxonomy":"product_tag","embeddable":true,"href":"https:\/\/roveyayinevi.com.tr\/index.php\/wp-json\/wp\/v2\/product_tag?post=782460"}],"curies":[{"name":"wp","href":"https:\/\/api.w.org\/{rel}","templated":true}]}}