{"id":782459,"date":"2026-02-23T11:45:23","date_gmt":"2026-02-23T08:45:23","guid":{"rendered":"https:\/\/roveyayinevi.com.tr\/index.php\/urun\/escinsellik-ve-cinsel-sapkinliklar-sorunu\/"},"modified":"2026-04-16T02:40:15","modified_gmt":"2026-04-15T23:40:15","slug":"escinsellik-ve-cinsel-sapkinliklar-sorunu","status":"publish","type":"product","link":"https:\/\/roveyayinevi.com.tr\/index.php\/urun\/escinsellik-ve-cinsel-sapkinliklar-sorunu\/","title":{"rendered":"E\u015fcinsellik ve Cinsel Sapk\u0131nl\u0131klar Sorunu"},"content":{"rendered":"<p>\u201cBireysel-ruhbilimdeki ara\u015ft\u0131rma ve tecr\u00fcbeler; e\u015fcinselli\u011fin, cesareti k\u0131r\u0131lm\u0131\u015f insan\u0131n yenilgi olas\u0131l\u0131\u011f\u0131n\u0131 bertaraf etmek amac\u0131yla, yani e\u015fcinsellik durumunda kar\u015f\u0131 cinsi devre d\u0131\u015f\u0131 b\u0131rakmak amac\u0131yla, a\u015fk sorusunun normal yoldan \u00e7\u00f6z\u00fcm\u00fcnden ka\u00e7\u0131nmak i\u00e7in \u00e7ocuklu\u011fundan beridir uygulad\u0131\u011f\u0131 bir antrenman oldu\u011funa ili\u015fkin ileri s\u00fcrd\u00fc\u011f\u00fcm bulguyu b\u00fct\u00fcn\u00fcyle do\u011fruluyor. \u00c7al\u0131\u015fmam\u0131n birinci bask\u0131s\u0131ndan bu yana ge\u00e7en on \u00fc\u00e7 y\u0131l\u0131n zengin birikimine dayanarak, e\u015fcinselli\u011fin ortadan kald\u0131r\u0131lmas\u0131 meselesinde bug\u00fcn de, \u00e7ocuklar\u0131n hayat\u0131n anlam\u0131na ili\u015fkin olarak nas\u0131l bir bilimsel anlay\u0131\u015fla yeti\u015ftirilmesi gerekti\u011fi sorusunda yatt\u0131\u011f\u0131n\u0131 g\u00f6r\u00fcyorum.\u201dBireysel psikoloji ekol\u00fcn\u00fcn kurucusu, Yahudi k\u00f6kenli \u00fcnl\u00fc bilim insan\u0131 Alfred Adler\u2019in kaleme ald\u0131\u011f\u0131 bu kitap, g\u00fcn\u00fcm\u00fcz\u00fcn \u00f6nemli sorunlar\u0131n\u0131n ba\u015f\u0131nda gelen e\u015fcinsellik ve cinsel sapk\u0131nl\u0131klar konusunda ufuk a\u00e7\u0131c\u0131 detaylar bar\u0131nd\u0131r\u0131yor. Yayg\u0131n anlay\u0131\u015f\u0131n aksine tabular\u0131 y\u0131kan bu \u00e7al\u0131\u015fman\u0131n akademik d\u00fczeydeki e\u015fcinsellik tart\u0131\u015fmalar\u0131na yeni bir boyut kataca\u011f\u0131na inan\u0131yoruz.<\/p>\n","protected":false},"excerpt":{"rendered":"<p>\u201cBireysel-ruhbilimdeki ara\u015ft\u0131rma ve tecr\u00fcbeler; e\u015fcinselli\u011fin, cesareti k\u0131r\u0131lm\u0131\u015f insan\u0131n yenilgi olas\u0131l\u0131\u011f\u0131n\u0131 bertaraf etmek amac\u0131yla, yani e\u015fcinsellik durumunda kar\u015f\u0131 cinsi devre d\u0131\u015f\u0131 b\u0131rakmak amac\u0131yla, a\u015fk sorusunun normal yoldan<span class=\"excerpt-hellip\"> [\u2026]<\/span><\/p>\n","protected":false},"featured_media":0,"template":"","meta":{"_monsterinsights_skip_tracking":false,"_monsterinsights_sitenote_active":false,"_monsterinsights_sitenote_note":"","_monsterinsights_sitenote_category":0},"product_brand":[],"product_cat":[38801,12357],"product_tag":[],"class_list":{"0":"post-782459","1":"product","2":"type-product","3":"status-publish","5":"product_cat-ekoller-ve-yaklasimlar","6":"product_cat-psikoloji","7":"pa_cilt-ciltsiz","8":"pa_tur-kitap","9":"pa_yayinevi-kopernik-kitap","10":"pa_yazar-alfred-adler","12":"first","13":"instock","14":"sale","15":"shipping-taxable","16":"purchasable","17":"product-type-simple"},"_links":{"self":[{"href":"https:\/\/roveyayinevi.com.tr\/index.php\/wp-json\/wp\/v2\/product\/782459","targetHints":{"allow":["GET"]}}],"collection":[{"href":"https:\/\/roveyayinevi.com.tr\/index.php\/wp-json\/wp\/v2\/product"}],"about":[{"href":"https:\/\/roveyayinevi.com.tr\/index.php\/wp-json\/wp\/v2\/types\/product"}],"wp:attachment":[{"href":"https:\/\/roveyayinevi.com.tr\/index.php\/wp-json\/wp\/v2\/media?parent=782459"}],"wp:term":[{"taxonomy":"product_brand","embeddable":true,"href":"https:\/\/roveyayinevi.com.tr\/index.php\/wp-json\/wp\/v2\/product_brand?post=782459"},{"taxonomy":"product_cat","embeddable":true,"href":"https:\/\/roveyayinevi.com.tr\/index.php\/wp-json\/wp\/v2\/product_cat?post=782459"},{"taxonomy":"product_tag","embeddable":true,"href":"https:\/\/roveyayinevi.com.tr\/index.php\/wp-json\/wp\/v2\/product_tag?post=782459"}],"curies":[{"name":"wp","href":"https:\/\/api.w.org\/{rel}","templated":true}]}}