{"id":782455,"date":"2026-02-23T11:44:37","date_gmt":"2026-02-23T08:44:37","guid":{"rendered":"https:\/\/roveyayinevi.com.tr\/index.php\/urun\/jar\/"},"modified":"2026-04-16T02:39:48","modified_gmt":"2026-04-15T23:39:48","slug":"jar","status":"publish","type":"product","link":"https:\/\/roveyayinevi.com.tr\/index.php\/urun\/jar\/","title":{"rendered":"Jar"},"content":{"rendered":"<p>Kemal Varol, ilk roman\u0131 Jar\u2019da 80 darbesinden sonra bir kasaban\u0131n ruhuna d\u00fc\u015f\u00fcp gelen iki ihtiyar adam\u0131, birbirine k\u00fcsen iki karde\u015fin kar\u015f\u0131l\u0131kl\u0131 kurulan meyhanesinde oturtuyor. Nihayete ermeyen, i\u00e7 i\u00e7e ge\u00e7mi\u015f, ihtimal ki bir s\u0131rra d\u00f6n\u00fc\u015fm\u00fc\u015f, bu s\u0131rr\u0131n pe\u015fi s\u0131ra ak\u0131p giden hikayeler e\u015fli\u011finde, o iki adam \u00f6fkeyle bak\u0131\u015fmaktan asla yorulmuyor. \u201cKomik\u201d dedi\u011finiz bir an yara kanarken \u201ch\u00fcz\u00fcn\u201d dedi\u011finizde bir tebess\u00fcm peyda oluyor\u2026 Fonda g\u00fcr\u00fcl g\u00fcr\u00fcl memleket!Jar, ger\u00e7ek hikayenin pe\u015finde merakla s\u00fcr\u00fcklenece\u011finiz \u00e7oklu bir anlat\u0131.\u201c\u00c7aresiz, Elektro\u2019nun teklifini kabul ettiler, ihtiyarlar\u0131n ger\u00e7ek hikayesi, Elektro\u2019nun anlataca\u011f\u0131 ilk hikaye de olabilirdi, sonuncusu da. Hatta bu hikayelerin hepsi yalan olabilece\u011fi gibi, t\u00fcm\u00fc birden tek bir ger\u00e7e\u011fi de kar\u015f\u0131layabilirdi. Ger\u00e7ek denilen \u015fey, biraz olsun yalana selam vermeliymi\u015f onun nazar\u0131na g\u00f6re. Zaten asl\u0131na bak\u0131l\u0131rsa bir hikayenin kendi ba\u015f\u0131na do\u011fruluk pay\u0131 olmazm\u0131\u015f hi\u00e7. Ama b\u00fct\u00fcn hikayeler birbirini tamamlar tamamlamaz, ger\u00e7e\u011fin kendisi \u015f\u0131p diye \u00e7\u0131karm\u0131\u015f orta yere.\u201d<\/p>\n","protected":false},"excerpt":{"rendered":"<p>Kemal Varol, ilk roman\u0131 Jar\u2019da 80 darbesinden sonra bir kasaban\u0131n ruhuna d\u00fc\u015f\u00fcp gelen iki ihtiyar adam\u0131, birbirine k\u00fcsen iki karde\u015fin kar\u015f\u0131l\u0131kl\u0131 kurulan meyhanesinde oturtuyor. Nihayete ermeyen,<span class=\"excerpt-hellip\"> [\u2026]<\/span><\/p>\n","protected":false},"featured_media":0,"template":"","meta":{"_monsterinsights_skip_tracking":false,"_monsterinsights_sitenote_active":false,"_monsterinsights_sitenote_note":"","_monsterinsights_sitenote_category":0},"product_brand":[],"product_cat":[12291,12711],"product_tag":[],"class_list":{"0":"post-782455","1":"product","2":"type-product","3":"status-publish","5":"product_cat-edebiyat","6":"product_cat-roman-oyku","7":"pa_cilt-ciltsiz","8":"pa_tur-kitap","9":"pa_yayinevi-everest-yayinlari","10":"pa_yazar-kemal-varol","12":"first","13":"instock","14":"sale","15":"shipping-taxable","16":"purchasable","17":"product-type-simple"},"_links":{"self":[{"href":"https:\/\/roveyayinevi.com.tr\/index.php\/wp-json\/wp\/v2\/product\/782455","targetHints":{"allow":["GET"]}}],"collection":[{"href":"https:\/\/roveyayinevi.com.tr\/index.php\/wp-json\/wp\/v2\/product"}],"about":[{"href":"https:\/\/roveyayinevi.com.tr\/index.php\/wp-json\/wp\/v2\/types\/product"}],"wp:attachment":[{"href":"https:\/\/roveyayinevi.com.tr\/index.php\/wp-json\/wp\/v2\/media?parent=782455"}],"wp:term":[{"taxonomy":"product_brand","embeddable":true,"href":"https:\/\/roveyayinevi.com.tr\/index.php\/wp-json\/wp\/v2\/product_brand?post=782455"},{"taxonomy":"product_cat","embeddable":true,"href":"https:\/\/roveyayinevi.com.tr\/index.php\/wp-json\/wp\/v2\/product_cat?post=782455"},{"taxonomy":"product_tag","embeddable":true,"href":"https:\/\/roveyayinevi.com.tr\/index.php\/wp-json\/wp\/v2\/product_tag?post=782455"}],"curies":[{"name":"wp","href":"https:\/\/api.w.org\/{rel}","templated":true}]}}