{"id":782452,"date":"2026-02-23T11:44:14","date_gmt":"2026-02-23T08:44:14","guid":{"rendered":"https:\/\/roveyayinevi.com.tr\/index.php\/urun\/ada-korkunca-karton-kapak\/"},"modified":"2026-04-16T02:39:10","modified_gmt":"2026-04-15T23:39:10","slug":"ada-korkunca-karton-kapak","status":"publish","type":"product","link":"https:\/\/roveyayinevi.com.tr\/index.php\/urun\/ada-korkunca-karton-kapak\/","title":{"rendered":"Ada Korkunca\u2026 (Karton Kapak)"},"content":{"rendered":"<p>Hepimiz gibi bazen Ada\u2019n\u0131n da karanl\u0131ktan korktu\u011fu geceler oluyor. Ama Ada ne yapaca\u011f\u0131n\u0131 biliyor!Ne zaman korksa onu koruyup kollayan arkada\u015flar\u0131n\u0131 \u00e7a\u011f\u0131r\u0131yor yan\u0131na. Koca dev, \u015f\u00f6valyeler, herkesi mutlu eden bir kediyle, \u015f\u0131r\u0131l \u015f\u0131r\u0131l akan \u015felale hemen ko\u015fuyor Ada\u2019n\u0131n yard\u0131m\u0131na.Kitaplar\u0131 ilgiyle takip edilen Heinz Janisch\u2019in m\u0131\u015f\u0131l m\u0131\u015f\u0131l uyumay\u0131 kolayla\u015ft\u0131racak bu \u00f6zg\u00fcn hik\u00e2yesini Barbara Jung resimledi, D\u00fcrrin Tun\u00e7 \u00e7evirdi.<\/p>\n","protected":false},"excerpt":{"rendered":"<p>Hepimiz gibi bazen Ada\u2019n\u0131n da karanl\u0131ktan korktu\u011fu geceler oluyor. Ama Ada ne yapaca\u011f\u0131n\u0131 biliyor!Ne zaman korksa onu koruyup kollayan arkada\u015flar\u0131n\u0131 \u00e7a\u011f\u0131r\u0131yor yan\u0131na. Koca dev, \u015f\u00f6valyeler, herkesi<span class=\"excerpt-hellip\"> [\u2026]<\/span><\/p>\n","protected":false},"featured_media":0,"template":"","meta":{"_monsterinsights_skip_tracking":false,"_monsterinsights_sitenote_active":false,"_monsterinsights_sitenote_note":"","_monsterinsights_sitenote_category":0},"product_brand":[],"product_cat":[12274,12284],"product_tag":[],"class_list":{"0":"post-782452","1":"product","2":"type-product","3":"status-publish","5":"product_cat-cocuk-ve-genclik-kitaplari","6":"product_cat-hikayeler","7":"pa_cilt-ciltli","8":"pa_tur-kitap","9":"pa_yayinevi-yapi-kredi-yayinlari","10":"pa_yazar-heinz-janisch","12":"first","13":"instock","14":"sale","15":"shipping-taxable","16":"purchasable","17":"product-type-simple"},"_links":{"self":[{"href":"https:\/\/roveyayinevi.com.tr\/index.php\/wp-json\/wp\/v2\/product\/782452","targetHints":{"allow":["GET"]}}],"collection":[{"href":"https:\/\/roveyayinevi.com.tr\/index.php\/wp-json\/wp\/v2\/product"}],"about":[{"href":"https:\/\/roveyayinevi.com.tr\/index.php\/wp-json\/wp\/v2\/types\/product"}],"wp:attachment":[{"href":"https:\/\/roveyayinevi.com.tr\/index.php\/wp-json\/wp\/v2\/media?parent=782452"}],"wp:term":[{"taxonomy":"product_brand","embeddable":true,"href":"https:\/\/roveyayinevi.com.tr\/index.php\/wp-json\/wp\/v2\/product_brand?post=782452"},{"taxonomy":"product_cat","embeddable":true,"href":"https:\/\/roveyayinevi.com.tr\/index.php\/wp-json\/wp\/v2\/product_cat?post=782452"},{"taxonomy":"product_tag","embeddable":true,"href":"https:\/\/roveyayinevi.com.tr\/index.php\/wp-json\/wp\/v2\/product_tag?post=782452"}],"curies":[{"name":"wp","href":"https:\/\/api.w.org\/{rel}","templated":true}]}}