{"id":782450,"date":"2026-02-23T11:44:00","date_gmt":"2026-02-23T08:44:00","guid":{"rendered":"https:\/\/roveyayinevi.com.tr\/index.php\/urun\/biraz-uzuldum-sanki-bazen-olur-boyle\/"},"modified":"2026-04-16T02:39:03","modified_gmt":"2026-04-15T23:39:03","slug":"biraz-uzuldum-sanki-bazen-olur-boyle","status":"publish","type":"product","link":"https:\/\/roveyayinevi.com.tr\/index.php\/urun\/biraz-uzuldum-sanki-bazen-olur-boyle\/","title":{"rendered":"Biraz \u00dcz\u00fcld\u00fcm Sanki! &#8211; Bazen Olur B\u00f6yle"},"content":{"rendered":"<p>\u00dcz\u00fcnt\u00fcyle Ba\u015f Etmeyi Sar\u0131 Bir Balonla Anlatmak M\u00fcmk\u00fcn M\u00fc?Klinik Psikolog Mehmet Teber\u2019in kaleminden \u201cBazen Olur B\u00f6yle\u201d serisi, soyut olan duygular\u0131 metaforik bir anlat\u0131mla somutla\u015ft\u0131ran, mini zarflar\u0131yla interaktif okuma sa\u011flayan hikayelerden olu\u015fuyor. Duygular\u0131 fark etmek, kabul etmek, y\u00f6netmek zordur.Her ya\u015ftan insana \u201cBazen olur b\u00f6yle ama bir yolu var kalbinde!\u201d dedirten, duygulara y\u00f6n vermekle ilgili fark\u0131ndal\u0131k kazand\u0131ran s\u0131cac\u0131k hikayeler sizi bekliyor. Serinin d\u00f6rd\u00fcnc\u00fc kitab\u0131 \u201cBiraz \u00dcz\u00fcld\u00fcm Sanki!\u201d sar\u0131 balon metaforu ile \u00fcz\u00fcnt\u00fc duygusuna y\u00f6n vermeyi bir sincap ailesi \u00fczerinden anlat\u0131yor.  Kalbindeki Sar\u0131 Balonla Tan\u0131\u015fmaya Haz\u0131r M\u0131s\u0131n?<\/p>\n","protected":false},"excerpt":{"rendered":"<p>\u00dcz\u00fcnt\u00fcyle Ba\u015f Etmeyi Sar\u0131 Bir Balonla Anlatmak M\u00fcmk\u00fcn M\u00fc?Klinik Psikolog Mehmet Teber\u2019in kaleminden \u201cBazen Olur B\u00f6yle\u201d serisi, soyut olan duygular\u0131 metaforik bir anlat\u0131mla somutla\u015ft\u0131ran, mini zarflar\u0131yla<span class=\"excerpt-hellip\"> [\u2026]<\/span><\/p>\n","protected":false},"featured_media":0,"template":"","meta":{"_monsterinsights_skip_tracking":false,"_monsterinsights_sitenote_active":false,"_monsterinsights_sitenote_note":"","_monsterinsights_sitenote_category":0},"product_brand":[],"product_cat":[12274,12523],"product_tag":[],"class_list":{"0":"post-782450","1":"product","2":"type-product","3":"status-publish","5":"product_cat-cocuk-ve-genclik-kitaplari","6":"product_cat-masallar","7":"pa_cilt-ciltsiz","8":"pa_tur-kitap","9":"pa_yayinevi-sincap-kitap","10":"pa_yazar-mehmet-teber","12":"first","13":"instock","14":"sale","15":"shipping-taxable","16":"purchasable","17":"product-type-simple"},"_links":{"self":[{"href":"https:\/\/roveyayinevi.com.tr\/index.php\/wp-json\/wp\/v2\/product\/782450","targetHints":{"allow":["GET"]}}],"collection":[{"href":"https:\/\/roveyayinevi.com.tr\/index.php\/wp-json\/wp\/v2\/product"}],"about":[{"href":"https:\/\/roveyayinevi.com.tr\/index.php\/wp-json\/wp\/v2\/types\/product"}],"wp:attachment":[{"href":"https:\/\/roveyayinevi.com.tr\/index.php\/wp-json\/wp\/v2\/media?parent=782450"}],"wp:term":[{"taxonomy":"product_brand","embeddable":true,"href":"https:\/\/roveyayinevi.com.tr\/index.php\/wp-json\/wp\/v2\/product_brand?post=782450"},{"taxonomy":"product_cat","embeddable":true,"href":"https:\/\/roveyayinevi.com.tr\/index.php\/wp-json\/wp\/v2\/product_cat?post=782450"},{"taxonomy":"product_tag","embeddable":true,"href":"https:\/\/roveyayinevi.com.tr\/index.php\/wp-json\/wp\/v2\/product_tag?post=782450"}],"curies":[{"name":"wp","href":"https:\/\/api.w.org\/{rel}","templated":true}]}}