{"id":782449,"date":"2026-02-23T11:43:36","date_gmt":"2026-02-23T08:43:36","guid":{"rendered":"https:\/\/roveyayinevi.com.tr\/index.php\/urun\/rahmetun-miner-rahman-4-kuran-i-kerim-tefsiri\/"},"modified":"2026-04-03T02:46:19","modified_gmt":"2026-04-02T23:46:19","slug":"rahmetun-miner-rahman-4-kuran-i-kerim-tefsiri","status":"publish","type":"product","link":"https:\/\/roveyayinevi.com.tr\/index.php\/urun\/rahmetun-miner-rahman-4-kuran-i-kerim-tefsiri\/","title":{"rendered":"Rahmet\u00fcn Mine&#8217;r-Rahman 4 Kur&#8217;an-\u0131 Kerim Tefsiri"},"content":{"rendered":"<p>Y\u00fcce kitap Kur\u2019\u00e2n-\u0131 Ker\u00eem\u2019i tefsir eden, peygamber v\u00e2risi b\u00fcy\u00fck \u00e2limlerden biri de \u015eeyh-i Ekber Muhyiddin \u0130bn Arab\u00ee hazretleridir. \u00c7e\u015fitli eserlerinde yapt\u0131\u011f\u0131 at\u0131flarla kendisine ait iki farkl\u0131 tefsirin bulundu\u011funu kesin bir \u015fekilde bilmekteyiz. Bunlardan biri olan \u00cec\u00e2zu\u2019l-bey\u00e2n fi\u2019t-tercemeti \u2018ani\u2019l-Kur\u2019\u00e2n isimli tefsirin F\u00e2tiha s\u00fbresinin ve Bakara s\u00fbresinin ba\u015f\u0131ndan bir b\u00f6l\u00fcm\u00fcn\u00fcn (1. c\u00fcz\u00fcn) tefsirini ihtiva eden miktar\u0131 elimize ula\u015fm\u0131\u015ft\u0131r. Daha b\u00fcy\u00fck bir tefsir olan el-Cem\u2018u ve\u2019t-tafs\u00eel f\u00ee ma\u2018rifeti me\u2018\u00e2n\u00ee\u2019t-tenz\u00eel isimli tefsirden ise elimize ula\u015fan hi\u00e7bir par\u00e7a bulunmamaktad\u0131r. \u201c\u0130bn Arab\u00ee Tefsiri\u201d ad\u0131 ile yay\u0131nlanm\u0131\u015f ve g\u00fcn\u00fcm\u00fczde tedav\u00fclde olan iki ciltlik tefsir ise \u0130bn Arab\u00ee\u2019nin de\u011fil, Abdurrezz\u00e2k elK\u00e2\u015f\u00e2n\u00ee\u2019nin (\u00f6. 730\/1330) tefsiridir. Nitekim o tefsirin yazma n\u00fcshas\u0131n\u0131n sonunda bizzat Abdurrezz\u00e2k el-K\u00e2\u015f\u00e2n\u00ee\u2019nin m\u00fchr\u00fc yer al\u0131r. Kald\u0131 ki \u015eeyh-i Ekber\u2019in \u00cec\u00e2zu\u2019l-bey\u00e2n fi\u2019t-tercemeti \u2018ani\u2019l-Kur\u2019\u00e2n isimli tefsirindeki \u00fcslubu ile Abdurrezz\u00e2k el-K\u00e2\u015f\u00e2n\u00ee\u2019nin bu tefsirdeki \u00fcslubu da olduk\u00e7a farkl\u0131d\u0131r, okuyucu bunu fark edecektir. Bu y\u00fczden, \u00f6zellikle \u015eeyh-i Ekber\u2019in Kur\u2019\u00e2n anlay\u0131\u015f\u0131n\u0131n daha iyi anla\u015f\u0131lmas\u0131n\u0131 sa\u011flamak i\u00e7in yirmi be\u015f seneden daha uzun bir s\u00fcre boyunca onun b\u00fct\u00fcn eserlerini titizlikle tarayarak Kur\u2019\u00e2n \u00e2yetlerinin tefsiri sadedinde de\u011ferlendirilebilecek b\u00fct\u00fcn ifadelerini toplay\u0131p \u00e2yetlere g\u00f6re tasnif ettik. Bunlar\u0131n bir k\u0131sm\u0131, di\u011fer tefsirlerde oldu\u011fu gibi, Kur\u2019\u00e2n ifadelerinin z\u00e2hir m\u00e2nalar\u0131n\u0131n ve ahk\u00e2m\u0131n\u0131n izah\u0131, di\u011fer bir k\u0131sm\u0131 ise i\u015f\u00e2r\u00ee tefsir olarak isimlendirilen tasavvufi tefsir \u015feklinde olup tevhid ve s\u00fcl\u00fbk bahisleri hakk\u0131nda idi. Nihayet bu derlemeyi \u015eeyh-i Ekber\u2019in il\u00e2h\u00ee rahmetin kapsay\u0131c\u0131l\u0131\u011f\u0131 ve azab\u0131n sonsuz olmad\u0131\u011f\u0131 \u015feklindeki anlay\u0131\u015f\u0131na uygun bir \u015fekilde, Rahmet\u00fcn mine\u2019r-Rahm\u00e2n f\u00ee tefs\u00eeri ve i\u015f\u00e2r\u00e2ti\u2019l-Kur\u2019\u00e2n olarak isimlendirdim. Mahm\u00fbd el-\u011eur\u00e2b<\/p>\n","protected":false},"excerpt":{"rendered":"<p>Y\u00fcce kitap Kur\u2019\u00e2n-\u0131 Ker\u00eem\u2019i tefsir eden, peygamber v\u00e2risi b\u00fcy\u00fck \u00e2limlerden biri de \u015eeyh-i Ekber Muhyiddin \u0130bn Arab\u00ee hazretleridir. \u00c7e\u015fitli eserlerinde yapt\u0131\u011f\u0131 at\u0131flarla kendisine ait iki farkl\u0131<span class=\"excerpt-hellip\"> [\u2026]<\/span><\/p>\n","protected":false},"featured_media":0,"template":"","meta":{"_monsterinsights_skip_tracking":false,"_monsterinsights_sitenote_active":false,"_monsterinsights_sitenote_note":"","_monsterinsights_sitenote_category":0},"product_brand":[],"product_cat":[12718,12719,17284],"product_tag":[],"class_list":{"0":"post-782449","1":"product","2":"type-product","3":"status-publish","5":"product_cat-din","6":"product_cat-islam","7":"product_cat-kuran-ve-kuran-uzerine","8":"pa_cilt-ciltsiz","9":"pa_tur-kitap","10":"pa_yayinevi-insan-yayinlari","11":"pa_yazar-ibn-i-arabi","13":"first","14":"instock","15":"sale","16":"shipping-taxable","17":"purchasable","18":"product-type-simple"},"_links":{"self":[{"href":"https:\/\/roveyayinevi.com.tr\/index.php\/wp-json\/wp\/v2\/product\/782449","targetHints":{"allow":["GET"]}}],"collection":[{"href":"https:\/\/roveyayinevi.com.tr\/index.php\/wp-json\/wp\/v2\/product"}],"about":[{"href":"https:\/\/roveyayinevi.com.tr\/index.php\/wp-json\/wp\/v2\/types\/product"}],"wp:attachment":[{"href":"https:\/\/roveyayinevi.com.tr\/index.php\/wp-json\/wp\/v2\/media?parent=782449"}],"wp:term":[{"taxonomy":"product_brand","embeddable":true,"href":"https:\/\/roveyayinevi.com.tr\/index.php\/wp-json\/wp\/v2\/product_brand?post=782449"},{"taxonomy":"product_cat","embeddable":true,"href":"https:\/\/roveyayinevi.com.tr\/index.php\/wp-json\/wp\/v2\/product_cat?post=782449"},{"taxonomy":"product_tag","embeddable":true,"href":"https:\/\/roveyayinevi.com.tr\/index.php\/wp-json\/wp\/v2\/product_tag?post=782449"}],"curies":[{"name":"wp","href":"https:\/\/api.w.org\/{rel}","templated":true}]}}