{"id":782448,"date":"2026-02-23T11:43:22","date_gmt":"2026-02-23T08:43:22","guid":{"rendered":"https:\/\/roveyayinevi.com.tr\/index.php\/urun\/meydan-okuyan-kadinlar\/"},"modified":"2026-04-16T02:38:38","modified_gmt":"2026-04-15T23:38:38","slug":"meydan-okuyan-kadinlar","status":"publish","type":"product","link":"https:\/\/roveyayinevi.com.tr\/index.php\/urun\/meydan-okuyan-kadinlar\/","title":{"rendered":"Meydan Okuyan  Kad\u0131nlar"},"content":{"rendered":"<p>Annette kad\u0131nlar\u0131n suda daha rahat hareket etmelerini sa\u011flayacak ba\u015fka bir giysi \u00fczerine d\u00fc\u015f\u00fcnmeye ba\u015flad\u0131. \u0130\u00e7 \u00e7ama\u015f\u0131rlar\u0131n\u0131 birle\u015ftirerek bir \u00f6rnek dikti ve bu yeni k\u0131yafeti sergilemek i\u00e7in \u0130ngiliz Kraliyet Ailesinin \u00f6n\u00fcnde y\u00fczmeye davet edildi\u011fi g\u00fcn\u00fc se\u00e7ti. \u0130zleyiciler \u00f6fkelenmi\u015fti, ama Annette fark\u0131nda olmadan kad\u0131nlar\u0131n hayat\u0131nda devrim yaratm\u0131\u015ft\u0131. Belki de onu \u00f6zetlemenin en iyi \u015fekli \u015fu olabilir: Kad\u0131nlar\u0131n bedenlerinin \u00f6zg\u00fcrle\u015fmesine yard\u0131mc\u0131 oldu. Bu kitap, iktidar\u0131 ele ge\u00e7irip \u00c7in\u2019e en ferah dolu d\u00f6nemini ya\u015fatan imparatori\u00e7eden d\u00fcnya rekorunu k\u0131ran atlete, \u00e7ocuk gelin olmaktan ka\u00e7\u0131p rap y\u0131ld\u0131z\u0131 olan Sonita\u2019dan ara\u015ft\u0131rmac\u0131 gazetecili\u011fi ba\u015flatan Nelly Bly\u2019e, kad\u0131nlar\u0131n hik\u00e2yelerini anlat\u0131yor. Bu c\u00fcretk\u00e2r kad\u0131nlar hayat\u0131n \u00f6nlerine \u00e7\u0131kard\u0131\u011f\u0131 engelleri a\u015f\u0131yor ve kendi se\u00e7imlerini yap\u0131yor. Kad\u0131n olmak, kabile lideri olmay\u0131, uzaya gitmeyi engelleyemiyor. Meydan Okuyan Kad\u0131nlar kendine kar\u015f\u0131 d\u00fcr\u00fcst kalarak hayat\u0131n\u0131 ya\u015famak isteyen herkes i\u00e7in ilham verici \u00f6yk\u00fcler payla\u015f\u0131yor. <\/p>\n","protected":false},"excerpt":{"rendered":"<p>Annette kad\u0131nlar\u0131n suda daha rahat hareket etmelerini sa\u011flayacak ba\u015fka bir giysi \u00fczerine d\u00fc\u015f\u00fcnmeye ba\u015flad\u0131. \u0130\u00e7 \u00e7ama\u015f\u0131rlar\u0131n\u0131 birle\u015ftirerek bir \u00f6rnek dikti ve bu yeni k\u0131yafeti sergilemek i\u00e7in<span class=\"excerpt-hellip\"> [\u2026]<\/span><\/p>\n","protected":false},"featured_media":0,"template":"","meta":{"_monsterinsights_skip_tracking":false,"_monsterinsights_sitenote_active":false,"_monsterinsights_sitenote_note":"","_monsterinsights_sitenote_category":0},"product_brand":[],"product_cat":[12689,12274],"product_tag":[],"class_list":{"0":"post-782448","1":"product","2":"type-product","3":"status-publish","5":"product_cat-cizgi-roman-cocuk-ve-genclik-kitaplari","6":"product_cat-cocuk-ve-genclik-kitaplari","7":"pa_cilt-ciltsiz","8":"pa_tur-kitap","9":"pa_yayinevi-alfa-yayinlari","10":"pa_yazar-penelope-bagieu","12":"first","13":"instock","14":"sale","15":"shipping-taxable","16":"purchasable","17":"product-type-simple"},"_links":{"self":[{"href":"https:\/\/roveyayinevi.com.tr\/index.php\/wp-json\/wp\/v2\/product\/782448","targetHints":{"allow":["GET"]}}],"collection":[{"href":"https:\/\/roveyayinevi.com.tr\/index.php\/wp-json\/wp\/v2\/product"}],"about":[{"href":"https:\/\/roveyayinevi.com.tr\/index.php\/wp-json\/wp\/v2\/types\/product"}],"wp:attachment":[{"href":"https:\/\/roveyayinevi.com.tr\/index.php\/wp-json\/wp\/v2\/media?parent=782448"}],"wp:term":[{"taxonomy":"product_brand","embeddable":true,"href":"https:\/\/roveyayinevi.com.tr\/index.php\/wp-json\/wp\/v2\/product_brand?post=782448"},{"taxonomy":"product_cat","embeddable":true,"href":"https:\/\/roveyayinevi.com.tr\/index.php\/wp-json\/wp\/v2\/product_cat?post=782448"},{"taxonomy":"product_tag","embeddable":true,"href":"https:\/\/roveyayinevi.com.tr\/index.php\/wp-json\/wp\/v2\/product_tag?post=782448"}],"curies":[{"name":"wp","href":"https:\/\/api.w.org\/{rel}","templated":true}]}}