{"id":782446,"date":"2026-02-23T11:42:48","date_gmt":"2026-02-23T08:42:48","guid":{"rendered":"https:\/\/roveyayinevi.com.tr\/index.php\/urun\/mirmir-osman\/"},"modified":"2026-04-16T02:38:33","modified_gmt":"2026-04-15T23:38:33","slug":"mirmir-osman","status":"publish","type":"product","link":"https:\/\/roveyayinevi.com.tr\/index.php\/urun\/mirmir-osman\/","title":{"rendered":"M\u0131rm\u0131r Osman"},"content":{"rendered":"<p>Kuledibi\u2019ndeki Aztek Galerisi\u2019nde me\u015fhur tablolar sergilenmektedir. Sergiyi gezen Osman Mona Lisa\u2019ya, \u015ei\u015fko Efe ise Marilyn Monroe\u2019ya ilk g\u00f6r\u00fc\u015fte \u00e2\u015f\u0131k olur. \u00dcstelik Mona da Osman\u2019a kar\u015f\u0131 bo\u015f de\u011fildir!   Osman\u2019\u0131n ge\u00e7mi\u015fe Nazl\u0131\u2019n\u0131n ise gelece\u011fe yolculuk yapt\u0131\u011f\u0131 \u015ei\u015fhane Yoku\u015fu\u2019ndaki k\u00fc\u00e7\u00fck mahallede yine ak\u0131l almaz \u015feyler oluyor. \u201cElimden tut, atla \u00e7er\u00e7eveden a\u015fa\u011f\u0131ya,\u201d dedi Mona Lisa. O an galeri tenhayd\u0131. Kimseler yoktu etrafta. Osman tablodan a\u015fa\u011f\u0131ya atlad\u0131. Mona Lisa\u2019y\u0131 iki elinden tutup d\u0131\u015far\u0131ya \u00e7ekti. O da tablodan \u00e7\u0131km\u0131\u015ft\u0131.<\/p>\n","protected":false},"excerpt":{"rendered":"<p>Kuledibi\u2019ndeki Aztek Galerisi\u2019nde me\u015fhur tablolar sergilenmektedir. Sergiyi gezen Osman Mona Lisa\u2019ya, \u015ei\u015fko Efe ise Marilyn Monroe\u2019ya ilk g\u00f6r\u00fc\u015fte \u00e2\u015f\u0131k olur. \u00dcstelik Mona da Osman\u2019a kar\u015f\u0131 bo\u015f<span class=\"excerpt-hellip\"> [\u2026]<\/span><\/p>\n","protected":false},"featured_media":0,"template":"","meta":{"_monsterinsights_skip_tracking":false,"_monsterinsights_sitenote_active":false,"_monsterinsights_sitenote_note":"","_monsterinsights_sitenote_category":0},"product_brand":[],"product_cat":[12275,12274],"product_tag":[],"class_list":{"0":"post-782446","1":"product","2":"type-product","3":"status-publish","5":"product_cat-6-12-yas-kitaplari","6":"product_cat-cocuk-ve-genclik-kitaplari","7":"pa_cilt-ciltsiz","8":"pa_tur-kitap","9":"pa_yayinevi-everest-yayinlari","10":"pa_yazar-nazli-eray","12":"first","13":"instock","14":"sale","15":"shipping-taxable","16":"purchasable","17":"product-type-simple"},"_links":{"self":[{"href":"https:\/\/roveyayinevi.com.tr\/index.php\/wp-json\/wp\/v2\/product\/782446","targetHints":{"allow":["GET"]}}],"collection":[{"href":"https:\/\/roveyayinevi.com.tr\/index.php\/wp-json\/wp\/v2\/product"}],"about":[{"href":"https:\/\/roveyayinevi.com.tr\/index.php\/wp-json\/wp\/v2\/types\/product"}],"wp:attachment":[{"href":"https:\/\/roveyayinevi.com.tr\/index.php\/wp-json\/wp\/v2\/media?parent=782446"}],"wp:term":[{"taxonomy":"product_brand","embeddable":true,"href":"https:\/\/roveyayinevi.com.tr\/index.php\/wp-json\/wp\/v2\/product_brand?post=782446"},{"taxonomy":"product_cat","embeddable":true,"href":"https:\/\/roveyayinevi.com.tr\/index.php\/wp-json\/wp\/v2\/product_cat?post=782446"},{"taxonomy":"product_tag","embeddable":true,"href":"https:\/\/roveyayinevi.com.tr\/index.php\/wp-json\/wp\/v2\/product_tag?post=782446"}],"curies":[{"name":"wp","href":"https:\/\/api.w.org\/{rel}","templated":true}]}}