{"id":782445,"date":"2026-02-23T11:42:44","date_gmt":"2026-02-23T08:42:44","guid":{"rendered":"https:\/\/roveyayinevi.com.tr\/index.php\/urun\/eskilerin-soleni-hayalet-muzik-2\/"},"modified":"2026-04-16T02:38:33","modified_gmt":"2026-04-15T23:38:33","slug":"eskilerin-soleni-hayalet-muzik-2","status":"publish","type":"product","link":"https:\/\/roveyayinevi.com.tr\/index.php\/urun\/eskilerin-soleni-hayalet-muzik-2\/","title":{"rendered":"Eskilerin \u015e\u00f6leni &#8211; Hayalet M\u00fczik 2"},"content":{"rendered":"<p>\u201cLidya Kral\u0131 Gyges\u2019i d\u00fc\u015f\u00fcn\u00fcrken Albinoni dinleyen tarih\u00e7i; Frigya\u2019da Ana Tanr\u0131\u00e7a Kybele i\u00e7in m\u00fczikli ve kanl\u0131 ayinler d\u00fczenleyen rahipler; Hattu\u015fa\u2019y\u0131 saran laneti nas\u0131l ortadan kald\u0131raca\u011f\u0131na kafa yorarken rit\u00fcel rahibelerinin ilahileriyle kendinden ge\u00e7en Hitit Kral\u0131 Mur\u015fili; Yunan mitolojisindeki Sirenleri, T\u00fcrklerin Tanr\u0131\u00e7as\u0131 Umay\u2019\u0131 ve ge\u00e7mi\u015fin nice efsanesini pe\u015finde s\u00fcr\u00fckleyen m\u00fczisyen; \u0130thaka\u2019daki kurban t\u00f6reninin an\u0131lar\u0131n\u0131 hep i\u00e7inde ta\u015f\u0131yan anne; evinin penceresinden Fo\u00e7a\u2019daki Siren Kayal\u0131klar\u0131\u2019n\u0131 seyreden kad\u0131n; Antik \u00c7a\u011f saraylar\u0131nda \u015fark\u0131lar e\u015fli\u011finde efsaneler anlatan ozan; Sefarad Yahudilerinin s\u00fcrg\u00fcn\u00fc ve Osmanl\u0131 zaman\u0131nda ge\u00e7en hik\u00e2yeler bulacaks\u0131n\u0131z Hayalet M\u00fczik 2: Eskilerin \u015e\u00f6leni\u2019nde.Her insan\u0131n karanl\u0131k bir taraf\u0131 bulunur. Kiminde yo\u011fundur bu karanl\u0131k, kiminde ise belli belirsiz\u2026 \u0130\u015fte bu kitap, insan\u0131n i\u00e7indeki karanl\u0131\u011fa ayna tutarken m\u00fczi\u011fin ritmini de kulak arkas\u0131 etmeyen \u00f6yk\u00fclerden olu\u015fuyor. Zira korku ve karanl\u0131k da t\u0131pk\u0131 m\u00fczik gibi insanl\u0131k tarihiyle ya\u015f\u0131t.\u201dArtemis Yay\u0131nlar\u0131\u2019ndan \u00e7\u0131kan, korku ile fantazya edebiyat\u0131n\u0131n T\u00fcrkiye\u2019deki \u00f6nemli isimlerini yazar kadrosunda bar\u0131nd\u0131ran Hayalet M\u00fczik antolojisinde m\u00fczik temal\u0131 karanl\u0131k \u00f6yk\u00fcler yer al\u0131yordu. Ayn\u0131 serinin ikinci derlemesi olan Hayalet M\u00fczik 2: Eskilerin \u015e\u00f6leni ise tarihi kurguyu m\u00fczikle ve insan\u0131n i\u00e7indeki karanl\u0131kla birle\u015ftiriyor. Her biri kendi alan\u0131nda \u00f6nemli eserlere imza atan on yazardan on farkl\u0131 karanl\u0131k, \u00fcrpertici ve melodik hik\u00e2yeyi okurken tekinsiz bir yolculu\u011fa \u00e7\u0131kacaks\u0131n\u0131z.<\/p>\n","protected":false},"excerpt":{"rendered":"<p>\u201cLidya Kral\u0131 Gyges\u2019i d\u00fc\u015f\u00fcn\u00fcrken Albinoni dinleyen tarih\u00e7i; Frigya\u2019da Ana Tanr\u0131\u00e7a Kybele i\u00e7in m\u00fczikli ve kanl\u0131 ayinler d\u00fczenleyen rahipler; Hattu\u015fa\u2019y\u0131 saran laneti nas\u0131l ortadan kald\u0131raca\u011f\u0131na kafa yorarken<span class=\"excerpt-hellip\"> [\u2026]<\/span><\/p>\n","protected":false},"featured_media":0,"template":"","meta":{"_monsterinsights_skip_tracking":false,"_monsterinsights_sitenote_active":false,"_monsterinsights_sitenote_note":"","_monsterinsights_sitenote_category":0},"product_brand":[],"product_cat":[12291,12711],"product_tag":[],"class_list":{"0":"post-782445","1":"product","2":"type-product","3":"status-publish","5":"product_cat-edebiyat","6":"product_cat-roman-oyku","7":"pa_cilt-ciltsiz","8":"pa_tur-kitap","9":"pa_yayinevi-artemis-yayinlari","10":"pa_yazar-artemis-yayinlari-kolektif","12":"first","13":"instock","14":"sale","15":"shipping-taxable","16":"purchasable","17":"product-type-simple"},"_links":{"self":[{"href":"https:\/\/roveyayinevi.com.tr\/index.php\/wp-json\/wp\/v2\/product\/782445","targetHints":{"allow":["GET"]}}],"collection":[{"href":"https:\/\/roveyayinevi.com.tr\/index.php\/wp-json\/wp\/v2\/product"}],"about":[{"href":"https:\/\/roveyayinevi.com.tr\/index.php\/wp-json\/wp\/v2\/types\/product"}],"wp:attachment":[{"href":"https:\/\/roveyayinevi.com.tr\/index.php\/wp-json\/wp\/v2\/media?parent=782445"}],"wp:term":[{"taxonomy":"product_brand","embeddable":true,"href":"https:\/\/roveyayinevi.com.tr\/index.php\/wp-json\/wp\/v2\/product_brand?post=782445"},{"taxonomy":"product_cat","embeddable":true,"href":"https:\/\/roveyayinevi.com.tr\/index.php\/wp-json\/wp\/v2\/product_cat?post=782445"},{"taxonomy":"product_tag","embeddable":true,"href":"https:\/\/roveyayinevi.com.tr\/index.php\/wp-json\/wp\/v2\/product_tag?post=782445"}],"curies":[{"name":"wp","href":"https:\/\/api.w.org\/{rel}","templated":true}]}}