{"id":782444,"date":"2026-02-23T11:42:39","date_gmt":"2026-02-23T08:42:39","guid":{"rendered":"https:\/\/roveyayinevi.com.tr\/index.php\/urun\/hic-uzulme-kucuk-ayicik-ilk-kitaplarim\/"},"modified":"2026-02-25T02:47:21","modified_gmt":"2026-02-24T23:47:21","slug":"hic-uzulme-kucuk-ayicik-ilk-kitaplarim","status":"publish","type":"product","link":"https:\/\/roveyayinevi.com.tr\/index.php\/urun\/hic-uzulme-kucuk-ayicik-ilk-kitaplarim\/","title":{"rendered":"Hi\u00e7 \u00dcz\u00fclme K\u00fc\u00e7\u00fck Ay\u0131c\u0131k &#8211; \u0130lk Kitaplar\u0131m"},"content":{"rendered":"<p>Ay\u0131c\u0131k ko\u015farken yere d\u00fc\u015ft\u00fc. Can\u0131 \u00e7ok ac\u0131d\u0131. Babas\u0131 ko\u015farak geldi ve onu hemen iyile\u015ftirdi. \u00c7ok ge\u00e7meden baba ay\u0131 sivri bir ta\u015fa bast\u0131. Neyse ki Ay\u0131c\u0131k babas\u0131n\u0131 nas\u0131l iyile\u015ftirece\u011fini \u00e7ok iyi biliyordu. Teselli edici, sevgi dolu bir hik\u00e2ye\u2026 <\/p>\n","protected":false},"excerpt":{"rendered":"<p>Ay\u0131c\u0131k ko\u015farken yere d\u00fc\u015ft\u00fc. Can\u0131 \u00e7ok ac\u0131d\u0131. Babas\u0131 ko\u015farak geldi ve onu hemen iyile\u015ftirdi. \u00c7ok ge\u00e7meden baba ay\u0131 sivri bir ta\u015fa bast\u0131. Neyse ki Ay\u0131c\u0131k babas\u0131n\u0131<span class=\"excerpt-hellip\"> [\u2026]<\/span><\/p>\n","protected":false},"featured_media":0,"template":"","meta":{"_monsterinsights_skip_tracking":false,"_monsterinsights_sitenote_active":false,"_monsterinsights_sitenote_note":"","_monsterinsights_sitenote_category":0},"product_brand":[],"product_cat":[12274,12518],"product_tag":[],"class_list":{"0":"post-782444","1":"product","2":"type-product","3":"status-publish","5":"product_cat-cocuk-ve-genclik-kitaplari","6":"product_cat-okul-oncesi-kitaplar","7":"pa_cilt-ciltsiz","8":"pa_tur-kitap","9":"pa_yayinevi-is-bankasi-kultur-yayinlari","10":"pa_yazar-katja-reider","12":"first","13":"instock","14":"sale","15":"shipping-taxable","16":"purchasable","17":"product-type-simple"},"_links":{"self":[{"href":"https:\/\/roveyayinevi.com.tr\/index.php\/wp-json\/wp\/v2\/product\/782444","targetHints":{"allow":["GET"]}}],"collection":[{"href":"https:\/\/roveyayinevi.com.tr\/index.php\/wp-json\/wp\/v2\/product"}],"about":[{"href":"https:\/\/roveyayinevi.com.tr\/index.php\/wp-json\/wp\/v2\/types\/product"}],"wp:attachment":[{"href":"https:\/\/roveyayinevi.com.tr\/index.php\/wp-json\/wp\/v2\/media?parent=782444"}],"wp:term":[{"taxonomy":"product_brand","embeddable":true,"href":"https:\/\/roveyayinevi.com.tr\/index.php\/wp-json\/wp\/v2\/product_brand?post=782444"},{"taxonomy":"product_cat","embeddable":true,"href":"https:\/\/roveyayinevi.com.tr\/index.php\/wp-json\/wp\/v2\/product_cat?post=782444"},{"taxonomy":"product_tag","embeddable":true,"href":"https:\/\/roveyayinevi.com.tr\/index.php\/wp-json\/wp\/v2\/product_tag?post=782444"}],"curies":[{"name":"wp","href":"https:\/\/api.w.org\/{rel}","templated":true}]}}