{"id":782443,"date":"2026-02-23T11:42:24","date_gmt":"2026-02-23T08:42:24","guid":{"rendered":"https:\/\/roveyayinevi.com.tr\/index.php\/urun\/calismanin-evrimi-ve-isin-sonu\/"},"modified":"2026-04-16T02:37:43","modified_gmt":"2026-04-15T23:37:43","slug":"calismanin-evrimi-ve-isin-sonu","status":"publish","type":"product","link":"https:\/\/roveyayinevi.com.tr\/index.php\/urun\/calismanin-evrimi-ve-isin-sonu\/","title":{"rendered":"\u00c7al\u0131\u015fman\u0131n Evrimi ve \u0130\u015fin Sonu"},"content":{"rendered":"<p>\u00c7al\u0131\u015fman\u0131n anlam\u0131 ve rol\u00fcne ele\u015ftirel bir tarihsel perspektiften bakarak sosyal teorilerde i\u015fin sonu d\u00fc\u015f\u00fcncesini izleyen bu kitab\u0131n iskeletini belli ba\u015fl\u0131 sorular olu\u015fturuyor. \u00c7al\u0131\u015fma, antropolojik bir kategori olarak insan do\u011fas\u0131na i\u00e7kin bir faaliyet midir? Tarihsel s\u00fcre\u00e7te \u00e7al\u0131\u015fman\u0131n anlam\u0131na ili\u015fkin temel k\u0131r\u0131lma noktalar\u0131 hangileridir? \u0130\u015fi insan hayat\u0131n\u0131n merkezine yerle\u015ftiren geli\u015fmeler nelerdir? G\u00fcn\u00fcm\u00fczde i\u015f, bireysel anlam\u0131n\u0131 ve toplumsal konumunu koruyor mu? Sosyal teorilerde \u00e7al\u0131\u015fmaya y\u00f6nelik ele\u015ftirilerin odak noktalar\u0131 nelerdir? \u0130\u015fin ortadan kalkt\u0131\u011f\u0131 bir toplum tahayy\u00fcl\u00fc, insanl\u0131\u011f\u0131n gelece\u011fi i\u00e7in anlaml\u0131 bir yol sunmakta m\u0131d\u0131r? \u00c7al\u0131\u015fman\u0131n Evrimi ve \u0130\u015fin Sonu, insanlar\u0131n aslen \u00fcretken varl\u0131klar oldu\u011fu, \u00e7al\u0131\u015fman\u0131n da potansiyel olarak \u00f6zg\u00fcrle\u015ftirici, insan\u0131n kendini ger\u00e7ekle\u015ftirmesine, bireysel geli\u015fimine ve \u00f6z yarat\u0131ma giden yolda en birincil faaliyet oldu\u011fu kabul\u00fcnden yola \u00e7\u0131k\u0131yor. Bu y\u00f6n\u00fcyle, \u00e7al\u0131\u015fma kavram\u0131n\u0131n modern kapitalist toplumlardan itibaren \u00fccret kar\u015f\u0131l\u0131\u011f\u0131 yap\u0131lan \u201ci\u015f\u201de d\u00f6n\u00fc\u015ferek hapsoldu\u011fu s\u0131n\u0131rlara bir itiraz olarak okunabilir. \u201c\u0130\u015fin sonu\u201d terimiyle, hem i\u015fin ele\u015ftirisi hem de insan\u0131n \u00f6zg\u00fcr iradesinin, arzular\u0131n\u0131n, yarat\u0131c\u0131 yeteneklerinin ve \u00fcretken g\u00fcc\u00fcn\u00fcn savunusunu i\u015faret eden bu kitap, emek meselesine ilgi duyan t\u00fcm okurlara faydal\u0131 ve geni\u015f kapsaml\u0131 bir inceleme sunmaktad\u0131ra<\/p>\n","protected":false},"excerpt":{"rendered":"<p>\u00c7al\u0131\u015fman\u0131n anlam\u0131 ve rol\u00fcne ele\u015ftirel bir tarihsel perspektiften bakarak sosyal teorilerde i\u015fin sonu d\u00fc\u015f\u00fcncesini izleyen bu kitab\u0131n iskeletini belli ba\u015fl\u0131 sorular olu\u015fturuyor. \u00c7al\u0131\u015fma, antropolojik bir kategori<span class=\"excerpt-hellip\"> [\u2026]<\/span><\/p>\n","protected":false},"featured_media":0,"template":"","meta":{"_monsterinsights_skip_tracking":false,"_monsterinsights_sitenote_active":false,"_monsterinsights_sitenote_note":"","_monsterinsights_sitenote_category":0},"product_brand":[],"product_cat":[13043,17647],"product_tag":[],"class_list":{"0":"post-782443","1":"product","2":"type-product","3":"status-publish","5":"product_cat-ekonomi","6":"product_cat-is-dunyasi","7":"pa_cilt-ciltsiz","8":"pa_tur-kitap","9":"pa_yayinevi-imge-kitabevi-yayinlari","10":"pa_yazar-selcan-peksan","12":"first","13":"instock","14":"sale","15":"shipping-taxable","16":"purchasable","17":"product-type-simple"},"_links":{"self":[{"href":"https:\/\/roveyayinevi.com.tr\/index.php\/wp-json\/wp\/v2\/product\/782443","targetHints":{"allow":["GET"]}}],"collection":[{"href":"https:\/\/roveyayinevi.com.tr\/index.php\/wp-json\/wp\/v2\/product"}],"about":[{"href":"https:\/\/roveyayinevi.com.tr\/index.php\/wp-json\/wp\/v2\/types\/product"}],"wp:attachment":[{"href":"https:\/\/roveyayinevi.com.tr\/index.php\/wp-json\/wp\/v2\/media?parent=782443"}],"wp:term":[{"taxonomy":"product_brand","embeddable":true,"href":"https:\/\/roveyayinevi.com.tr\/index.php\/wp-json\/wp\/v2\/product_brand?post=782443"},{"taxonomy":"product_cat","embeddable":true,"href":"https:\/\/roveyayinevi.com.tr\/index.php\/wp-json\/wp\/v2\/product_cat?post=782443"},{"taxonomy":"product_tag","embeddable":true,"href":"https:\/\/roveyayinevi.com.tr\/index.php\/wp-json\/wp\/v2\/product_tag?post=782443"}],"curies":[{"name":"wp","href":"https:\/\/api.w.org\/{rel}","templated":true}]}}