{"id":782437,"date":"2026-02-23T11:40:58","date_gmt":"2026-02-23T08:40:58","guid":{"rendered":"https:\/\/roveyayinevi.com.tr\/index.php\/urun\/kemerlerinizi-baglayin\/"},"modified":"2026-04-16T02:37:06","modified_gmt":"2026-04-15T23:37:06","slug":"kemerlerinizi-baglayin","status":"publish","type":"product","link":"https:\/\/roveyayinevi.com.tr\/index.php\/urun\/kemerlerinizi-baglayin\/","title":{"rendered":"Kemerlerinizi Ba\u011flay\u0131n"},"content":{"rendered":"<p>Tenten\u2019e hayat veren Herg\u00e9 bu kez \u00e7ocukluk halleri \u00fczerine e\u011flenceli bir \u00e7izgi romanla kar\u015f\u0131m\u0131zda. \u00c7ocuklu\u011fa adeta bir sayg\u0131 duru\u015fu olan seride kahramanlar\u0131m\u0131z Quick ve Flupke, kendilerine has karakterleri, yaramazl\u0131klar\u0131 ve safl\u0131klar\u0131yla on bir cilt boyunca okuru g\u00fclmekten k\u0131r\u0131p ge\u00e7iriyor. Kimi zaman ailelerini, kimi zaman polisleri k\u0131zd\u0131r\u0131yorlar ve \u00e7o\u011fu zaman ba\u015flar\u0131ndan b\u00fcy\u00fck dertler a\u00e7\u0131yorlar. Serinin son kitab\u0131n\u0131n da dedi\u011fi gibi Kemerlerinizi Ba\u011flay\u0131n \u00e7\u00fcnk\u00fc Tenten\u2019i aratmayacak bir maceraya at\u0131lmak \u00fczereyiz.<\/p>\n","protected":false},"excerpt":{"rendered":"<p>Tenten\u2019e hayat veren Herg\u00e9 bu kez \u00e7ocukluk halleri \u00fczerine e\u011flenceli bir \u00e7izgi romanla kar\u015f\u0131m\u0131zda. \u00c7ocuklu\u011fa adeta bir sayg\u0131 duru\u015fu olan seride kahramanlar\u0131m\u0131z Quick ve Flupke, kendilerine<span class=\"excerpt-hellip\"> [\u2026]<\/span><\/p>\n","protected":false},"featured_media":0,"template":"","meta":{"_monsterinsights_skip_tracking":false,"_monsterinsights_sitenote_active":false,"_monsterinsights_sitenote_note":"","_monsterinsights_sitenote_category":0},"product_brand":[],"product_cat":[12689,12274],"product_tag":[],"class_list":{"0":"post-782437","1":"product","2":"type-product","3":"status-publish","5":"product_cat-cizgi-roman-cocuk-ve-genclik-kitaplari","6":"product_cat-cocuk-ve-genclik-kitaplari","7":"pa_cilt-ciltsiz","8":"pa_tur-kitap","9":"pa_yayinevi-alfa-yayinlari","10":"pa_yazar-herge","12":"first","13":"instock","14":"sale","15":"shipping-taxable","16":"purchasable","17":"product-type-simple"},"_links":{"self":[{"href":"https:\/\/roveyayinevi.com.tr\/index.php\/wp-json\/wp\/v2\/product\/782437","targetHints":{"allow":["GET"]}}],"collection":[{"href":"https:\/\/roveyayinevi.com.tr\/index.php\/wp-json\/wp\/v2\/product"}],"about":[{"href":"https:\/\/roveyayinevi.com.tr\/index.php\/wp-json\/wp\/v2\/types\/product"}],"wp:attachment":[{"href":"https:\/\/roveyayinevi.com.tr\/index.php\/wp-json\/wp\/v2\/media?parent=782437"}],"wp:term":[{"taxonomy":"product_brand","embeddable":true,"href":"https:\/\/roveyayinevi.com.tr\/index.php\/wp-json\/wp\/v2\/product_brand?post=782437"},{"taxonomy":"product_cat","embeddable":true,"href":"https:\/\/roveyayinevi.com.tr\/index.php\/wp-json\/wp\/v2\/product_cat?post=782437"},{"taxonomy":"product_tag","embeddable":true,"href":"https:\/\/roveyayinevi.com.tr\/index.php\/wp-json\/wp\/v2\/product_tag?post=782437"}],"curies":[{"name":"wp","href":"https:\/\/api.w.org\/{rel}","templated":true}]}}