{"id":782432,"date":"2026-02-23T11:40:35","date_gmt":"2026-02-23T08:40:35","guid":{"rendered":"https:\/\/roveyayinevi.com.tr\/index.php\/urun\/hareketli-dinozorlar\/"},"modified":"2026-03-09T02:43:34","modified_gmt":"2026-03-08T23:43:34","slug":"hareketli-dinozorlar","status":"publish","type":"product","link":"https:\/\/roveyayinevi.com.tr\/index.php\/urun\/hareketli-dinozorlar\/","title":{"rendered":"Hareketli Dinozorlar"},"content":{"rendered":"<p>Zamanda geriye do\u011fru yolculu\u011fa \u00e7\u0131k\u0131p, dinozorlar\u0131n d\u00fcnyas\u0131na git! \u0130LK KE\u015e\u0130FLER-Dinozorlar, hareketli sahneleri, dinozor bulma oyunlar\u0131 ve verdi\u011fi e\u011flenceli Bilgilerle, do\u011fayla tan\u0131\u015fma konusunda harika bir ilk kitap<\/p>\n","protected":false},"excerpt":{"rendered":"<p>Zamanda geriye do\u011fru yolculu\u011fa \u00e7\u0131k\u0131p, dinozorlar\u0131n d\u00fcnyas\u0131na git! \u0130LK KE\u015e\u0130FLER-Dinozorlar, hareketli sahneleri, dinozor bulma oyunlar\u0131 ve verdi\u011fi e\u011flenceli Bilgilerle, do\u011fayla tan\u0131\u015fma konusunda harika bir ilk kitap<\/p>\n","protected":false},"featured_media":0,"template":"","meta":{"_monsterinsights_skip_tracking":false,"_monsterinsights_sitenote_active":false,"_monsterinsights_sitenote_note":"","_monsterinsights_sitenote_category":0},"product_brand":[],"product_cat":[12274,12518],"product_tag":[],"class_list":{"0":"post-782432","1":"product","2":"type-product","3":"status-publish","5":"product_cat-cocuk-ve-genclik-kitaplari","6":"product_cat-okul-oncesi-kitaplar","7":"pa_cilt-ciltli","8":"pa_tur-kitap","9":"pa_yayinevi-is-bankasi-kultur-yayinlari","10":"pa_yazar-is-bankasi-kollektif","12":"first","13":"instock","14":"sale","15":"shipping-taxable","16":"purchasable","17":"product-type-simple"},"_links":{"self":[{"href":"https:\/\/roveyayinevi.com.tr\/index.php\/wp-json\/wp\/v2\/product\/782432","targetHints":{"allow":["GET"]}}],"collection":[{"href":"https:\/\/roveyayinevi.com.tr\/index.php\/wp-json\/wp\/v2\/product"}],"about":[{"href":"https:\/\/roveyayinevi.com.tr\/index.php\/wp-json\/wp\/v2\/types\/product"}],"wp:attachment":[{"href":"https:\/\/roveyayinevi.com.tr\/index.php\/wp-json\/wp\/v2\/media?parent=782432"}],"wp:term":[{"taxonomy":"product_brand","embeddable":true,"href":"https:\/\/roveyayinevi.com.tr\/index.php\/wp-json\/wp\/v2\/product_brand?post=782432"},{"taxonomy":"product_cat","embeddable":true,"href":"https:\/\/roveyayinevi.com.tr\/index.php\/wp-json\/wp\/v2\/product_cat?post=782432"},{"taxonomy":"product_tag","embeddable":true,"href":"https:\/\/roveyayinevi.com.tr\/index.php\/wp-json\/wp\/v2\/product_tag?post=782432"}],"curies":[{"name":"wp","href":"https:\/\/api.w.org\/{rel}","templated":true}]}}