{"id":782431,"date":"2026-02-23T11:40:31","date_gmt":"2026-02-23T08:40:31","guid":{"rendered":"https:\/\/roveyayinevi.com.tr\/index.php\/urun\/luvi-uygarligi-anadolu-ve-ege-arasinda-kimlik-kultur-dil-ve-din-cilt-2\/"},"modified":"2026-04-16T02:36:43","modified_gmt":"2026-04-15T23:36:43","slug":"luvi-uygarligi-anadolu-ve-ege-arasinda-kimlik-kultur-dil-ve-din-cilt-2","status":"publish","type":"product","link":"https:\/\/roveyayinevi.com.tr\/index.php\/urun\/luvi-uygarligi-anadolu-ve-ege-arasinda-kimlik-kultur-dil-ve-din-cilt-2\/","title":{"rendered":"Luvi Uygarl\u0131\u011f\u0131 &#8211; Anadolu ve Ege Aras\u0131nda Kimlik, K\u00fclt\u00fcr, Dil ve Din (Cilt 2)"},"content":{"rendered":"<p>Luvilere ilk olarak antik Anadolu medeniyetlerini inceleyen akademisyenler ilgi duymu\u015ftur. Luviler, daha g\u00f6steri\u015fli kom\u015fular\u0131 Hititler \u00fczerine yo\u011funla\u015fan akademik s\u00f6ylemlerde on y\u0131llar boyunca m\u00fctevaz\u0131 bir yer edinmi\u015f olmalar\u0131na ra\u011fmen, bu durum art\u0131k de\u011fi\u015fmektedir.Hititolojik ara\u015ft\u0131rmalardaki \u00f6nemine kar\u015f\u0131n, Luviler \u00fczerine yap\u0131lan tart\u0131\u015fmalar Anadolu ara\u015ft\u0131rmac\u0131lar\u0131n\u0131n \u00e7evreleriyle s\u0131n\u0131rl\u0131 de\u011fildir. Luvi dilinin en yak\u0131n akrabalar\u0131 olan Likya ve Karya dillerinin kan\u0131tlar\u0131na hi\u00e7bir zaman Hattu\u015fa\u015f h\u00fck\u00fcmdarl\u0131\u011f\u0131 alt\u0131na girmemi\u015f G\u00fcneydo\u011fu Anadolu\u2019da birinci biny\u0131ldaki alfabetik ge\u00e7i\u015fte rastlanm\u0131\u015ft\u0131r. Anadolu\u2019nun bat\u0131s\u0131nda, ba\u015fkenti Abasa\/Efes\u2019te bulunan ba\u011f\u0131ms\u0131z Tun\u00e7 \u00c7a\u011f\u0131 Krall\u0131\u011f\u0131 Arzava\u2019n\u0131n h\u00fck\u00fcmdarlar\u0131 Luvice ya da Luviceye olduk\u00e7a yak\u0131n isimler ta\u015f\u0131maktayd\u0131. Luvice bir ezgide, herkes\u00e7e olmasa da yayg\u0131n olarak Tun\u00e7 \u00c7a\u011f\u0131 Truva\u2019s\u0131yla \u00f6zde\u015fle\u015ftirilen Wilusa\u2019dan d\u00f6nmekte olan bir ki\u015fiden bahsedilir. Grek\u00e7ede Luviceden al\u0131nan birtak\u0131m s\u00f6zc\u00fckler bulunmaktad\u0131r, \u00fczerlerinde Anadolu hiyeroglifinin kullan\u0131ld\u0131\u011f\u0131 objeler ise hem Truva hem de Miletus\u2019ta bulunmu\u015ftur.Bu objelerin her iki b\u00f6lgeye de d\u0131\u015far\u0131dan getirilmi\u015f oldu\u011fu ihtimali olmas\u0131na ra\u011fmen, Bat\u0131 Anadolu\u2019da do\u011fal yerlerinde bulunan birtak\u0131m grafiti ve kaya kabartmalar\u0131 a\u00e7\u0131k\u00e7a Anadolu hiyeroglifi ile yaz\u0131lm\u0131\u015ft\u0131r. B\u00fct\u00fcn bu bulgular Luvilerin Bat\u0131 Anadolu\u2019da, Miken \u00fclkesinin yak\u0131n \u00e7evresindeki somut varl\u0131\u011f\u0131na i\u015faret eder. Birtak\u0131m ba\u015fka savlar da bu tezdeki bo\u015fluklar\u0131 doldurmak \u00fczere kullan\u0131lm\u0131\u015ft\u0131r. \u0130lk olarak, Hitit Kanunlar\u0131\u2019n\u0131n son s\u00fcr\u00fcm\u00fcnde Arzava\u2019n\u0131n bir noktada yer ad\u0131 olan Luviya\u2019n\u0131n yerine kullan\u0131ld\u0131\u011f\u0131 uzun zaman \u00f6nce g\u00f6zlemlenmi\u015ftir. Baz\u0131 akademisyenler bunu Luviya ve Arzava\u2019n\u0131n \u00f6zde\u015f oldu\u011funun kan\u0131t\u0131 olarak de\u011ferlendirmi\u015f, bu da onlar\u0131 Luviya yurdunu Anadolu\u2019nun bat\u0131 k\u0131sm\u0131nda aramaya sevk etmi\u015ftir. Ancak g\u00f6r\u00fcnen o ki Luviler t\u00fcm Anadolu\u2019ya ve hatta daha \u00f6tesine de yay\u0131lm\u0131\u015ft\u0131r.Luvi k\u00fclt\u00fcr\u00fc ve \u201cLuvi kimlikleri\u201d \u015fu anda olduk\u00e7a ilgin\u00e7 bir alan niteli\u011fi ta\u015f\u0131r ve uzun y\u0131llar boyu b\u00f6yle olmaya devam edece\u011fine dair g\u00fcvenimiz sonsuzdur.<\/p>\n","protected":false},"excerpt":{"rendered":"<p>Luvilere ilk olarak antik Anadolu medeniyetlerini inceleyen akademisyenler ilgi duymu\u015ftur. Luviler, daha g\u00f6steri\u015fli kom\u015fular\u0131 Hititler \u00fczerine yo\u011funla\u015fan akademik s\u00f6ylemlerde on y\u0131llar boyunca m\u00fctevaz\u0131 bir yer edinmi\u015f<span class=\"excerpt-hellip\"> [\u2026]<\/span><\/p>\n","protected":false},"featured_media":0,"template":"","meta":{"_monsterinsights_skip_tracking":false,"_monsterinsights_sitenote_active":false,"_monsterinsights_sitenote_note":"","_monsterinsights_sitenote_category":0},"product_brand":[],"product_cat":[12370,12304],"product_tag":[],"class_list":{"0":"post-782431","1":"product","2":"type-product","3":"status-publish","5":"product_cat-arastirma-inceleme","6":"product_cat-tarih","7":"pa_cilt-ciltsiz","8":"pa_tur-kitap","9":"pa_yayinevi-kalkedon-yayincilik","10":"pa_yazar-kalkedon-yayincilik-kolektif","12":"first","13":"instock","14":"sale","15":"shipping-taxable","16":"purchasable","17":"product-type-simple"},"_links":{"self":[{"href":"https:\/\/roveyayinevi.com.tr\/index.php\/wp-json\/wp\/v2\/product\/782431","targetHints":{"allow":["GET"]}}],"collection":[{"href":"https:\/\/roveyayinevi.com.tr\/index.php\/wp-json\/wp\/v2\/product"}],"about":[{"href":"https:\/\/roveyayinevi.com.tr\/index.php\/wp-json\/wp\/v2\/types\/product"}],"wp:attachment":[{"href":"https:\/\/roveyayinevi.com.tr\/index.php\/wp-json\/wp\/v2\/media?parent=782431"}],"wp:term":[{"taxonomy":"product_brand","embeddable":true,"href":"https:\/\/roveyayinevi.com.tr\/index.php\/wp-json\/wp\/v2\/product_brand?post=782431"},{"taxonomy":"product_cat","embeddable":true,"href":"https:\/\/roveyayinevi.com.tr\/index.php\/wp-json\/wp\/v2\/product_cat?post=782431"},{"taxonomy":"product_tag","embeddable":true,"href":"https:\/\/roveyayinevi.com.tr\/index.php\/wp-json\/wp\/v2\/product_tag?post=782431"}],"curies":[{"name":"wp","href":"https:\/\/api.w.org\/{rel}","templated":true}]}}