{"id":782430,"date":"2026-02-23T11:40:25","date_gmt":"2026-02-23T08:40:25","guid":{"rendered":"https:\/\/roveyayinevi.com.tr\/index.php\/urun\/dracolanin-konugu\/"},"modified":"2026-04-12T02:43:54","modified_gmt":"2026-04-11T23:43:54","slug":"dracolanin-konugu","status":"publish","type":"product","link":"https:\/\/roveyayinevi.com.tr\/index.php\/urun\/dracolanin-konugu\/","title":{"rendered":"Dracola\u2019nin  Konu\u011fu"},"content":{"rendered":"<p>Kurtadamlar, g\u00f6lgeler, hayaletler ve daha da tehlikeli \u00f6l\u00fcml\u00fcler, gecenin \u00e7ocuklar\u0131n\u0131n huzurunu bozmaya geldi. T\u00fcyler \u00fcrperten korku klasi\u011fi Dracula ile \u00fcnlenen Bram Stoker uykular\u0131n\u0131z\u0131 ka\u00e7\u0131racak k\u0131sa hik\u00e2yeleriyle hayal g\u00fcc\u00fcn\u00fcn s\u0131n\u0131rlar\u0131n\u0131 bir kez daha zorluyor.Do\u011fa\u00fcst\u00fc edebiyat\u0131n en b\u00fcy\u00fck ilham kaynaklar\u0131ndan birini kaleme alan yazar, dokuz \u00f6yk\u00fcs\u00fcnde de karanl\u0131k d\u00fcnyan\u0131n kap\u0131lar\u0131n\u0131 aral\u0131yor. Dracula\u2019n\u0131n orijinal metninin silinen ilk b\u00f6l\u00fcm\u00fc oldu\u011funa inan\u0131lan Dracula\u2019n\u0131n Konu\u011fu, ilk kez Stoker\u2019\u0131n \u00f6l\u00fcm\u00fcnden iki y\u0131l sonra, 1914\u2019te yay\u0131nland\u0131. Gotik roman\u0131n en b\u00fcy\u00fck klasi\u011fine imza atm\u0131\u015f yazar\u0131n hik\u00e2yeleri bir kez okununca asla unutulmayacak. Korku edebiyat\u0131n\u0131n en b\u00fcy\u00fck klasiklerinden Dracula\u2019y\u0131 kaleme alan Bram Stoker\u2019\u0131n k\u0131sa hik\u00e2yelerinden olu\u015fan koleksiyonu Drakula\u2019n\u0131n Konu\u011fu, t\u00fcyler \u00fcrpertici dokuz hik\u00e2yeyle okurun kar\u015f\u0131s\u0131na \u00e7\u0131k\u0131yor. Yazar\u0131n \u00f6l\u00fcm\u00fcnden sonra e\u015fi taraf\u0131ndan derlenen hik\u00e2yeler, Stoker\u2019\u0131n benzersiz, karanl\u0131k ve gotik d\u00fcnyas\u0131n\u0131 ke\u015ffetmek isteyenler i\u00e7in kusursuz bir ba\u015flang\u0131\u00e7. Artemis Korku Klasikleri\u2019ne ho\u015f geldiniz&#8230; <\/p>\n","protected":false},"excerpt":{"rendered":"<p>Kurtadamlar, g\u00f6lgeler, hayaletler ve daha da tehlikeli \u00f6l\u00fcml\u00fcler, gecenin \u00e7ocuklar\u0131n\u0131n huzurunu bozmaya geldi. T\u00fcyler \u00fcrperten korku klasi\u011fi Dracula ile \u00fcnlenen Bram Stoker uykular\u0131n\u0131z\u0131 ka\u00e7\u0131racak k\u0131sa hik\u00e2yeleriyle<span class=\"excerpt-hellip\"> [\u2026]<\/span><\/p>\n","protected":false},"featured_media":0,"template":"","meta":{"_monsterinsights_skip_tracking":false,"_monsterinsights_sitenote_active":false,"_monsterinsights_sitenote_note":"","_monsterinsights_sitenote_category":0},"product_brand":[],"product_cat":[12291,12711],"product_tag":[],"class_list":{"0":"post-782430","1":"product","2":"type-product","3":"status-publish","5":"product_cat-edebiyat","6":"product_cat-roman-oyku","7":"pa_cilt-ciltsiz","8":"pa_tur-kitap","9":"pa_yayinevi-artemis-yayinlari","10":"pa_yazar-bram-stoker","12":"first","13":"instock","14":"sale","15":"shipping-taxable","16":"purchasable","17":"product-type-simple"},"_links":{"self":[{"href":"https:\/\/roveyayinevi.com.tr\/index.php\/wp-json\/wp\/v2\/product\/782430","targetHints":{"allow":["GET"]}}],"collection":[{"href":"https:\/\/roveyayinevi.com.tr\/index.php\/wp-json\/wp\/v2\/product"}],"about":[{"href":"https:\/\/roveyayinevi.com.tr\/index.php\/wp-json\/wp\/v2\/types\/product"}],"wp:attachment":[{"href":"https:\/\/roveyayinevi.com.tr\/index.php\/wp-json\/wp\/v2\/media?parent=782430"}],"wp:term":[{"taxonomy":"product_brand","embeddable":true,"href":"https:\/\/roveyayinevi.com.tr\/index.php\/wp-json\/wp\/v2\/product_brand?post=782430"},{"taxonomy":"product_cat","embeddable":true,"href":"https:\/\/roveyayinevi.com.tr\/index.php\/wp-json\/wp\/v2\/product_cat?post=782430"},{"taxonomy":"product_tag","embeddable":true,"href":"https:\/\/roveyayinevi.com.tr\/index.php\/wp-json\/wp\/v2\/product_tag?post=782430"}],"curies":[{"name":"wp","href":"https:\/\/api.w.org\/{rel}","templated":true}]}}