{"id":782429,"date":"2026-02-23T11:40:17","date_gmt":"2026-02-23T08:40:17","guid":{"rendered":"https:\/\/roveyayinevi.com.tr\/index.php\/urun\/yesil-evler-kucuk-mimarlar\/"},"modified":"2026-04-16T02:36:37","modified_gmt":"2026-04-15T23:36:37","slug":"yesil-evler-kucuk-mimarlar","status":"publish","type":"product","link":"https:\/\/roveyayinevi.com.tr\/index.php\/urun\/yesil-evler-kucuk-mimarlar\/","title":{"rendered":"Ye\u015fil Evler &#8211; K\u00fc\u00e7\u00fck Mimarlar"},"content":{"rendered":"<p>Ekolojik evler in\u015fa etmek isteyen mimar, tasar\u0131mc\u0131 ve m\u00fchendis adaylar\u0131 i\u00e7in? Kitaptaki mimarl\u0131k terimleri, kat planlar\u0131n\u0131n yer ald\u0131\u011f\u0131 projeler ve d\u00fcnyan\u0131n d\u00f6rt bir yan\u0131ndan gelen foto\u011fraflar olduk\u00e7a ilham verici ve e\u011flenceli. Bu kitapta a\u015fa\u011f\u0131daki konularla ilgili anlat\u0131mlar yer al\u0131yor: ye\u015fil bina, geri d\u00f6n\u00fc\u015f\u00fcm, do\u011fal yap\u0131 malzemeleri, g\u00fcne\u015f enerjisi, s\u00fcrd\u00fcr\u00fclebilirlik, matematiksel planlama ve \u00e7ok daha fazlas\u0131?<\/p>\n","protected":false},"excerpt":{"rendered":"<p>Ekolojik evler in\u015fa etmek isteyen mimar, tasar\u0131mc\u0131 ve m\u00fchendis adaylar\u0131 i\u00e7in? Kitaptaki mimarl\u0131k terimleri, kat planlar\u0131n\u0131n yer ald\u0131\u011f\u0131 projeler ve d\u00fcnyan\u0131n d\u00f6rt bir yan\u0131ndan gelen foto\u011fraflar<span class=\"excerpt-hellip\"> [\u2026]<\/span><\/p>\n","protected":false},"featured_media":0,"template":"","meta":{"_monsterinsights_skip_tracking":false,"_monsterinsights_sitenote_active":false,"_monsterinsights_sitenote_note":"","_monsterinsights_sitenote_category":0},"product_brand":[],"product_cat":[13829,12274],"product_tag":[],"class_list":{"0":"post-782429","1":"product","2":"type-product","3":"status-publish","5":"product_cat-bilimsel-kitaplar","6":"product_cat-cocuk-ve-genclik-kitaplari","7":"pa_cilt-ciltsiz","8":"pa_tur-kitap","9":"pa_yayinevi-tubitak-yayinlari","10":"pa_yazar-saranne-taylor","12":"first","13":"instock","14":"sale","15":"shipping-taxable","16":"purchasable","17":"product-type-simple"},"_links":{"self":[{"href":"https:\/\/roveyayinevi.com.tr\/index.php\/wp-json\/wp\/v2\/product\/782429","targetHints":{"allow":["GET"]}}],"collection":[{"href":"https:\/\/roveyayinevi.com.tr\/index.php\/wp-json\/wp\/v2\/product"}],"about":[{"href":"https:\/\/roveyayinevi.com.tr\/index.php\/wp-json\/wp\/v2\/types\/product"}],"wp:attachment":[{"href":"https:\/\/roveyayinevi.com.tr\/index.php\/wp-json\/wp\/v2\/media?parent=782429"}],"wp:term":[{"taxonomy":"product_brand","embeddable":true,"href":"https:\/\/roveyayinevi.com.tr\/index.php\/wp-json\/wp\/v2\/product_brand?post=782429"},{"taxonomy":"product_cat","embeddable":true,"href":"https:\/\/roveyayinevi.com.tr\/index.php\/wp-json\/wp\/v2\/product_cat?post=782429"},{"taxonomy":"product_tag","embeddable":true,"href":"https:\/\/roveyayinevi.com.tr\/index.php\/wp-json\/wp\/v2\/product_tag?post=782429"}],"curies":[{"name":"wp","href":"https:\/\/api.w.org\/{rel}","templated":true}]}}