{"id":782426,"date":"2026-02-23T11:39:40","date_gmt":"2026-02-23T08:39:40","guid":{"rendered":"https:\/\/roveyayinevi.com.tr\/index.php\/urun\/kara-sis-2\/"},"modified":"2026-02-24T02:48:11","modified_gmt":"2026-02-23T23:48:11","slug":"kara-sis-2","status":"publish","type":"product","link":"https:\/\/roveyayinevi.com.tr\/index.php\/urun\/kara-sis-2\/","title":{"rendered":"Kara Sis"},"content":{"rendered":"<p>Kemal Varol k\u00fclliyat\u0131n\u0131n en yeni par\u00e7as\u0131 Kara Sis, birbirlerine hik\u00e2yelerini anlatarak varl\u0131klar\u0131n\u0131 s\u00fcrd\u00fcren mahk\u00fbmlar\u0131n mevcut zaman i\u00e7inde ve zaman d\u0131\u015f\u0131ndaki ya\u015famlar\u0131n\u0131 konu ediniyor.  Mesut Hoca\u2019n\u0131n anlat\u0131c\u0131 g\u00f6z\u00fcyle b\u00fcy\u00fcyen ve perdeye yans\u0131yan roman, yeni gelen mahk\u00fbmun, m\u00fcebbet Barana\u2019n\u0131n gizemli ve kendini a\u00e7mayan m\u00fch\u00fcrl\u00fc dudaklar\u0131 aras\u0131ndaki s\u0131rra odaklan\u0131yor. G\u00fcna\u015f\u0131r\u0131 t\u00fcrl\u00fc bahanelerle d\u00f6v\u00fclen Barana kimdir, ne su\u00e7 i\u015flemi\u015ftir, neden susmaktad\u0131r?  Bir k\u0131z\u0131l sa\u00e7 telinin r\u00fczg\u00e2ra uyup geldi\u011fi, gelip de avluya, Barana\u2019n\u0131n yan\u0131 ba\u015f\u0131na durdu\u011fu g\u00fcn de\u011fi\u015fir her \u015fey. Ta\u015fkale Cezaevi\u2019ne \u00e7\u00f6ken kara sis da\u011f\u0131lmaz de\u011fildir art\u0131k. Bir imgedir belki de Barana\u2019y\u0131 ya\u015fatan&#8230;  Kara Sis, ba\u015fkalar\u0131na anlat\u0131ld\u0131\u011f\u0131nda en ac\u0131mas\u0131z su\u00e7lar\u0131n, ger\u00e7eklerin bile hik\u00e2yeye d\u00f6n\u00fc\u015ft\u00fc\u011f\u00fc bir d\u00fcnyay\u0131 resmediyor. Kemal Varol, \u015fiddet ve pi\u015fmanl\u0131klar\u0131n, onar\u0131lamaz hatalar\u0131n savrulu\u015flar\u0131yla \u00f6r\u00fcl\u00fc bir avluya, erkeklerin avlusuna uzan\u0131yor.   \u201c&#8230; susanlara, konu\u015fmayanlara, i\u00e7ine atanlara, konu\u015fmaya takati kalmayanlara, sadece izleyenlere kulak vermeliydi d\u00fcnya. Belki de bir tek susanlar\u0131n i\u00e7inden ge\u00e7enler do\u011fruydu.\u201d<\/p>\n","protected":false},"excerpt":{"rendered":"<p>Kemal Varol k\u00fclliyat\u0131n\u0131n en yeni par\u00e7as\u0131 Kara Sis, birbirlerine hik\u00e2yelerini anlatarak varl\u0131klar\u0131n\u0131 s\u00fcrd\u00fcren mahk\u00fbmlar\u0131n mevcut zaman i\u00e7inde ve zaman d\u0131\u015f\u0131ndaki ya\u015famlar\u0131n\u0131 konu ediniyor. Mesut Hoca\u2019n\u0131n anlat\u0131c\u0131<span class=\"excerpt-hellip\"> [\u2026]<\/span><\/p>\n","protected":false},"featured_media":0,"template":"","meta":{"_monsterinsights_skip_tracking":false,"_monsterinsights_sitenote_active":false,"_monsterinsights_sitenote_note":"","_monsterinsights_sitenote_category":0},"product_brand":[],"product_cat":[12291,12711],"product_tag":[],"class_list":{"0":"post-782426","1":"product","2":"type-product","3":"status-publish","5":"product_cat-edebiyat","6":"product_cat-roman-oyku","7":"pa_cilt-ciltsiz","8":"pa_tur-kitap","9":"pa_yayinevi-everest-yayinlari","10":"pa_yazar-kemal-varol","12":"first","13":"instock","14":"sale","15":"shipping-taxable","16":"purchasable","17":"product-type-simple"},"_links":{"self":[{"href":"https:\/\/roveyayinevi.com.tr\/index.php\/wp-json\/wp\/v2\/product\/782426","targetHints":{"allow":["GET"]}}],"collection":[{"href":"https:\/\/roveyayinevi.com.tr\/index.php\/wp-json\/wp\/v2\/product"}],"about":[{"href":"https:\/\/roveyayinevi.com.tr\/index.php\/wp-json\/wp\/v2\/types\/product"}],"wp:attachment":[{"href":"https:\/\/roveyayinevi.com.tr\/index.php\/wp-json\/wp\/v2\/media?parent=782426"}],"wp:term":[{"taxonomy":"product_brand","embeddable":true,"href":"https:\/\/roveyayinevi.com.tr\/index.php\/wp-json\/wp\/v2\/product_brand?post=782426"},{"taxonomy":"product_cat","embeddable":true,"href":"https:\/\/roveyayinevi.com.tr\/index.php\/wp-json\/wp\/v2\/product_cat?post=782426"},{"taxonomy":"product_tag","embeddable":true,"href":"https:\/\/roveyayinevi.com.tr\/index.php\/wp-json\/wp\/v2\/product_tag?post=782426"}],"curies":[{"name":"wp","href":"https:\/\/api.w.org\/{rel}","templated":true}]}}