{"id":782425,"date":"2026-02-23T11:39:34","date_gmt":"2026-02-23T08:39:34","guid":{"rendered":"https:\/\/roveyayinevi.com.tr\/index.php\/urun\/narsistik-ben\/"},"modified":"2026-04-16T02:35:59","modified_gmt":"2026-04-15T23:35:59","slug":"narsistik-ben","status":"publish","type":"product","link":"https:\/\/roveyayinevi.com.tr\/index.php\/urun\/narsistik-ben\/","title":{"rendered":"Narsistik Ben"},"content":{"rendered":"<p>\u201cBir &#8216;ruh hastas\u0131&#8217;, iki kere ikinin be\u015f etti\u011fine kesinkes inan\u0131r ve bundan mutlu olur. Oysa bir \u2018sinir hastas\u0131\u2019, iki kere ikinin d\u00f6rt etti\u011fini bilir ve buna sinir olur. Ama bende her iki durum gelgitli olarak var oldu\u011fundan benim &#8216;ruh&#8217; ve &#8216;sinir&#8217; hastal\u0131klar\u0131nda klinik bir durumum var. Ben iki kere ikinin be\u015f etmesinden yanay\u0131m, edememesine sinir oluyorum.\u201d Narsistik ki\u015filik bozuklu\u011fu olan hastalar\u0131n belirti tablolar\u0131 genellikle k\u00f6t\u00fc tarif edilmektedir; hasta da genellikle rahats\u0131zl\u0131\u011f\u0131n temel \u00f6zelliklerine odaklanamaz; ikincil yak\u0131nmalar\u0131n\u0131 fark edip tarif eder. Hastan\u0131n ba\u015flang\u0131\u00e7 yak\u0131nmalar\u0131ndaki mu\u011flakl\u0131k; patolojik olarak rahats\u0131z yap\u0131lar\u0131n, benin kendini g\u00f6zlemleme i\u015flevlerini y\u00fcr\u00fctt\u00fc\u011f\u00fc yere yak\u0131n olmas\u0131na ba\u011fl\u0131 olabilir. Analiz ilerledik\u00e7e, \u00f6zellikle narsistik aktar\u0131m\u0131n herhangi bir t\u00fcr\u00fc kurulduk\u00e7a, en \u00f6nemli belirti \u00f6zellikleri gittik\u00e7e a\u00e7\u0131kl\u0131\u011fa kavu\u015fur ve ay\u0131rt etmeye ba\u015flan\u0131r. Hasta belli belirsiz ya\u015fad\u0131\u011f\u0131, ama t\u00fcm ya\u015fam\u0131na yay\u0131lan bir bo\u015fluk ve depresyondan s\u00f6z edecektir. Bu duygular narsistik aktar\u0131m yerle\u015fir yerle\u015fmez yat\u0131\u015facak, analistle kurdu\u011fu ili\u015fkide bir bozulma oldu\u011funda ise yo\u011funla\u015facakt\u0131r.<span>Tan\u0131t\u0131m<\/p>\n","protected":false},"excerpt":{"rendered":"<p>\u201cBir &#8216;ruh hastas\u0131&#8217;, iki kere ikinin be\u015f etti\u011fine kesinkes inan\u0131r ve bundan mutlu olur. Oysa bir \u2018sinir hastas\u0131\u2019, iki kere ikinin d\u00f6rt etti\u011fini bilir ve buna<span class=\"excerpt-hellip\"> [\u2026]<\/span><\/p>\n","protected":false},"featured_media":0,"template":"","meta":{"_monsterinsights_skip_tracking":false,"_monsterinsights_sitenote_active":false,"_monsterinsights_sitenote_note":"","_monsterinsights_sitenote_category":0},"product_brand":[],"product_cat":[12358,12357],"product_tag":[],"class_list":{"0":"post-782425","1":"product","2":"type-product","3":"status-publish","5":"product_cat-genel-psikoloji","6":"product_cat-psikoloji","7":"pa_cilt-ciltsiz","8":"pa_tur-kitap","9":"pa_yayinevi-cinaralti-yayinlari","10":"pa_yazar-yener-ozen","12":"first","13":"instock","14":"sale","15":"shipping-taxable","16":"purchasable","17":"product-type-simple"},"_links":{"self":[{"href":"https:\/\/roveyayinevi.com.tr\/index.php\/wp-json\/wp\/v2\/product\/782425","targetHints":{"allow":["GET"]}}],"collection":[{"href":"https:\/\/roveyayinevi.com.tr\/index.php\/wp-json\/wp\/v2\/product"}],"about":[{"href":"https:\/\/roveyayinevi.com.tr\/index.php\/wp-json\/wp\/v2\/types\/product"}],"wp:attachment":[{"href":"https:\/\/roveyayinevi.com.tr\/index.php\/wp-json\/wp\/v2\/media?parent=782425"}],"wp:term":[{"taxonomy":"product_brand","embeddable":true,"href":"https:\/\/roveyayinevi.com.tr\/index.php\/wp-json\/wp\/v2\/product_brand?post=782425"},{"taxonomy":"product_cat","embeddable":true,"href":"https:\/\/roveyayinevi.com.tr\/index.php\/wp-json\/wp\/v2\/product_cat?post=782425"},{"taxonomy":"product_tag","embeddable":true,"href":"https:\/\/roveyayinevi.com.tr\/index.php\/wp-json\/wp\/v2\/product_tag?post=782425"}],"curies":[{"name":"wp","href":"https:\/\/api.w.org\/{rel}","templated":true}]}}