{"id":782423,"date":"2026-02-23T11:39:25","date_gmt":"2026-02-23T08:39:25","guid":{"rendered":"https:\/\/roveyayinevi.com.tr\/index.php\/urun\/karadeniz-neden-pontus-degildir\/"},"modified":"2026-04-16T02:35:55","modified_gmt":"2026-04-15T23:35:55","slug":"karadeniz-neden-pontus-degildir","status":"publish","type":"product","link":"https:\/\/roveyayinevi.com.tr\/index.php\/urun\/karadeniz-neden-pontus-degildir\/","title":{"rendered":"Karadeniz Neden Pontus De\u011fildir?"},"content":{"rendered":"<p>Bu kitap, Do\u011fu Karadeniz B\u00f6lgesi\u2019nin bir b\u00f6l\u00fcm\u00fcn\u00fcn Pontus ya da Pontos olarak adland\u0131r\u0131lmas\u0131ndaki tarihi yan\u0131lg\u0131lar\u0131 ortadan kald\u0131racak arkeolojik ve tarihsel kan\u0131tlar\u0131 yerel, ulusal ve bat\u0131 kaynakl\u0131 eserlere dayanarak ortaya koymakta ve bu adland\u0131rmaya dayal\u0131 s\u00f6zde bir Pontus Meselesinin propaganda ve yanl\u0131 bir politika ile uluslararas\u0131 d\u00fczeye nas\u0131l \u00e7ekilmek istendi\u011fini tart\u0131\u015fmaktad\u0131r. Bu \u00e7er\u00e7evede Birinci D\u00fcnya Sava\u015f\u0131\u2019nda b\u00f6lgenin i\u015fgal edilmesi ile birlikte b\u00f6lgede ya\u015fanan olaylar G\u00fcm\u00fc\u015fhane ili kapsam\u0131nda Haf\u0131z Mehmet\u2019in Ermeni komitac\u0131lar taraf\u0131ndan \u015fehit edilmesine \u015fahit olanlar\u0131n anlatt\u0131klar\u0131 ile ortaya konulmu\u015f ve i\u015fgalden sonra b\u00f6lgeyi tekrar ele ge\u00e7iren Osmanl\u0131 Ordusu ile kurtulu\u015fa kadar giden hadiseler ele al\u0131nm\u0131\u015ft\u0131r. <\/p>\n","protected":false},"excerpt":{"rendered":"<p>Bu kitap, Do\u011fu Karadeniz B\u00f6lgesi\u2019nin bir b\u00f6l\u00fcm\u00fcn\u00fcn Pontus ya da Pontos olarak adland\u0131r\u0131lmas\u0131ndaki tarihi yan\u0131lg\u0131lar\u0131 ortadan kald\u0131racak arkeolojik ve tarihsel kan\u0131tlar\u0131 yerel, ulusal ve bat\u0131 kaynakl\u0131<span class=\"excerpt-hellip\"> [\u2026]<\/span><\/p>\n","protected":false},"featured_media":0,"template":"","meta":{"_monsterinsights_skip_tracking":false,"_monsterinsights_sitenote_active":false,"_monsterinsights_sitenote_note":"","_monsterinsights_sitenote_category":0},"product_brand":[],"product_cat":[12370,12304],"product_tag":[],"class_list":{"0":"post-782423","1":"product","2":"type-product","3":"status-publish","5":"product_cat-arastirma-inceleme","6":"product_cat-tarih","7":"pa_cilt-ciltsiz","8":"pa_tur-kitap","9":"pa_yayinevi-hitabevi-yayinlari","10":"pa_yazar-s-vedat-karaslan","12":"first","13":"instock","14":"sale","15":"shipping-taxable","16":"purchasable","17":"product-type-simple"},"_links":{"self":[{"href":"https:\/\/roveyayinevi.com.tr\/index.php\/wp-json\/wp\/v2\/product\/782423","targetHints":{"allow":["GET"]}}],"collection":[{"href":"https:\/\/roveyayinevi.com.tr\/index.php\/wp-json\/wp\/v2\/product"}],"about":[{"href":"https:\/\/roveyayinevi.com.tr\/index.php\/wp-json\/wp\/v2\/types\/product"}],"wp:attachment":[{"href":"https:\/\/roveyayinevi.com.tr\/index.php\/wp-json\/wp\/v2\/media?parent=782423"}],"wp:term":[{"taxonomy":"product_brand","embeddable":true,"href":"https:\/\/roveyayinevi.com.tr\/index.php\/wp-json\/wp\/v2\/product_brand?post=782423"},{"taxonomy":"product_cat","embeddable":true,"href":"https:\/\/roveyayinevi.com.tr\/index.php\/wp-json\/wp\/v2\/product_cat?post=782423"},{"taxonomy":"product_tag","embeddable":true,"href":"https:\/\/roveyayinevi.com.tr\/index.php\/wp-json\/wp\/v2\/product_tag?post=782423"}],"curies":[{"name":"wp","href":"https:\/\/api.w.org\/{rel}","templated":true}]}}