{"id":782421,"date":"2026-02-23T11:38:36","date_gmt":"2026-02-23T08:38:36","guid":{"rendered":"https:\/\/roveyayinevi.com.tr\/index.php\/urun\/nazi-almanyasinda-hukuk\/"},"modified":"2026-03-31T12:11:18","modified_gmt":"2026-03-31T09:11:18","slug":"nazi-almanyasinda-hukuk","status":"publish","type":"product","link":"https:\/\/roveyayinevi.com.tr\/index.php\/urun\/nazi-almanyasinda-hukuk\/","title":{"rendered":"Nazi Almanyas\u0131\u2019nda Hukuk"},"content":{"rendered":"<p>Nazi deneyimi Bat\u0131\u2019da, pek \u00e7ok konuda oldu\u011fu gibi, hukuk alan\u0131nda da teorik tart\u0131\u015fmalar tetiklemi\u015ftir. Baz\u0131 d\u00fc\u015f\u00fcn\u00fcrlere g\u00f6re bir \u201cNazi Hukuku\u201dndan bahsedilemez; \u00e7\u00fcnk\u00fc hukuk, Nazi y\u00f6netiminin pratiklerini tan\u0131mlamak i\u00e7in fazlas\u0131yla de\u011fer y\u00fckl\u00fcd\u00fcr. Dolay\u0131s\u0131yla olsa olsa bir \u201cNazi Hukuksuzlu\u011fu\u201dndan bahsetmek gerekir. Nitekim bu d\u00f6nem, kimilerince, Hukuk Devleti\u2019nin kar\u015f\u0131 kutbundaki Hukuksuzluk veya Haks\u0131zl\u0131k Devleti olarak g\u00f6r\u00fclm\u00fc\u015ft\u00fcr. Nazi y\u00f6netimi ile hukuksuzlu\u011fun bu \u015fekilde ili\u015fkilendirilmesi ve Nazi \u201chukuku\u201dnun toptan reddi retorik a\u00e7\u0131dan g\u00fc\u00e7l\u00fc olsa da, demokratik g\u00f6r\u00fcn\u00fcml\u00fc devletlerin fa\u015fist potansiyellerini gizleme tehlikesini bar\u0131nd\u0131r\u0131r. Hakikat-sonras\u0131 olarak adland\u0131r\u0131lan \u00e7a\u011f\u0131m\u0131zda pop\u00fclist y\u00f6neticiler e\u015fli\u011findeki otoriterle\u015fme olgusu, \u00fczerinden daha bir as\u0131r bile ge\u00e7meden Nazi pratiklerinin d\u00fcnyan\u0131n d\u00f6rt bir yan\u0131nda tekrarlanma e\u011filiminde oldu\u011funu g\u00f6steriyor. Nazi d\u00f6neminde hukukun amac\u0131ndan sapt\u0131r\u0131lmas\u0131, yer yer y\u00fcr\u00fcrl\u00fckten kald\u0131r\u0131lmas\u0131, ola\u011fan\u00fcst\u00fc halin ola\u011fan y\u00f6netim bi\u00e7imi olarak kabul edilmesi, d\u00fcn\u00fcn hukuka a\u015f\u0131k hukuk\u00e7ular\u0131n\u0131n k\u0131sa s\u00fcrede, hukuku tahrip eden g\u00f6z\u00fc d\u00f6nm\u00fc\u015f i\u015fbirlik\u00e7iler haline gelmesi, sadece tarihin bir d\u00f6neminin daha iyi anla\u015f\u0131lmas\u0131 i\u00e7in de\u011fil, hukuk d\u00fczenlerine i\u00e7kin hukuksuzlu\u011fa kar\u015f\u0131 teyakkuzda olmak i\u00e7in de \u00f6nem arz ediyor <\/p>\n","protected":false},"excerpt":{"rendered":"<p>Nazi deneyimi Bat\u0131\u2019da, pek \u00e7ok konuda oldu\u011fu gibi, hukuk alan\u0131nda da teorik tart\u0131\u015fmalar tetiklemi\u015ftir. Baz\u0131 d\u00fc\u015f\u00fcn\u00fcrlere g\u00f6re bir \u201cNazi Hukuku\u201dndan bahsedilemez; \u00e7\u00fcnk\u00fc hukuk, Nazi y\u00f6netiminin pratiklerini<span class=\"excerpt-hellip\"> [\u2026]<\/span><\/p>\n","protected":false},"featured_media":0,"template":"","meta":{"_monsterinsights_skip_tracking":false,"_monsterinsights_sitenote_active":false,"_monsterinsights_sitenote_note":"","_monsterinsights_sitenote_category":0},"product_brand":[],"product_cat":[15350,17602],"product_tag":[],"class_list":{"0":"post-782421","1":"product","2":"type-product","3":"status-publish","5":"product_cat-hukuk","6":"product_cat-hukuk-uzerine","7":"pa_cilt-ciltsiz","8":"pa_tur-kitap","9":"pa_yayinevi-zoe-kitap","10":"pa_yazar-alan-e-steinweis-robert-d-rachlin","12":"first","13":"instock","14":"sale","15":"shipping-taxable","16":"purchasable","17":"product-type-simple"},"_links":{"self":[{"href":"https:\/\/roveyayinevi.com.tr\/index.php\/wp-json\/wp\/v2\/product\/782421","targetHints":{"allow":["GET"]}}],"collection":[{"href":"https:\/\/roveyayinevi.com.tr\/index.php\/wp-json\/wp\/v2\/product"}],"about":[{"href":"https:\/\/roveyayinevi.com.tr\/index.php\/wp-json\/wp\/v2\/types\/product"}],"wp:attachment":[{"href":"https:\/\/roveyayinevi.com.tr\/index.php\/wp-json\/wp\/v2\/media?parent=782421"}],"wp:term":[{"taxonomy":"product_brand","embeddable":true,"href":"https:\/\/roveyayinevi.com.tr\/index.php\/wp-json\/wp\/v2\/product_brand?post=782421"},{"taxonomy":"product_cat","embeddable":true,"href":"https:\/\/roveyayinevi.com.tr\/index.php\/wp-json\/wp\/v2\/product_cat?post=782421"},{"taxonomy":"product_tag","embeddable":true,"href":"https:\/\/roveyayinevi.com.tr\/index.php\/wp-json\/wp\/v2\/product_tag?post=782421"}],"curies":[{"name":"wp","href":"https:\/\/api.w.org\/{rel}","templated":true}]}}