{"id":782419,"date":"2026-02-23T11:38:27","date_gmt":"2026-02-23T08:38:27","guid":{"rendered":"https:\/\/roveyayinevi.com.tr\/index.php\/urun\/asla-pes-etme-2\/"},"modified":"2026-04-16T02:35:48","modified_gmt":"2026-04-15T23:35:48","slug":"asla-pes-etme-2","status":"publish","type":"product","link":"https:\/\/roveyayinevi.com.tr\/index.php\/urun\/asla-pes-etme-2\/","title":{"rendered":"Asla Pes Etme"},"content":{"rendered":"<p>Ozi Bir g\u00fcn eve gelmi\u015f, hi\u00e7 konu\u015fmadan odas\u0131na gitmi\u015f. Belli ki can\u0131 bir \u015feye s\u0131k\u0131lm\u0131\u015f, \u00e7\u00fcnk\u00fc normalde hi\u00e7 b\u00f6yle davranmazm\u0131\u015f. Bu durumu fark eden annesiyle babas\u0131 derdini \u00f6\u011frenmek i\u00e7in hemen yan\u0131na gidip sormu\u015flar. Ozi de ba\u015flam\u0131\u015f anlatmaya. Anlat\u0131rken de a\u011flam\u0131\u015f ama bilmiyormu\u015f ki hayatta her sorunun bir \u00e7\u00f6z\u00fcm\u00fc de varm\u0131\u015f. <\/p>\n","protected":false},"excerpt":{"rendered":"<p>Ozi Bir g\u00fcn eve gelmi\u015f, hi\u00e7 konu\u015fmadan odas\u0131na gitmi\u015f. Belli ki can\u0131 bir \u015feye s\u0131k\u0131lm\u0131\u015f, \u00e7\u00fcnk\u00fc normalde hi\u00e7 b\u00f6yle davranmazm\u0131\u015f. Bu durumu fark eden annesiyle babas\u0131<span class=\"excerpt-hellip\"> [\u2026]<\/span><\/p>\n","protected":false},"featured_media":0,"template":"","meta":{"_monsterinsights_skip_tracking":false,"_monsterinsights_sitenote_active":false,"_monsterinsights_sitenote_note":"","_monsterinsights_sitenote_category":0},"product_brand":[],"product_cat":[12913,12274],"product_tag":[],"class_list":{"0":"post-782419","1":"product","2":"type-product","3":"status-publish","5":"product_cat-3-6-yas-kitaplari","6":"product_cat-cocuk-ve-genclik-kitaplari","7":"pa_cilt-ciltsiz","8":"pa_tur-kitap","9":"pa_yayinevi-ucan-fil-yayinlari","10":"pa_yazar-nilufer-celebi","12":"first","13":"instock","14":"sale","15":"shipping-taxable","16":"purchasable","17":"product-type-simple"},"_links":{"self":[{"href":"https:\/\/roveyayinevi.com.tr\/index.php\/wp-json\/wp\/v2\/product\/782419","targetHints":{"allow":["GET"]}}],"collection":[{"href":"https:\/\/roveyayinevi.com.tr\/index.php\/wp-json\/wp\/v2\/product"}],"about":[{"href":"https:\/\/roveyayinevi.com.tr\/index.php\/wp-json\/wp\/v2\/types\/product"}],"wp:attachment":[{"href":"https:\/\/roveyayinevi.com.tr\/index.php\/wp-json\/wp\/v2\/media?parent=782419"}],"wp:term":[{"taxonomy":"product_brand","embeddable":true,"href":"https:\/\/roveyayinevi.com.tr\/index.php\/wp-json\/wp\/v2\/product_brand?post=782419"},{"taxonomy":"product_cat","embeddable":true,"href":"https:\/\/roveyayinevi.com.tr\/index.php\/wp-json\/wp\/v2\/product_cat?post=782419"},{"taxonomy":"product_tag","embeddable":true,"href":"https:\/\/roveyayinevi.com.tr\/index.php\/wp-json\/wp\/v2\/product_tag?post=782419"}],"curies":[{"name":"wp","href":"https:\/\/api.w.org\/{rel}","templated":true}]}}