{"id":782417,"date":"2026-02-23T11:37:33","date_gmt":"2026-02-23T08:37:33","guid":{"rendered":"https:\/\/roveyayinevi.com.tr\/index.php\/urun\/daha-mutlu-ve-basarili-bir-ogrenci-olmam-mumkun-sesim-ol-sevgili-gunlugum\/"},"modified":"2026-04-16T02:35:18","modified_gmt":"2026-04-15T23:35:18","slug":"daha-mutlu-ve-basarili-bir-ogrenci-olmam-mumkun-sesim-ol-sevgili-gunlugum","status":"publish","type":"product","link":"https:\/\/roveyayinevi.com.tr\/index.php\/urun\/daha-mutlu-ve-basarili-bir-ogrenci-olmam-mumkun-sesim-ol-sevgili-gunlugum\/","title":{"rendered":"Daha Mutlu Ve Ba\u015far\u0131l\u0131 Bir \u00d6\u011frenci Olmam M\u00fcmk\u00fcn, Sesim Ol Sevgili G\u00fcnl\u00fc\u011f\u00fcm"},"content":{"rendered":"<p>Sevgili G\u00fcnl\u00fc\u011f\u00fcm, \u00c7ok heyecanl\u0131y\u0131m \u00e7\u00fcnk\u00fc olduk\u00e7a \u00f6nemli bir g\u00f6reve ba\u015fl\u0131yoruz. Hedefimiz b\u00fcy\u00fck. Sen, di\u011fer g\u00fcnl\u00fcklerimden \u00e7ok daha k\u0131ymetlisin. Neden mi? Sana, biz \u00e7ocuklar\u0131n okulda nas\u0131l daha mutlu ve ba\u015far\u0131l\u0131 olabilece\u011fiyle ilgili d\u00fc\u015f\u00fcncelerimi, \u00f6nerilerimi iletece\u011fim. B\u00fct\u00fcn \u00e7ocuklar i\u00e7in neler istedi\u011fimi anlataca\u011f\u0131m. Ba\u015fta \u00f6\u011fretmenlerimiz olmak \u00fczere b\u00fcy\u00fcklerimizden beklediklerimi&#8230; Sen de fikirlerimi okurlara ula\u015ft\u0131racaks\u0131n. Yani benim sesim olacaks\u0131n. Umar\u0131m bizi duyarlar.<\/p>\n","protected":false},"excerpt":{"rendered":"<p>Sevgili G\u00fcnl\u00fc\u011f\u00fcm, \u00c7ok heyecanl\u0131y\u0131m \u00e7\u00fcnk\u00fc olduk\u00e7a \u00f6nemli bir g\u00f6reve ba\u015fl\u0131yoruz. Hedefimiz b\u00fcy\u00fck. Sen, di\u011fer g\u00fcnl\u00fcklerimden \u00e7ok daha k\u0131ymetlisin. Neden mi? Sana, biz \u00e7ocuklar\u0131n okulda nas\u0131l daha<span class=\"excerpt-hellip\"> [\u2026]<\/span><\/p>\n","protected":false},"featured_media":0,"template":"","meta":{"_monsterinsights_skip_tracking":false,"_monsterinsights_sitenote_active":false,"_monsterinsights_sitenote_note":"","_monsterinsights_sitenote_category":0},"product_brand":[],"product_cat":[12913,12274],"product_tag":[],"class_list":{"0":"post-782417","1":"product","2":"type-product","3":"status-publish","5":"product_cat-3-6-yas-kitaplari","6":"product_cat-cocuk-ve-genclik-kitaplari","7":"pa_cilt-ciltsiz","8":"pa_tur-kitap","9":"pa_yayinevi-us-yayinlari","10":"pa_yazar-bahadir-gulbahar","12":"first","13":"instock","14":"sale","15":"shipping-taxable","16":"purchasable","17":"product-type-simple"},"_links":{"self":[{"href":"https:\/\/roveyayinevi.com.tr\/index.php\/wp-json\/wp\/v2\/product\/782417","targetHints":{"allow":["GET"]}}],"collection":[{"href":"https:\/\/roveyayinevi.com.tr\/index.php\/wp-json\/wp\/v2\/product"}],"about":[{"href":"https:\/\/roveyayinevi.com.tr\/index.php\/wp-json\/wp\/v2\/types\/product"}],"wp:attachment":[{"href":"https:\/\/roveyayinevi.com.tr\/index.php\/wp-json\/wp\/v2\/media?parent=782417"}],"wp:term":[{"taxonomy":"product_brand","embeddable":true,"href":"https:\/\/roveyayinevi.com.tr\/index.php\/wp-json\/wp\/v2\/product_brand?post=782417"},{"taxonomy":"product_cat","embeddable":true,"href":"https:\/\/roveyayinevi.com.tr\/index.php\/wp-json\/wp\/v2\/product_cat?post=782417"},{"taxonomy":"product_tag","embeddable":true,"href":"https:\/\/roveyayinevi.com.tr\/index.php\/wp-json\/wp\/v2\/product_tag?post=782417"}],"curies":[{"name":"wp","href":"https:\/\/api.w.org\/{rel}","templated":true}]}}