{"id":782416,"date":"2026-02-23T11:37:31","date_gmt":"2026-02-23T08:37:31","guid":{"rendered":"https:\/\/roveyayinevi.com.tr\/index.php\/urun\/imam-i-azam-ebu-hanifenin-hadis-ilmindeki-yeri\/"},"modified":"2026-04-16T02:35:18","modified_gmt":"2026-04-15T23:35:18","slug":"imam-i-azam-ebu-hanifenin-hadis-ilmindeki-yeri","status":"publish","type":"product","link":"https:\/\/roveyayinevi.com.tr\/index.php\/urun\/imam-i-azam-ebu-hanifenin-hadis-ilmindeki-yeri\/","title":{"rendered":"\u0130mam-\u0131 A\u2019zam Ebu Hanife\u2019nin Hadis \u0130lmindeki Yeri"},"content":{"rendered":"<p>Eb\u00fb Han\u00eefe&#8217;ye bilimsel yeterlil\u011fiyle ilgili \u00f6teden beri baz\u0131 su\u00e7lamalar y\u00f6neltilmektedir. Bu su\u00e7lamalar bazen mezheb\u00ee taassup ve mezhebinin \u00e7ok geni\u015f bir kitleye ula\u015fmas\u0131n\u0131n k\u0131skan\u0131lmas\u0131ndan, bazen de takip etti\u011fi metodun yeterince bilnmemesi ve incelenmesinden kaynaklanmaktad\u0131r. Bu \u00e7er\u00e7evede, -hadis ve s\u00fcnnete gerekn \u00f6nemi ve de\u011feri vermede di\u011fer mezhep imamlar\u0131ndan fark\u0131 olmamas\u0131nda ra\u011fman- hadis k\u00fclt\u00fcr\u00fcn\u00fcn yetersiz oldu\u011fu, fetvalar\u0131n\u0131 hadis bilgisi olmadan verdi\u011fi, sahih hadislerden haberi olmad\u0131\u011f\u0131 s\u00f6ylenmi\u015ftir.Elinizdeki kitap, Hz. Peygamber\u2019den gelen rivayetleri kabulde \u00e7ok titiz davranan Eb\u00fb Han\u00eefe&#8217;nin hadisler ve raviler hakk\u0131nda ileri seviyede donan\u0131ml\u0131 oldu\u011funu \u0130slam \u00e2limlerinin g\u00f6z\u00fcyle sunmaktad\u0131r.<\/p>\n","protected":false},"excerpt":{"rendered":"<p>Eb\u00fb Han\u00eefe&#8217;ye bilimsel yeterlil\u011fiyle ilgili \u00f6teden beri baz\u0131 su\u00e7lamalar y\u00f6neltilmektedir. Bu su\u00e7lamalar bazen mezheb\u00ee taassup ve mezhebinin \u00e7ok geni\u015f bir kitleye ula\u015fmas\u0131n\u0131n k\u0131skan\u0131lmas\u0131ndan, bazen de takip<span class=\"excerpt-hellip\"> [\u2026]<\/span><\/p>\n","protected":false},"featured_media":0,"template":"","meta":{"_monsterinsights_skip_tracking":false,"_monsterinsights_sitenote_active":false,"_monsterinsights_sitenote_note":"","_monsterinsights_sitenote_category":0},"product_brand":[],"product_cat":[13036,12718,12719],"product_tag":[],"class_list":{"0":"post-782416","1":"product","2":"type-product","3":"status-publish","5":"product_cat-arastirma-inceleme-islam","6":"product_cat-din","7":"product_cat-islam","8":"pa_cilt-ciltsiz","9":"pa_tur-kitap","10":"pa_yayinevi-takdim-kitap","11":"pa_yazar-muhammed-abdurresid-numani","13":"first","14":"instock","15":"sale","16":"shipping-taxable","17":"purchasable","18":"product-type-simple"},"_links":{"self":[{"href":"https:\/\/roveyayinevi.com.tr\/index.php\/wp-json\/wp\/v2\/product\/782416","targetHints":{"allow":["GET"]}}],"collection":[{"href":"https:\/\/roveyayinevi.com.tr\/index.php\/wp-json\/wp\/v2\/product"}],"about":[{"href":"https:\/\/roveyayinevi.com.tr\/index.php\/wp-json\/wp\/v2\/types\/product"}],"wp:attachment":[{"href":"https:\/\/roveyayinevi.com.tr\/index.php\/wp-json\/wp\/v2\/media?parent=782416"}],"wp:term":[{"taxonomy":"product_brand","embeddable":true,"href":"https:\/\/roveyayinevi.com.tr\/index.php\/wp-json\/wp\/v2\/product_brand?post=782416"},{"taxonomy":"product_cat","embeddable":true,"href":"https:\/\/roveyayinevi.com.tr\/index.php\/wp-json\/wp\/v2\/product_cat?post=782416"},{"taxonomy":"product_tag","embeddable":true,"href":"https:\/\/roveyayinevi.com.tr\/index.php\/wp-json\/wp\/v2\/product_tag?post=782416"}],"curies":[{"name":"wp","href":"https:\/\/api.w.org\/{rel}","templated":true}]}}