{"id":782413,"date":"2026-02-23T11:37:09","date_gmt":"2026-02-23T08:37:09","guid":{"rendered":"https:\/\/roveyayinevi.com.tr\/index.php\/urun\/sizofreni-2\/"},"modified":"2026-04-16T02:34:49","modified_gmt":"2026-04-15T23:34:49","slug":"sizofreni-2","status":"publish","type":"product","link":"https:\/\/roveyayinevi.com.tr\/index.php\/urun\/sizofreni-2\/","title":{"rendered":"\u015eizofreni"},"content":{"rendered":"<p>\u015eizofreni g\u00fcn\u00fcm\u00fczde bir\u00e7ok insan\u0131n mustarip oldu\u011fu, kesin tedavisi olmad\u0131\u011f\u0131 i\u00e7in umars\u0131z hastal\u0131klardan biri olarak g\u00f6r\u00fcl\u00fcr. Benim \u015fizofreniye ilgim gen\u00e7li\u011fimde ya\u015fad\u0131\u011f\u0131m elim bir tecr\u00fcbeye dayanmaktad\u0131r. Paranoid \u015fizofreni hastas\u0131 olan bir aile dostu, hastal\u0131\u011f\u0131n akut d\u00f6neminde kendisine zarar vereceklerini d\u00fc\u015f\u00fcnd\u00fc\u011f\u00fcnden iki o\u011flunun can\u0131na av t\u00fcfe\u011fi ile kastetmek istemi\u015f ve birini vurarak \u00f6ld\u00fcrm\u00fc\u015f, di\u011feri ise ka\u00e7abilmeyi ba\u015farm\u0131\u015ft\u0131. Evlat katili, hasta oldu\u011fu i\u00e7in hapse de\u011fil de kapal\u0131 klini\u011fe tedaviye g\u00f6nderilmi\u015fti. Bu durum ba\u015fta anne, karde\u015fi ve bizler \u00fczerinde derin bir tesir uyand\u0131m\u0131\u015ft\u0131. Hatta hasta kendine geldikten bir s\u00fcre sonra o\u011flunu \u00f6ld\u00fcrd\u00fc\u011f\u00fc vicdan azab\u0131 ile intihar giri\u015fiminde bulunmu\u015f, ancak ba\u015far\u0131l\u0131 olamam\u0131\u015ft\u0131. Ve bu da yetmemi\u015f anne, kocas\u0131 olan hastan\u0131n hayat\u0131n\u0131n son y\u0131llar\u0131nda ona bakmak zorunda kalm\u0131\u015ft\u0131. Bu olaydan \u00f6nceki hal, hareket ve tav\u0131rlar\u0131yla hasta \u00e7evresinde \u00e7ekinilen, \u015f\u00fcpheci, \u00e7evresini su\u00e7layan, alkol ba\u011f\u0131ml\u0131s\u0131, ba\u015fta e\u015fine ve \u00e7evresine eziyet eden bir yap\u0131ya sahip oldu\u011funu g\u00f6zlemlenmekteydi. T\u00fcm bunlar kitab\u0131m\u0131zda da bahsedece\u011fim\u011fz \u00fczere \u015fizofreni ve \u00f6zellikle paranoid \u015fizofreni, hastan\u0131n sadece kendisini de\u011fil, ba\u015fta aile bireyleri olmak \u00fczere, akrabalar\u0131, kom\u015fular\u0131 ve toplumu etkileyen kompleks bir hastal\u0131k oldu\u011fudur.<\/p>\n","protected":false},"excerpt":{"rendered":"<p>\u015eizofreni g\u00fcn\u00fcm\u00fczde bir\u00e7ok insan\u0131n mustarip oldu\u011fu, kesin tedavisi olmad\u0131\u011f\u0131 i\u00e7in umars\u0131z hastal\u0131klardan biri olarak g\u00f6r\u00fcl\u00fcr. Benim \u015fizofreniye ilgim gen\u00e7li\u011fimde ya\u015fad\u0131\u011f\u0131m elim bir tecr\u00fcbeye dayanmaktad\u0131r. Paranoid \u015fizofreni<span class=\"excerpt-hellip\"> [\u2026]<\/span><\/p>\n","protected":false},"featured_media":0,"template":"","meta":{"_monsterinsights_skip_tracking":false,"_monsterinsights_sitenote_active":false,"_monsterinsights_sitenote_note":"","_monsterinsights_sitenote_category":0},"product_brand":[],"product_cat":[12358,12357],"product_tag":[],"class_list":{"0":"post-782413","1":"product","2":"type-product","3":"status-publish","5":"product_cat-genel-psikoloji","6":"product_cat-psikoloji","7":"pa_cilt-ciltsiz","8":"pa_tur-kitap","9":"pa_yayinevi-urzeni-yayincilik","10":"pa_yazar-metin-yetim","12":"first","13":"instock","14":"sale","15":"shipping-taxable","16":"purchasable","17":"product-type-simple"},"_links":{"self":[{"href":"https:\/\/roveyayinevi.com.tr\/index.php\/wp-json\/wp\/v2\/product\/782413","targetHints":{"allow":["GET"]}}],"collection":[{"href":"https:\/\/roveyayinevi.com.tr\/index.php\/wp-json\/wp\/v2\/product"}],"about":[{"href":"https:\/\/roveyayinevi.com.tr\/index.php\/wp-json\/wp\/v2\/types\/product"}],"wp:attachment":[{"href":"https:\/\/roveyayinevi.com.tr\/index.php\/wp-json\/wp\/v2\/media?parent=782413"}],"wp:term":[{"taxonomy":"product_brand","embeddable":true,"href":"https:\/\/roveyayinevi.com.tr\/index.php\/wp-json\/wp\/v2\/product_brand?post=782413"},{"taxonomy":"product_cat","embeddable":true,"href":"https:\/\/roveyayinevi.com.tr\/index.php\/wp-json\/wp\/v2\/product_cat?post=782413"},{"taxonomy":"product_tag","embeddable":true,"href":"https:\/\/roveyayinevi.com.tr\/index.php\/wp-json\/wp\/v2\/product_tag?post=782413"}],"curies":[{"name":"wp","href":"https:\/\/api.w.org\/{rel}","templated":true}]}}