{"id":782412,"date":"2026-02-23T11:36:15","date_gmt":"2026-02-23T08:36:15","guid":{"rendered":"https:\/\/roveyayinevi.com.tr\/index.php\/urun\/chp-nasil-iktidar-olur\/"},"modified":"2026-04-16T02:34:09","modified_gmt":"2026-04-15T23:34:09","slug":"chp-nasil-iktidar-olur","status":"publish","type":"product","link":"https:\/\/roveyayinevi.com.tr\/index.php\/urun\/chp-nasil-iktidar-olur\/","title":{"rendered":"CHP Nas\u0131l \u0130ktidar Olur?"},"content":{"rendered":"<p>Atat\u00fcrk, CHP\u2019yi solcu bir parti olarak m\u0131 kurdu?Dindar se\u00e7men CHP\u2019yi ne zaman ve neden terk etti?Kemalizm CHP\u2019nin t\u00fcz\u00fc\u011f\u00fcnden ne zaman ve neden \u00e7\u0131kar\u0131ld\u0131?CHP\u2019de hizip \u00e7at\u0131\u015fmalar\u0131 ne zaman ve nas\u0131l ba\u015flad\u0131?Sosyal demokratlarla K\u00fcrt se\u00e7menin yollar\u0131 ne zaman birle\u015fti, ne zaman ayr\u0131ld\u0131?CHP G\u00fcneydo\u011fu\u2019dan neden silindi?CHP\u2019ye b\u00fcy\u00fck operasyon, Baykal\u2019\u0131n gidi\u015fi K\u0131l\u0131\u00e7daro\u011flu\u2019nun geli\u015fi nas\u0131l oldu?CHP dindar kesimden nas\u0131l oy al\u0131r?CHP G\u00fcneydo\u011fu\u2019da nas\u0131l var olabilir?Millet \u0130ttifak\u0131 yerine neden Demokratlar \u0130ttifak\u0131?T\u00fcrkiye Cumhuriyeti\u2019nin kurucu partisi olan CHP \u00fc\u00e7 b\u00fcy\u00fck d\u00f6n\u00fc\u015f\u00fcme imza att\u0131:Laik cumhuriyetin kurulu\u015fu ve egemenli\u011fin millete verilmesi, \u00e7ok partili sisteme ge\u00e7i\u015f, \u00fclkeyi sosyal demokrasiyle, sosyal devletle ve i\u015f\u00e7i haklar\u0131yla tan\u0131\u015ft\u0131rmas\u0131. Bug\u00fcn CHP\u2019nin d\u00f6rd\u00fcnc\u00fc bir iddias\u0131 var: \u00f6zg\u00fcrl\u00fck\u00e7\u00fc demokrasiyi yeniden in\u015fa etmek, T\u00fcrkiye\u2019yi laik ve \u00e7a\u011fda\u015f bir bilgi toplumuna d\u00f6n\u00fc\u015ft\u00fcrmek. CHP\u2019nin bu sorumlulu\u011fu yerine getirmesinin yolu da iktidar olmas\u0131ndan ge\u00e7iyor. Ancak CHP, 74 y\u0131ll\u0131k d\u00f6nemde sadece 15 y\u0131l ve ancak koalisyon orta\u011f\u0131 olarak iktidara gelebildi.Peki CHP nas\u0131l iktidar olacak?Deneyimli gazeteci yazar Fikret Bil\u00e2, sosyal demokrasi kavram\u0131n\u0131n \u00e7\u0131k\u0131\u015f\u0131ndan Avrupa soluna, T\u00fcrkiye\u2019de sol partilerin do\u011fu\u015fundan geli\u015fimine tarihsel bir yolculuktan sonra ge\u00e7mi\u015ften bug\u00fcne merkez sol partilerle birlikte CHP\u2019yi mercek alt\u0131na al\u0131yor. 1923\u2019ten 2023\u2019e ayr\u0131nt\u0131l\u0131 se\u00e7im sonu\u00e7lar\u0131, parti i\u00e7i tart\u0131\u015fmalar ve k\u0131r\u0131lma noktalar\u0131yla CHP\u2019yi iktidara ta\u015f\u0131yacak \u00f6nerilerde bulunuyor.<\/p>\n","protected":false},"excerpt":{"rendered":"<p>Atat\u00fcrk, CHP\u2019yi solcu bir parti olarak m\u0131 kurdu?Dindar se\u00e7men CHP\u2019yi ne zaman ve neden terk etti?Kemalizm CHP\u2019nin t\u00fcz\u00fc\u011f\u00fcnden ne zaman ve neden \u00e7\u0131kar\u0131ld\u0131?CHP\u2019de hizip \u00e7at\u0131\u015fmalar\u0131 ne<span class=\"excerpt-hellip\"> [\u2026]<\/span><\/p>\n","protected":false},"featured_media":0,"template":"","meta":{"_monsterinsights_skip_tracking":false,"_monsterinsights_sitenote_active":false,"_monsterinsights_sitenote_note":"","_monsterinsights_sitenote_category":0},"product_brand":[],"product_cat":[12370,12304],"product_tag":[],"class_list":{"0":"post-782412","1":"product","2":"type-product","3":"status-publish","5":"product_cat-arastirma-inceleme","6":"product_cat-tarih","7":"pa_cilt-ciltsiz","8":"pa_tur-kitap","9":"pa_yayinevi-dogan-kitap","10":"pa_yazar-fikret-bila","12":"first","13":"instock","14":"sale","15":"shipping-taxable","16":"purchasable","17":"product-type-simple"},"_links":{"self":[{"href":"https:\/\/roveyayinevi.com.tr\/index.php\/wp-json\/wp\/v2\/product\/782412","targetHints":{"allow":["GET"]}}],"collection":[{"href":"https:\/\/roveyayinevi.com.tr\/index.php\/wp-json\/wp\/v2\/product"}],"about":[{"href":"https:\/\/roveyayinevi.com.tr\/index.php\/wp-json\/wp\/v2\/types\/product"}],"wp:attachment":[{"href":"https:\/\/roveyayinevi.com.tr\/index.php\/wp-json\/wp\/v2\/media?parent=782412"}],"wp:term":[{"taxonomy":"product_brand","embeddable":true,"href":"https:\/\/roveyayinevi.com.tr\/index.php\/wp-json\/wp\/v2\/product_brand?post=782412"},{"taxonomy":"product_cat","embeddable":true,"href":"https:\/\/roveyayinevi.com.tr\/index.php\/wp-json\/wp\/v2\/product_cat?post=782412"},{"taxonomy":"product_tag","embeddable":true,"href":"https:\/\/roveyayinevi.com.tr\/index.php\/wp-json\/wp\/v2\/product_tag?post=782412"}],"curies":[{"name":"wp","href":"https:\/\/api.w.org\/{rel}","templated":true}]}}