{"id":782410,"date":"2026-02-23T11:35:28","date_gmt":"2026-02-23T08:35:28","guid":{"rendered":"https:\/\/roveyayinevi.com.tr\/index.php\/urun\/beslenme-uzmani-yalamis-yutmus\/"},"modified":"2026-04-16T02:34:03","modified_gmt":"2026-04-15T23:34:03","slug":"beslenme-uzmani-yalamis-yutmus","status":"publish","type":"product","link":"https:\/\/roveyayinevi.com.tr\/index.php\/urun\/beslenme-uzmani-yalamis-yutmus\/","title":{"rendered":"Beslenme Uzman\u0131 \u2013 Yalam\u0131\u015f Yutmu\u015f"},"content":{"rendered":"<p>Beslenme Uzman\u0131 \u2013 Yalam\u0131\u015f Yutmu\u015fR\u0131fat Batur  Say\u0131n Yalam\u0131\u015f Yutmu\u015f, Bu kitab\u0131 yiyene kadar&#8230; Ay pardon!! Okuyana kadar beslenmeme dikkat etmiyor; karpuzu bile ekmek aras\u0131nda yiyordum. Ac\u0131k\u0131nca g\u00f6z\u00fcm d\u00f6n\u00fcyor, arkada\u015f\u0131m Umut\u2019un parma\u011f\u0131n\u0131 sosis gibi g\u00f6r\u00fcyordum ve hep merak ediyordum: Hangi besin kas yapar, hangisi saf yapar? Kat\u0131r kutur mu beslensek, \u015fapur \u015fupur mu? Ha\u015flanm\u0131\u015f odun mu yemeli, do\u011franm\u0131\u015f demir mi? Hangisi ak\u0131l geli\u015ftirir, hangisi \u00e7ene gev\u015fetir? Neyse ki, kitab\u0131n\u0131z sayesinde b\u00fct\u00fcn sorular\u0131ma cevap buldum. \u00c7ok komiksiniz bunu da s\u00f6ylemeliyim. Neredeyse unutuyordum, kitab\u0131n\u0131z\u0131 okumaya ba\u015flad\u0131\u011f\u0131mda g\u00f6be\u011fim vard\u0131, ama ne olduysa birden kayboldu. Sizce nereye gitmi\u015f olabilir?<\/p>\n","protected":false},"excerpt":{"rendered":"<p>Beslenme Uzman\u0131 \u2013 Yalam\u0131\u015f Yutmu\u015fR\u0131fat Batur Say\u0131n Yalam\u0131\u015f Yutmu\u015f, Bu kitab\u0131 yiyene kadar&#8230; Ay pardon!! Okuyana kadar beslenmeme dikkat etmiyor; karpuzu bile ekmek aras\u0131nda yiyordum. Ac\u0131k\u0131nca<span class=\"excerpt-hellip\"> [\u2026]<\/span><\/p>\n","protected":false},"featured_media":0,"template":"","meta":{"_monsterinsights_skip_tracking":false,"_monsterinsights_sitenote_active":false,"_monsterinsights_sitenote_note":"","_monsterinsights_sitenote_category":0},"product_brand":[],"product_cat":[12274,12631],"product_tag":[],"class_list":{"0":"post-782410","1":"product","2":"type-product","3":"status-publish","5":"product_cat-cocuk-ve-genclik-kitaplari","6":"product_cat-diger-cocuk-ve-genclik-kitaplari","7":"pa_cilt-ciltsiz","8":"pa_tur-kitap","9":"pa_yayinevi-epsilon-ozel-urun","10":"pa_yazar-rifat-batur","12":"first","13":"instock","14":"sale","15":"shipping-taxable","16":"purchasable","17":"product-type-simple"},"_links":{"self":[{"href":"https:\/\/roveyayinevi.com.tr\/index.php\/wp-json\/wp\/v2\/product\/782410","targetHints":{"allow":["GET"]}}],"collection":[{"href":"https:\/\/roveyayinevi.com.tr\/index.php\/wp-json\/wp\/v2\/product"}],"about":[{"href":"https:\/\/roveyayinevi.com.tr\/index.php\/wp-json\/wp\/v2\/types\/product"}],"wp:attachment":[{"href":"https:\/\/roveyayinevi.com.tr\/index.php\/wp-json\/wp\/v2\/media?parent=782410"}],"wp:term":[{"taxonomy":"product_brand","embeddable":true,"href":"https:\/\/roveyayinevi.com.tr\/index.php\/wp-json\/wp\/v2\/product_brand?post=782410"},{"taxonomy":"product_cat","embeddable":true,"href":"https:\/\/roveyayinevi.com.tr\/index.php\/wp-json\/wp\/v2\/product_cat?post=782410"},{"taxonomy":"product_tag","embeddable":true,"href":"https:\/\/roveyayinevi.com.tr\/index.php\/wp-json\/wp\/v2\/product_tag?post=782410"}],"curies":[{"name":"wp","href":"https:\/\/api.w.org\/{rel}","templated":true}]}}