{"id":782409,"date":"2026-02-23T11:35:16","date_gmt":"2026-02-23T08:35:16","guid":{"rendered":"https:\/\/roveyayinevi.com.tr\/index.php\/urun\/bebek-dokun-ve-hisset-bici-bici\/"},"modified":"2026-04-16T02:33:42","modified_gmt":"2026-04-15T23:33:42","slug":"bebek-dokun-ve-hisset-bici-bici","status":"publish","type":"product","link":"https:\/\/roveyayinevi.com.tr\/index.php\/urun\/bebek-dokun-ve-hisset-bici-bici\/","title":{"rendered":"Bebek Dokun Ve Hisset \u2013 B\u0131c\u0131 ! B\u0131c\u0131 !"},"content":{"rendered":"<p>Minik ay\u0131c\u0131kl b\u0131c\u0131 b\u0131c\u0131 yap\u0131yor! Plastik \u00f6rdeklerden yumu\u015fac\u0131k havuzlara, bu kitapla bebe\u011finiz hem pek \u00e7ok doku vekavramla tan\u0131\u015facak, hem de ilk kelimelerini \u00f6\u011frenecek.<\/p>\n","protected":false},"excerpt":{"rendered":"<p>Minik ay\u0131c\u0131kl b\u0131c\u0131 b\u0131c\u0131 yap\u0131yor! Plastik \u00f6rdeklerden yumu\u015fac\u0131k havuzlara, bu kitapla bebe\u011finiz hem pek \u00e7ok doku vekavramla tan\u0131\u015facak, hem de ilk kelimelerini \u00f6\u011frenecek.<\/p>\n","protected":false},"featured_media":0,"template":"","meta":{"_monsterinsights_skip_tracking":false,"_monsterinsights_sitenote_active":false,"_monsterinsights_sitenote_note":"","_monsterinsights_sitenote_category":0},"product_brand":[],"product_cat":[12274],"product_tag":[],"class_list":{"0":"post-782409","1":"product","2":"type-product","3":"status-publish","5":"product_cat-cocuk-ve-genclik-kitaplari","6":"pa_cilt-ciltli","7":"pa_tur-kitap","8":"pa_yayinevi-pearson-cocuk-kitaplari","9":"pa_yazar-pearson-kolektif","11":"first","12":"instock","13":"sale","14":"shipping-taxable","15":"purchasable","16":"product-type-simple"},"_links":{"self":[{"href":"https:\/\/roveyayinevi.com.tr\/index.php\/wp-json\/wp\/v2\/product\/782409","targetHints":{"allow":["GET"]}}],"collection":[{"href":"https:\/\/roveyayinevi.com.tr\/index.php\/wp-json\/wp\/v2\/product"}],"about":[{"href":"https:\/\/roveyayinevi.com.tr\/index.php\/wp-json\/wp\/v2\/types\/product"}],"wp:attachment":[{"href":"https:\/\/roveyayinevi.com.tr\/index.php\/wp-json\/wp\/v2\/media?parent=782409"}],"wp:term":[{"taxonomy":"product_brand","embeddable":true,"href":"https:\/\/roveyayinevi.com.tr\/index.php\/wp-json\/wp\/v2\/product_brand?post=782409"},{"taxonomy":"product_cat","embeddable":true,"href":"https:\/\/roveyayinevi.com.tr\/index.php\/wp-json\/wp\/v2\/product_cat?post=782409"},{"taxonomy":"product_tag","embeddable":true,"href":"https:\/\/roveyayinevi.com.tr\/index.php\/wp-json\/wp\/v2\/product_tag?post=782409"}],"curies":[{"name":"wp","href":"https:\/\/api.w.org\/{rel}","templated":true}]}}