{"id":782408,"date":"2026-02-23T11:35:06","date_gmt":"2026-02-23T08:35:06","guid":{"rendered":"https:\/\/roveyayinevi.com.tr\/index.php\/urun\/psikiyatri-arastirmalari\/"},"modified":"2026-04-16T02:33:37","modified_gmt":"2026-04-15T23:33:37","slug":"psikiyatri-arastirmalari","status":"publish","type":"product","link":"https:\/\/roveyayinevi.com.tr\/index.php\/urun\/psikiyatri-arastirmalari\/","title":{"rendered":"Psikiyatri Ara\u015ft\u0131rmalar\u0131"},"content":{"rendered":"<p>Toplu Eserlerin birincisi olan bu cilt, betimleyici psikiyatri alan\u0131ndaki \u00e7al\u0131\u015fmalar\u0131 kapsamaya yeterlidir. Kitap, Jung\u2019un yay\u0131mlanan ilk \u00e7al\u0131\u015fmas\u0131 olan doktora teziyle yani sonraki \u00e7al\u0131\u015fmalar\u0131na \u00e7er\u00e7eve olu\u015fturan bir inceleme olan \u201cOk\u00fclt Denen Fenomenlerin Psikolojisi ve Patolojisi \u00dcst\u00fcne\u201d ile ba\u015flar. Di\u011fer makaleler ise ya do\u011frudan histeri \u00fczerinedir ya da kriptomnezi, manik bozukluk ve delilik taklidi gibi histeriyle ba\u011flant\u0131l\u0131 olan rahats\u0131zl\u0131klarla ilgilidir.Jung\u2019un kariyerinin ilk d\u00f6neminde 1902-1905 aras\u0131nda yay\u0131nlad\u0131\u011f\u0131 bu makaleler, Paris\u2019te Salp\u00eatri\u00e8re Hastanesinde ona rehberlik eden Pierre Janet\u2019nin ve Z\u00fcrih\u2019te Burgh\u00f6lzli Hastanesinde ona m\u00fcd\u00fcrl\u00fck yapan Eugen Bleuler\u2019in etkilerini g\u00f6rmek a\u00e7\u0131s\u0131ndan da \u00f6nemlidir.<\/p>\n","protected":false},"excerpt":{"rendered":"<p>Toplu Eserlerin birincisi olan bu cilt, betimleyici psikiyatri alan\u0131ndaki \u00e7al\u0131\u015fmalar\u0131 kapsamaya yeterlidir. Kitap, Jung\u2019un yay\u0131mlanan ilk \u00e7al\u0131\u015fmas\u0131 olan doktora teziyle yani sonraki \u00e7al\u0131\u015fmalar\u0131na \u00e7er\u00e7eve olu\u015fturan bir<span class=\"excerpt-hellip\"> [\u2026]<\/span><\/p>\n","protected":false},"featured_media":0,"template":"","meta":{"_monsterinsights_skip_tracking":false,"_monsterinsights_sitenote_active":false,"_monsterinsights_sitenote_note":"","_monsterinsights_sitenote_category":0},"product_brand":[],"product_cat":[12358,12357],"product_tag":[],"class_list":{"0":"post-782408","1":"product","2":"type-product","3":"status-publish","5":"product_cat-genel-psikoloji","6":"product_cat-psikoloji","7":"pa_cilt-ciltsiz","8":"pa_tur-kitap","9":"pa_yayinevi-pinhan-yayincilik","10":"pa_yazar-carl-gustav-jung","12":"first","13":"instock","14":"sale","15":"shipping-taxable","16":"purchasable","17":"product-type-simple"},"_links":{"self":[{"href":"https:\/\/roveyayinevi.com.tr\/index.php\/wp-json\/wp\/v2\/product\/782408","targetHints":{"allow":["GET"]}}],"collection":[{"href":"https:\/\/roveyayinevi.com.tr\/index.php\/wp-json\/wp\/v2\/product"}],"about":[{"href":"https:\/\/roveyayinevi.com.tr\/index.php\/wp-json\/wp\/v2\/types\/product"}],"wp:attachment":[{"href":"https:\/\/roveyayinevi.com.tr\/index.php\/wp-json\/wp\/v2\/media?parent=782408"}],"wp:term":[{"taxonomy":"product_brand","embeddable":true,"href":"https:\/\/roveyayinevi.com.tr\/index.php\/wp-json\/wp\/v2\/product_brand?post=782408"},{"taxonomy":"product_cat","embeddable":true,"href":"https:\/\/roveyayinevi.com.tr\/index.php\/wp-json\/wp\/v2\/product_cat?post=782408"},{"taxonomy":"product_tag","embeddable":true,"href":"https:\/\/roveyayinevi.com.tr\/index.php\/wp-json\/wp\/v2\/product_tag?post=782408"}],"curies":[{"name":"wp","href":"https:\/\/api.w.org\/{rel}","templated":true}]}}