{"id":782407,"date":"2026-02-23T11:34:16","date_gmt":"2026-02-23T08:34:16","guid":{"rendered":"https:\/\/roveyayinevi.com.tr\/index.php\/urun\/catisan-kulturler\/"},"modified":"2026-04-16T02:33:28","modified_gmt":"2026-04-15T23:33:28","slug":"catisan-kulturler","status":"publish","type":"product","link":"https:\/\/roveyayinevi.com.tr\/index.php\/urun\/catisan-kulturler\/","title":{"rendered":"\u00c7at\u0131\u015fan K\u00fclt\u00fcrler"},"content":{"rendered":"<p>\u201cG\u00fcn\u00fcm\u00fczde ba\u015fka k\u00fclt\u00fcrlerin incelenmesini de\u011ferli ve \u00f6nemli k\u0131lan birinci neden, onlar\u0131 kendi ya\u015fam ko\u015fullar\u0131nda tan\u0131maksa, ikinci neden de kendi k\u00fclt\u00fcr\u00fcm\u00fcz\u00fc daha derin ve daha ger\u00e7ek\u00e7i bir bi\u00e7imde anlaman\u0131n yolunun \u00f6teki k\u00fclt\u00fcrleri incelemekten ge\u00e7mesidir.\u201dBernard Lewis tarih\u00e7ilerin, \u00f6zellikle de \u0130slam tarih\u00e7ilerinin \u201cduayen\u201dlerinden biridir. Lewis M\u00fcsl\u00fcman, Hristiyan ve Yahudi k\u00fclt\u00fcrlerinin, tarihin belli bir an\u0131ndaki \u00e7at\u0131\u015fmas\u0131n\u0131 ele al\u0131yor. \u0130ber Yar\u0131madas\u0131\u2019ndaki \u0130slam egemenli\u011finin sona erdi\u011fi, Yahudilerin bu topraklardan \u00e7\u0131kar\u0131ld\u0131\u011f\u0131, Amerika\u2019n\u0131n ke\u015ffedildi\u011fi y\u0131l: 1492. Yazar bu zirve y\u0131lda ya\u015fanan ve \u00e7\u0131\u011f\u0131r a\u00e7an bu \u00fc\u00e7 s\u00fcrecin birbiriyle ili\u015fkisini, etkile\u015fimlerini ve sonu\u00e7lar\u0131n\u0131 tarihsel bir \u00e7er\u00e7evede zarafet ve bilgelikle inceliyor. Avrupa\u2019y\u0131 merkeze alan tarih anlay\u0131\u015f\u0131n\u0131 ele\u015ftirirken bu k\u0131tan\u0131n d\u00fcnya uygarl\u0131\u011f\u0131na yapt\u0131\u011f\u0131 katk\u0131lar\u0131 da g\u00f6rmezden gelmiyor; dogmatizmden uzak, \u00e7\u00f6z\u00fcmlemeci bilimsel anlay\u0131\u015f\u0131 ve etkileyici \u00fcslubuyla bize bir d\u00f6nemin \u00e7arp\u0131c\u0131 bir tablosunu \u00e7iziyor.<\/p>\n","protected":false},"excerpt":{"rendered":"<p>\u201cG\u00fcn\u00fcm\u00fczde ba\u015fka k\u00fclt\u00fcrlerin incelenmesini de\u011ferli ve \u00f6nemli k\u0131lan birinci neden, onlar\u0131 kendi ya\u015fam ko\u015fullar\u0131nda tan\u0131maksa, ikinci neden de kendi k\u00fclt\u00fcr\u00fcm\u00fcz\u00fc daha derin ve daha ger\u00e7ek\u00e7i bir<span class=\"excerpt-hellip\"> [\u2026]<\/span><\/p>\n","protected":false},"featured_media":0,"template":"","meta":{"_monsterinsights_skip_tracking":false,"_monsterinsights_sitenote_active":false,"_monsterinsights_sitenote_note":"","_monsterinsights_sitenote_category":0},"product_brand":[],"product_cat":[12312,12304],"product_tag":[],"class_list":{"0":"post-782407","1":"product","2":"type-product","3":"status-publish","5":"product_cat-diger","6":"product_cat-tarih","7":"pa_cilt-ciltsiz","8":"pa_tur-kitap","9":"pa_yayinevi-profil-kitap","10":"pa_yazar-bernard-lewis","12":"first","13":"instock","14":"sale","15":"shipping-taxable","16":"purchasable","17":"product-type-simple"},"_links":{"self":[{"href":"https:\/\/roveyayinevi.com.tr\/index.php\/wp-json\/wp\/v2\/product\/782407","targetHints":{"allow":["GET"]}}],"collection":[{"href":"https:\/\/roveyayinevi.com.tr\/index.php\/wp-json\/wp\/v2\/product"}],"about":[{"href":"https:\/\/roveyayinevi.com.tr\/index.php\/wp-json\/wp\/v2\/types\/product"}],"wp:attachment":[{"href":"https:\/\/roveyayinevi.com.tr\/index.php\/wp-json\/wp\/v2\/media?parent=782407"}],"wp:term":[{"taxonomy":"product_brand","embeddable":true,"href":"https:\/\/roveyayinevi.com.tr\/index.php\/wp-json\/wp\/v2\/product_brand?post=782407"},{"taxonomy":"product_cat","embeddable":true,"href":"https:\/\/roveyayinevi.com.tr\/index.php\/wp-json\/wp\/v2\/product_cat?post=782407"},{"taxonomy":"product_tag","embeddable":true,"href":"https:\/\/roveyayinevi.com.tr\/index.php\/wp-json\/wp\/v2\/product_tag?post=782407"}],"curies":[{"name":"wp","href":"https:\/\/api.w.org\/{rel}","templated":true}]}}